{"id":8244,"date":"2024-09-05T12:46:39","date_gmt":"2024-09-05T10:46:39","guid":{"rendered":"https:\/\/satdi.umh.es\/?page_id=8244"},"modified":"2026-03-13T14:39:46","modified_gmt":"2026-03-13T13:39:46","slug":"gestion-de-residuos-peligrosos","status":"publish","type":"page","link":"https:\/\/satdi.umh.es\/ca\/informacion-ambiental\/objetivos-ambientales-satdi\/gestion-de-residuos-peligrosos\/","title":{"rendered":"Gesti\u00f3 de residus perillosos"},"content":{"rendered":"<p><strong><span dir=\"auto\" style=\"vertical-align: inherit\"><span dir=\"auto\" style=\"vertical-align: inherit\">RESIDUS PERILLOSOS<\/span><\/span><\/strong><\/p>\n<p><span dir=\"auto\" style=\"vertical-align: inherit\"><span dir=\"auto\" style=\"vertical-align: inherit\">Documents d&#8217;inter\u00e8s per a la gesti\u00f3 de residus perillosos:<\/span><\/span><\/p>\n<ul>\n<li><a href=\"https:\/\/satdi.umh.es\/files\/2020\/04\/Clasificaci\u00f3n-de-Residuos-Peligrosos-en-Laboratorios-y-Talleres-UMH.pdf\"><span dir=\"auto\" style=\"vertical-align: inherit\"><span dir=\"auto\" style=\"vertical-align: inherit\">Guia de classificaci\u00f3 de residus perillosos a laboratoris i tallers UMH (.pdf)<\/span><\/span><\/a><span dir=\"auto\" style=\"vertical-align: inherit\"><span dir=\"auto\" style=\"vertical-align: inherit\"> 177Kb<\/span><\/span><\/li>\n<li><a href=\"https:\/\/satdi.umh.es\/files\/2020\/04\/Incompatibilidades-entre-sustancias-qu\u00edmicas.pdf\"><span dir=\"auto\" style=\"vertical-align: inherit\"><span dir=\"auto\" style=\"vertical-align: inherit\">Taula d\u00b4incompatibilitats qu\u00edmiques (.pdf)<\/span><\/span><\/a><span dir=\"auto\" style=\"vertical-align: inherit\"><span dir=\"auto\" style=\"vertical-align: inherit\"> 94Kb<\/span><\/span><\/li>\n<li><a href=\"https:\/\/satdi.umh.es\/files\/2020\/05\/Solicitud_Retirada_RP_v18.1.doc\"><span dir=\"auto\" style=\"vertical-align: inherit\"><span dir=\"auto\" style=\"vertical-align: inherit\">Formulari per sol\u00b7licitar la recollida de RP i envasos buits (.doc)<\/span><\/span><\/a><span dir=\"auto\" style=\"vertical-align: inherit\"><span dir=\"auto\" style=\"vertical-align: inherit\"> 67Kb<\/span><\/span><\/li>\n<li><a href=\"https:\/\/www.umhsostenible.com\/formulario\/residuospeligrosos\"><span dir=\"auto\" style=\"vertical-align: inherit\"><span dir=\"auto\" style=\"vertical-align: inherit\">Formulari enviament per a recollida de residus perillosos<\/span><\/span><\/a><\/li>\n<li><a href=\"https:\/\/umhsostenible.us4.list-manage.com\/track\/click?u=d37db0d10ead6d0742f895c6a&amp;id=0f580fcdda&amp;e=4a3d7ef828\"><span dir=\"auto\" style=\"vertical-align: inherit\"><span dir=\"auto\" style=\"vertical-align: inherit\">Calendari anual de recollides generals de residus perillosos a laboratoris UMH (2025)<\/span><\/span><\/a><\/li>\n<li><a href=\"https:\/\/satdi.umh.es\/files\/2026\/03\/202510-Protocolo-RAEES-laboratorios.pdf\">Protocol d&#8217;eliminaci\u00f3 de residus d&#8217;aparells el\u00e8ctrics i electr\u00f2nics (RAEE) de laboratoris i tallers (pdf)<\/a> 125Kb<\/li>\n<\/ul>\n<p>&nbsp;<\/p>\n<p>&nbsp;<\/p>","protected":false},"excerpt":{"rendered":"<p>RESIDUS PERILLOSOS<br \/>\nDocuments d&#8217;inter\u00e8s per a la gesti\u00f3 de residus perillosos:<\/p>\n<p>Guia de classificaci\u00f3 de residus perillosos a laboratoris i tallers UMH (.pdf) 177Kb<br \/>\nTaula d\u00b4incompatibilitats qu\u00edmiques (.pdf) 94Kb<br \/>\nFormulari per sol\u00b7licitar la recollida de RP i envasos buits (.doc) 67Kb<br \/>\nFormulari enviament per a recollida de residus perillosos<br \/>\nCalendari anual de recollides generals de residus perillosos a laboratoris UMH (2025)<br \/>\nProtocol [&#8230;]<\/p>\n","protected":false},"author":3770,"featured_media":0,"parent":8214,"menu_order":2,"comment_status":"closed","ping_status":"closed","template":"","meta":{"_links_to":"","_links_to_target":""},"_links":{"self":[{"href":"https:\/\/satdi.umh.es\/ca\/wp-json\/wp\/v2\/pages\/8244"}],"collection":[{"href":"https:\/\/satdi.umh.es\/ca\/wp-json\/wp\/v2\/pages"}],"about":[{"href":"https:\/\/satdi.umh.es\/ca\/wp-json\/wp\/v2\/types\/page"}],"author":[{"embeddable":true,"href":"https:\/\/satdi.umh.es\/ca\/wp-json\/wp\/v2\/users\/3770"}],"replies":[{"embeddable":true,"href":"https:\/\/satdi.umh.es\/ca\/wp-json\/wp\/v2\/comments?post=8244"}],"version-history":[{"count":0,"href":"https:\/\/satdi.umh.es\/ca\/wp-json\/wp\/v2\/pages\/8244\/revisions"}],"up":[{"embeddable":true,"href":"https:\/\/satdi.umh.es\/ca\/wp-json\/wp\/v2\/pages\/8214"}],"wp:attachment":[{"href":"https:\/\/satdi.umh.es\/ca\/wp-json\/wp\/v2\/media?parent=8244"}],"curies":[{"name":"wp","href":"https:\/\/api.w.org\/{rel}","templated":true}]}}