{"id":8759,"date":"2024-11-05T16:18:51","date_gmt":"2024-11-05T15:18:51","guid":{"rendered":"https:\/\/satdi.umh.es\/?page_id=8759"},"modified":"2026-01-29T20:03:09","modified_gmt":"2026-01-29T19:03:09","slug":"satdi-ic-sistema-de-cromatografia-liquida-uhplc-detector-lcms-8050-nexera-shimadzu","status":"publish","type":"page","link":"https:\/\/satdi.umh.es\/ca\/servicios-prestados\/instrumentacioncientifica\/servicios_ofertados\/servicios_ofertados-satdi-ic-cromatografia\/satdi-ic-sistema-de-cromatografia-liquida-uhplc-detector-lcms-8050-nexera-shimadzu\/","title":{"rendered":"SATDI-IC: Sistema de Cromatografia L\u00edquida (uHPLC) &#8211; detector LCMS-8050 (NEXERA, Shimadzu)"},"content":{"rendered":"<p><!-- DIV 0 - CONTENEDOR PRINCIPAL - INICIO --><\/p>\n<div style=\"border: 0px solid #CCC;padding-top: 0em;margin: 0em 0em 0em 0em;width: 100%;float: left\">\n<p><!--**********************************************************--><!-- DIV 1 - CONTENEDOR CONTENIDO - INICIO --><\/p>\n<div style=\"border: 0px solid #111;padding-top: 0em;margin: 0em 0em 0em 0em;width: 100%;float: left\">\n<p><!--**********************************************************--><\/p>\n<p><!-- DIV 2 - EQUIPAMIENTO - INICIO--><\/p>\n<div style=\"border: 0px solid #CCC;background-color: none;padding: 0em;margin: 0em 0em 0em 0em;float: left;width: 100%;vertical-align: top\">\n<p><!-- DIV EQUIPAMIENTO - NOMBRE - INICIO --><\/p>\n<div style=\"border: 0px solid #CCC;padding-left: 1.5em;margin: 0em 0em 0em 0em;float: left;width: 100%;vertical-align: middle\">\n<p style=\"color: #666666;font-size: 1.5em\" align=\"justify\"><strong><span dir=\"auto\" style=\"vertical-align: inherit\"><span dir=\"auto\" style=\"vertical-align: inherit\">Equipament<\/span><\/span><\/strong><\/p>\n<\/div>\n<p><!-- DIV EQUIPAMIENTO - NOMBRE - FIN --><\/p>\n<p><!-- TABLA - EQUIPAMIENTO - INICIO --><\/p>\n<table style=\"border: 0px solid #CCC;background-color: #ddd;float: left;width: 100%;text-align: center\">\n<tbody>\n<tr style=\"border: 0px solid #FFF\">\n<td style=\"border: 0px solid #CCC;padding: 0.5em;width: 40%\" colspan=\"1\">\n<p align=\"justify\"><strong><span dir=\"auto\" style=\"vertical-align: inherit\"><span dir=\"auto\" style=\"vertical-align: inherit\">Sistema de Cromatografia L\u00edquida (uHPLC) acoblat a un detector d&#8217;espectrometria de masses amb triple quadrupol LCMS-8050<\/span><\/span><br \/>\n<\/strong><\/p>\n<p style=\"color: #666666\" align=\"justify\"><strong><span dir=\"auto\" style=\"vertical-align: inherit\"><span dir=\"auto\" style=\"vertical-align: inherit\">NEXERA (Shimadzu)<\/span><\/span><\/strong><\/p>\n<\/td>\n<td style=\"border: 0px solid #CCC;padding: 0.5em;width: 52.5%\" colspan=\"1\" valign=\"center\">\n<p align=\"right\"><span style=\"color: #a31c19\"><strong><span dir=\"auto\" style=\"vertical-align: inherit\"><span dir=\"auto\" style=\"vertical-align: inherit\">Campus d&#8217;ELX<\/span><\/span><\/strong><\/span><\/p>\n<\/td>\n<td style=\"border: 0px solid #CCC;padding: 0.5em;width: 7.5%;text-align: right\" colspan=\"1\" valign=\"top\"><img src=\"https:\/\/satdi.umh.es\/files\/2024\/01\/Imagen_LogoSATDI-IC.png\" alt=\"Logo SATDI-IC\" width=\"90%\" \/><\/td>\n<\/tr>\n<tr style=\"border: 0px solid #FFF;height: auto\">\n<td style=\"border: 0px solid #CCC;padding: 0.5em;vertical-align: top;width: 35%\" rowspan=\"2\"><img loading=\"lazy\" src=\"https:\/\/satdi.umh.es\/files\/2025\/09\/imagen_SistemaCromatografiaUHPLC_NexeraShimadzu_campusElche.jpg\" alt=\"imatge_SistemaCromatografiaUHPLC_NexeraShimadzu_campusElx\" width=\"100%\" height=\"100%\" \/><\/td>\n<td style=\"border: 0px solid #CCC;padding: 0.5em;vertical-align: top;width: 65%\" colspan=\"2\">\n<p align=\"justify\"><span dir=\"auto\" style=\"vertical-align: inherit\"><span dir=\"auto\" style=\"vertical-align: inherit\">Sistema de Cromatografia L\u00edquida d&#8217;Ultra Alta Pressi\u00f3 (uHPLC) Shimadzu, de la s\u00e8rie NEXERA, acoblat a un detector d&#8217;espectrometria de masses amb triple quadrupol model LCMS-8050 per a masses en t\u00e0ndem (QqQ-MS\/MS). Els equips de uHPLC permeten accelerar els procediments de cromatografia l\u00edquida, incrementar la productivitat i disminuir el consum de fase m\u00f2bil reduint els costos i p\u00e8rdues, amb els conseg\u00fcents avantatges en el desenvolupament de processos anal\u00edtics als camps farmac\u00e8utic, alimentari i cosm\u00e8tic. L&#8217;acoblament d&#8217;aquest cromat\u00f2graf l\u00edquid a un detector d&#8217;espectrometria de masses de QqQ d&#8217;alta velocitat d&#8217;escombrada (&gt;15.000 umes\/s) permet el desenvolupament de m\u00e8todes altament robustos i reprodu\u00efbles, reduir els temps d&#8217;an\u00e0lisi davant dels m\u00e8todes convencionals, a causa dels elevats corrents d&#8217;ions generats, i assolir els elevats corrents d&#8217;ions generats.<\/span><\/span><\/p>\n<\/td>\n<\/tr>\n<tr style=\"border: 0px solid #FFF\">\n<td style=\"border: 0px solid #EEE;padding: 0.5em;height: 10%;width: 65%\" colspan=\"2\" valign=\"center\">\n<p align=\"left\"><strong>\u00a0<\/strong><\/p>\n<\/td>\n<\/tr>\n<tr style=\"border: 0px solid #FFF\">\n<td style=\"border: 0px solid #CCC;padding: 0.5em;width: 100%\" colspan=\"3\">\n<p align=\"justify\"><span dir=\"auto\" style=\"vertical-align: inherit\"><span dir=\"auto\" style=\"vertical-align: inherit\">La sensibilitat d&#8217;aquest equip permet assolir un l\u00edmit de detecci\u00f3 de l&#8217;ordre del picogram en mode MRM, cosa que el fa especialment indicat per a l&#8217;an\u00e0lisi quantitativa de tot tipus de mol\u00e8cules: compostos org\u00e0nics, metab\u00f2lits, p\u00e8ptids tr\u00edptics, additius, f\u00e0rmacs, pesticides, etc. D&#8217;altra banda, aquest equip tamb\u00e9 ofereix resolucions per sota de la unitat de massa (R &lt; 0.7 FWHM) per a la identificaci\u00f3 de compostos, a m\u00e9s de la possibilitat de fer masses en t\u00e0ndem per a an\u00e0lisi estructural. Entre les m\u00faltiples aplicacions d&#8217;aquest equip hi ha:<\/span><\/span><\/p>\n<ul>\n<li>\n<p align=\"justify\"><span dir=\"auto\" style=\"vertical-align: inherit\"><span dir=\"auto\" style=\"vertical-align: inherit\">Nanotecnologia, per a avaluaci\u00f3 de la c\u00e0rrega i desc\u00e0rrega de compostos en nanofibres i nanopart\u00edcules.<\/span><\/span><\/p>\n<\/li>\n<li>\n<p align=\"justify\"><span dir=\"auto\" style=\"vertical-align: inherit\"><span dir=\"auto\" style=\"vertical-align: inherit\">Ind\u00fastria cosm\u00e8tica: identificaci\u00f3 i quantificaci\u00f3 de productes farmac\u00e8utics i de cura personal (PPCPs), conservants, perfil fosfolip\u00eddic, etc.<\/span><\/span><\/p>\n<\/li>\n<li>\n<p align=\"justify\"><span dir=\"auto\" style=\"vertical-align: inherit\"><span dir=\"auto\" style=\"vertical-align: inherit\">Seguretat aliment\u00e0ria: determinaci\u00f3 de pesticides residuals en extractes bot\u00e0nics, quantificaci\u00f3 de metab\u00f2lits d&#8217;antibi\u00f2tics en mostres aliment\u00e0ries, qualitat d&#8217;aig\u00fces i an\u00e0lisi toxicol\u00f2gica.<\/span><\/span><\/p>\n<\/li>\n<li>\n<p align=\"justify\"><span dir=\"auto\" style=\"vertical-align: inherit\"><span dir=\"auto\" style=\"vertical-align: inherit\">Metabol\u00f2mica: quantificaci\u00f3 altament sensible de metab\u00f2lits de f\u00e0rmacs i xenobi\u00f2tics.<\/span><\/span><\/p>\n<\/li>\n<li>\n<p align=\"justify\"><span dir=\"auto\" style=\"vertical-align: inherit\"><span dir=\"auto\" style=\"vertical-align: inherit\">Prote\u00f2mica: identificaci\u00f3 de p\u00e8ptids, especialment adequat per a estudis de quantificaci\u00f3 dexpressi\u00f3 g\u00e8nica i prote\u00f2mica quantitativa (ICAT, iTRAQ, SILAC).<\/span><\/span><\/p>\n<\/li>\n<\/ul>\n<\/td>\n<\/tr>\n<\/tbody>\n<\/table>\n<p><!-- TABLA - EQUIPAMIENTO - FIN --><\/p>\n<\/div>\n<p><!-- DIV 2 - EQUIPAMIENTO - FIN--><\/p>\n<p><!--**********************************************************--><br \/>\n<!--**********************************************************--><\/p>\n<p><!-- DIV SEPARADOR - INICIO --><\/p>\n<div style=\"border: 0px solid #CCC;padding: 0em;margin: 0em 0em 0em 0em;float: left;width: 100%;height: 5em;vertical-align: top\"><\/div>\n<p><!-- DIV SEPARADOR - FIN --><\/p>\n<p><!--**********************************************************--><\/p>\n<p><!-- DIV BARRA GRIS IZQUIERDA - INICIO --><\/p>\n<div style=\"border: 2px solid #CCC;padding: 0em;margin: 0em 0em 0em 0em;float: left;width: 30%;height: 0em;vertical-align: top\"><\/div>\n<p><!-- DIV BARRA GRIS IZQUIERDA - FIN --><\/p>\n<p><!--**********************************************************--><\/p>\n<p><!-- DIV 3 - CONTACTO - INICIO--><\/p>\n<div style=\"border: 0px solid #CCC;background-color: none;padding: 0em;margin: 0em 0em 0em 0em;float: left;width: 100%;vertical-align: top\">\n<p><!-- DIV CONTACTO - NOMBRE - INICIO --><\/p>\n<div style=\"border: 0px solid #CCC;padding-left: 1.5em;margin: 0em 0em 0em 0em;float: left;width: 100%;vertical-align: middle\">\n<p style=\"color: #666666;font-size: 1.5em\" align=\"justify\"><strong><span dir=\"auto\" style=\"vertical-align: inherit\"><span dir=\"auto\" style=\"vertical-align: inherit\">Contacte<\/span><\/span><\/strong><\/p>\n<\/div>\n<p><!-- DIV CONTACTO - NOMBRE - FIN --><\/p>\n<p><!-- TABLA - CONTACTO - INICIO --><\/p>\n<table style=\"border: 0px solid #CCC;float: left;width: 100%;text-align: center\">\n<tbody>\n<tr style=\"border: 0px solid #CCC\">\n<td style=\"border: 0px solid #CCC;padding: 0.5em\" colspan=\"1\" rowspan=\"1\">\n<p align=\"justify\"><strong><span dir=\"auto\" style=\"vertical-align: inherit\"><span dir=\"auto\" style=\"vertical-align: inherit\">Campus d&#8217;ELX<\/span><\/span><\/strong><\/p>\n<p align=\"justify\"><span dir=\"auto\" style=\"vertical-align: inherit\"><span dir=\"auto\" style=\"vertical-align: inherit\">Edifici TORREGAIT\u00c1N <\/span><\/span><br \/>\n<span dir=\"auto\" style=\"vertical-align: inherit\"><span dir=\"auto\" style=\"vertical-align: inherit\">(Codi GIS: E10P0032)<\/span><\/span><\/p>\n<\/td>\n<td style=\"border: 0px solid #eeeeee;padding: 0.5em;text-align: center\" colspan=\"1\" valign=\"center\"><span dir=\"auto\" style=\"vertical-align: inherit\"><span dir=\"auto\" style=\"vertical-align: inherit\">Veure ubicaci\u00f3<\/span><\/span><a href=\"http:\/\/universite.umh.es\/localizaciones\/?selT=edificios&amp;selI=E10P0032\" target=\"_blank\" rel=\"noopener\"><img loading=\"lazy\" class=\"aligncenter\" src=\"https:\/\/satdi.umh.es\/files\/2024\/01\/ICONO_UBICACION-1.png\" alt=\"Icona de la ubicaci\u00f3\" width=\"25px\" height=\"auto\" \/><\/a><\/td>\n<td style=\"border: 0px solid #CCC;padding: 0.5em\" colspan=\"1\" rowspan=\"1\"><\/td>\n<td style=\"border: 0px solid #CCC;padding: 0.5em\" colspan=\"1\" rowspan=\"1\">\n<ul style=\"float: left;text-align: justify\">\n<li style=\"color: #666666\"><strong><span dir=\"auto\" style=\"vertical-align: inherit\"><span dir=\"auto\" style=\"vertical-align: inherit\">Losada Echeberr\u00eda, Maria<\/span><\/span><\/strong><\/li>\n<li><span dir=\"auto\" style=\"vertical-align: inherit\"><span dir=\"auto\" style=\"vertical-align: inherit\">+34 966 65 8430 | +34 966 65 8470<\/span><\/span><\/li>\n<li><span dir=\"auto\" style=\"vertical-align: inherit\"><span dir=\"auto\" style=\"vertical-align: inherit\">mlosada@umh.es<\/span><\/span><\/li>\n<\/ul>\n<\/td>\n<\/tr>\n<\/tbody>\n<\/table>\n<p><!-- TABLA - CONTACTO - FIN --><\/p>\n<\/div>\n<p><!-- DIV 3 - CONTACTO - FIN--><\/p>\n<p><!--**********************************************************--><br \/>\n<!--**********************************************************--><\/p>\n<p><!-- DIV SEPARADOR - INICIO --><\/p>\n<div style=\"border: 0px solid #CCC;padding: 0em;margin: 0em 0em 0em 0em;float: left;width: 100%;height: 5em;vertical-align: top\"><\/div>\n<p><!-- DIV SEPARADOR - FIN --><\/p>\n<p><!--**********************************************************--><\/p>\n<p><!-- DIV BARRA GRIS IZQUIERDA - INICIO --><\/p>\n<div style=\"border: 2px solid #CCC;padding: 0em;margin: 0em 0em 0em 0em;float: left;width: 30%;height: 0em;vertical-align: top\"><\/div>\n<p><!-- DIV BARRA GRIS IZQUIERDA - FIN --><\/p>\n<p><!--**********************************************************--><\/p>\n<p><!-- DIV 3 - TARIFAS - INICIO--><\/p>\n<div style=\"border: 0px solid #CCC;background-color: none;padding: 0em;margin: 0em 0em 0em 0em;float: left;width: 100%;vertical-align: top\">\n<p><!-- DIV TARIFAS - NOMBRE - INICIO --><\/p>\n<div style=\"border: 0px solid #CCC;padding-left: 1.5em;margin: 0em 0em 0em 0em;float: left;width: 100%;vertical-align: middle\">\n<p style=\"color: #666666;font-size: 1.5em\" align=\"justify\"><strong><span dir=\"auto\" style=\"vertical-align: inherit\"><span dir=\"auto\" style=\"vertical-align: inherit\">Tarifes vigents (2026)<\/span><\/span><\/strong><\/p>\n<\/div>\n<p><!-- DIV TARIFAS - NOMBRE - FIN --><\/p>\n<div style=\"border: 0px solid #CCC;padding: 0em;margin: 0em 0em 0em 0em;float: left;width: 100%\">\n<table style=\"border: 0px solid #CCC;float: left;width: 100%;text-align: center\">\n<tbody>\n<tr style=\"border: 0px solid #CCC\">\n<td style=\"border: 0px solid #CCC;background-color: #ccc;padding: 0.5em;width: 10%\" colspan=\"1\" rowspan=\"1\">\n<p align=\"center\"><strong><span dir=\"auto\" style=\"vertical-align: inherit\"><span dir=\"auto\" style=\"vertical-align: inherit\">Refer\u00e8ncia<\/span><\/span><\/strong><\/p>\n<\/td>\n<td style=\"border: 0px solid #CCC;background-color: #ccc;padding: 0.5em;width: 50%\" colspan=\"1\" rowspan=\"1\">\n<p align=\"center\"><strong><span dir=\"auto\" style=\"vertical-align: inherit\"><span dir=\"auto\" style=\"vertical-align: inherit\">Descripci\u00f3<\/span><\/span><\/strong><\/p>\n<\/td>\n<td style=\"border: 0px solid #CCC;background-color: #ccc;padding: 0.5em;width: 10%\" colspan=\"1\" rowspan=\"1\">\n<p align=\"center\"><strong><span dir=\"auto\" style=\"vertical-align: inherit\"><span dir=\"auto\" style=\"vertical-align: inherit\">Unitat <\/span><\/span><br \/>\n<span dir=\"auto\" style=\"vertical-align: inherit\"><span dir=\"auto\" style=\"vertical-align: inherit\">de <\/span><\/span><br \/>\n<span dir=\"auto\" style=\"vertical-align: inherit\"><span dir=\"auto\" style=\"vertical-align: inherit\">mesura<\/span><\/span><\/strong><\/p>\n<\/td>\n<td style=\"border: 0px solid #CCC;background-color: #ccc;padding: 0.5em;width: 10%\" colspan=\"1\" rowspan=\"1\">\n<p align=\"center\"><strong><span dir=\"auto\" style=\"vertical-align: inherit\"><span dir=\"auto\" style=\"vertical-align: inherit\">Preu unitari UMH (\u20ac)<\/span><\/span><\/strong><\/p>\n<\/td>\n<td style=\"border: 0px solid #CCC;background-color: #ccc;padding: 0.5em;width: 10%\" colspan=\"1\" rowspan=\"1\">\n<p align=\"center\"><strong><span dir=\"auto\" style=\"vertical-align: inherit\"><span dir=\"auto\" style=\"vertical-align: inherit\">Preu unitari Entitats P\u00fabliques (\u20ac)<\/span><\/span><\/strong><\/p>\n<\/td>\n<td style=\"border: 0px solid #CCC;background-color: #ccc;padding: 0.5em;width: 10%\" colspan=\"1\" rowspan=\"1\">\n<p align=\"center\"><strong><span dir=\"auto\" style=\"vertical-align: inherit\"><span dir=\"auto\" style=\"vertical-align: inherit\">Preu unitari Entitats Privades (\u20ac)<\/span><\/span><\/strong><\/p>\n<\/td>\n<\/tr>\n<tr style=\"border: 0px solid #CCC\">\n<td style=\"border: 0px solid #CCC;background-color: #e0e0e0;padding: 0.5em;width: 10%\" colspan=\"1\" rowspan=\"1\">\n<p align=\"center\"><span dir=\"auto\" style=\"vertical-align: inherit\"><span dir=\"auto\" style=\"vertical-align: inherit\">T-ELTG-12<\/span><\/span><\/p>\n<\/td>\n<td style=\"border: 0px solid #CCC;background-color: #e0e0e0;padding: 0.5em;width: 50%\" colspan=\"1\" rowspan=\"1\">\n<p align=\"justify\"><span dir=\"auto\" style=\"vertical-align: inherit\"><span dir=\"auto\" style=\"vertical-align: inherit\">\u00das ultracromat\u00f2graf l\u00edquid acoblat a espectr\u00f2metre de masses de triple quadrupol (Shimadzu LCMS 8050)<\/span><\/span><\/p>\n<\/td>\n<td style=\"border: 0px solid #CCC;background-color: #e0e0e0;padding: 0.5em;width: 10%\" colspan=\"1\" rowspan=\"1\">\n<p align=\"center\"><span dir=\"auto\" style=\"vertical-align: inherit\"><span dir=\"auto\" style=\"vertical-align: inherit\">hora<\/span><\/span><\/p>\n<\/td>\n<td style=\"border: 0px solid #CCC;background-color: #e0e0e0;padding: 0.5em;width: 10%\" colspan=\"1\" rowspan=\"1\">\n<p align=\"center\"><span dir=\"auto\" style=\"vertical-align: inherit\"><span dir=\"auto\" style=\"vertical-align: inherit\">19.41<\/span><\/span><\/p>\n<\/td>\n<td style=\"border: 0px solid #CCC;background-color: #e0e0e0;padding: 0.5em;width: 10%\" colspan=\"1\" rowspan=\"1\">\n<p align=\"center\"><span dir=\"auto\" style=\"vertical-align: inherit\"><span dir=\"auto\" style=\"vertical-align: inherit\">22.46<\/span><\/span><\/p>\n<\/td>\n<td style=\"border: 0px solid #CCC;background-color: #e0e0e0;padding: 0.5em;width: 10%\" colspan=\"1\" rowspan=\"1\">\n<p align=\"center\"><span dir=\"auto\" style=\"vertical-align: inherit\"><span dir=\"auto\" style=\"vertical-align: inherit\">23.80<\/span><\/span><\/p>\n<\/td>\n<\/tr>\n<tr style=\"border: 0px solid #CCC\">\n<td style=\"border: 0px solid #CCC;background-color: #e8e8e8;padding: 0.5em;width: 10%\" colspan=\"1\" rowspan=\"1\">\n<p align=\"center\"><span dir=\"auto\" style=\"vertical-align: inherit\"><span dir=\"auto\" style=\"vertical-align: inherit\">T-ELTG-13<\/span><\/span><\/p>\n<\/td>\n<td style=\"border: 0px solid #CCC;background-color: #e8e8e8;padding: 0.5em;width: 50%\" colspan=\"1\" rowspan=\"1\">\n<p align=\"justify\"><span dir=\"auto\" style=\"vertical-align: inherit\"><span dir=\"auto\" style=\"vertical-align: inherit\">Processament de mostres de l&#8217;ultracromat\u00f2graf l\u00edquid acoblat a espectr\u00f2metre de masses de triple quadrupol (Shimadzu LCMS 8050)<\/span><\/span><\/p>\n<\/td>\n<td style=\"border: 0px solid #CCC;background-color: #e8e8e8;padding: 0.5em;width: 10%\" colspan=\"1\" rowspan=\"1\">\n<p align=\"center\"><span dir=\"auto\" style=\"vertical-align: inherit\"><span dir=\"auto\" style=\"vertical-align: inherit\">hora<\/span><\/span><\/p>\n<\/td>\n<td style=\"border: 0px solid #CCC;background-color: #e8e8e8;padding: 0.5em;width: 10%\" colspan=\"1\" rowspan=\"1\">\n<p align=\"center\"><span dir=\"auto\" style=\"vertical-align: inherit\"><span dir=\"auto\" style=\"vertical-align: inherit\">17.11<\/span><\/span><\/p>\n<\/td>\n<td style=\"border: 0px solid #CCC;background-color: #e8e8e8;padding: 0.5em;width: 10%\" colspan=\"1\" rowspan=\"1\">\n<p align=\"center\"><span dir=\"auto\" style=\"vertical-align: inherit\"><span dir=\"auto\" style=\"vertical-align: inherit\">19.80<\/span><\/span><\/p>\n<\/td>\n<td style=\"border: 0px solid #CCC;background-color: #e8e8e8;padding: 0.5em;width: 10%\" colspan=\"1\" rowspan=\"1\">\n<p align=\"center\"><span dir=\"auto\" style=\"vertical-align: inherit\"><span dir=\"auto\" style=\"vertical-align: inherit\">20.98<\/span><\/span><\/p>\n<\/td>\n<\/tr>\n<\/tbody>\n<\/table>\n<\/div>\n<\/div>\n<p><!-- DIV 3 - TARIFAS - FIN --><\/p>\n<p><!--**********************************************************--><br \/>\n<!--**********************************************************--><\/p>\n<p><!-- DIV SEPARADOR - INICIO --><\/p>\n<div style=\"border: 0px solid #CCC;padding: 0em;margin: 0em 0em 0em 0em;float: left;width: 100%;height: 5em;vertical-align: top\"><\/div>\n<p><!-- DIV SEPARADOR - FIN --><\/p>\n<p><!--**********************************************************--><\/p>\n<p><!-- DIV BARRA GRIS IZQUIERDA - INICIO --><\/p>\n<div style=\"border: 2px solid #CCC;padding: 0em;margin: 0em 0em 0em 0em;float: left;width: 30%;height: 0em;vertical-align: top\"><\/div>\n<p><!-- DIV BARRA GRIS IZQUIERDA - FIN --><\/p>\n<p><!--**********************************************************--><\/p>\n<p><!-- DIV 5 - OBSERVACIONES - INICIO--><\/p>\n<div style=\"border: 0px solid #CCC;background-color: none;padding: 0em;margin: 0em 0em 0em 0em;float: left;width: 100%;vertical-align: top\">\n<p><!-- DIV OBSERVACIONES - NOMBRE - INICIO --><\/p>\n<div style=\"border: 0px solid #CCC;padding-left: 1.5em;margin: 0em 0em 0em 0em;float: left;width: 100%;vertical-align: middle\">\n<p style=\"color: #666666;font-size: 1.5em\" align=\"justify\"><strong><span dir=\"auto\" style=\"vertical-align: inherit\"><span dir=\"auto\" style=\"vertical-align: inherit\">Observacions<\/span><\/span><\/strong><\/p>\n<\/div>\n<p><!-- DIV OBSERVACIONES - NOMBRE - FIN --><\/p>\n<p><!-- TABLA - OBSERVACIONES - INICIO --><\/p>\n<table style=\"border: 0px solid #CCC;background-color: #ddd;float: left;width: 100%;text-align: center\">\n<tbody>\n<tr style=\"border: 0px solid #FFF;height: auto\">\n<td style=\"border: 0px solid #CCC;padding: 0.5em;vertical-align: top;width: 55%\" colspan=\"1\">\n<p align=\"justify\"><span dir=\"auto\" style=\"vertical-align: inherit\"><span dir=\"auto\" style=\"vertical-align: inherit\">L&#8217;equip ha estat adquirit gr\u00e0cies a una Actuaci\u00f3 cofinan\u00e7ada per la Uni\u00f3 Europea a trav\u00e9s del <\/span><\/span><a href=\"https:\/\/www.red.es\/es\/sobre-nosotros\/financiacion-europea\/fondos-feder\" target=\"_blank\" rel=\"noopener\"><span dir=\"auto\" style=\"vertical-align: inherit\"><span dir=\"auto\" style=\"vertical-align: inherit\">Programa Operatiu del Fons Europeu de Desenvolupament Regional<\/span><\/span><\/a><span dir=\"auto\" style=\"vertical-align: inherit\"><span dir=\"auto\" style=\"vertical-align: inherit\"> (FEDER) de la <\/span><\/span><a href=\"https:\/\/hisenda.gva.es\/es\/web\/fons-europeus\/2014-2020\/feder\" target=\"_blank\" rel=\"noopener\"><span dir=\"auto\" style=\"vertical-align: inherit\"><span dir=\"auto\" style=\"vertical-align: inherit\">Comunitat Valenciana 2014-2020<\/span><\/span><\/a><span dir=\"auto\" style=\"vertical-align: inherit\"><span dir=\"auto\" style=\"vertical-align: inherit\"> (PROJECTE: IDIFEDER2018\/020).<\/span><\/span><\/p>\n<\/td>\n<td style=\"border: 0px solid #CCC;padding: 0.5em;vertical-align: top;width: 45%\" colspan=\"1\"><img loading=\"lazy\" src=\"https:\/\/satdi.umh.es\/files\/2024\/11\/imagen_Placa_FEDER-UHPLC-IDiBE-2020.png\" alt=\"Imatge Placa FEDER UHPLC IDiBE 2020\" width=\"100%\" height=\"100%\" \/><\/td>\n<\/tr>\n<\/tbody>\n<\/table>\n<p><!-- TABLA - OBSERVACIONES - FIN --><\/p>\n<\/div>\n<p><!-- DIV 5 - OBSERVACIONES - FIN--><\/p>\n<p><!--**********************************************************--><br \/>\n<!--**********************************************************--><\/p>\n<p><!-- DIV SEPARADOR - INICIO --><\/p>\n<div style=\"border: 0px solid #CCC;padding: 0em;margin: 0em 0em 0em 0em;float: left;width: 100%;height: 5em;vertical-align: top\"><\/div>\n<p><!-- DIV SEPARADOR - FIN --><\/p>\n<p><!--**********************************************************--><\/p>\n<p><!-- DIV BARRA GRIS IZQUIERDA - INICIO --><\/p>\n<div style=\"border: 2px solid #CCC;padding: 0em;margin: 0em 0em 0em 0em;float: left;width: 30%;height: 0em;vertical-align: top\"><\/div>\n<p><!-- DIV BARRA GRIS IZQUIERDA - FIN --><\/p>\n<p><!--**********************************************************--><\/p>\n<p><!-- DIV 6 - ENLACES - INICIO--><\/p>\n<div style=\"border: 0px solid #CCC;background-color: none;padding: 0em;margin: 0em 0em 0em 0em;float: left;width: 100%;vertical-align: top\">\n<p><!-- DIV ENLACES - NOMBRE - INICIO --><\/p>\n<div style=\"border: 0px solid #CCC;padding-left: 1.5em;margin: 0em 0em 0em 0em;float: left;width: 100%;vertical-align: middle\">\n<p style=\"color: #666666;font-size: 1.5em\" align=\"justify\"><strong><span dir=\"auto\" style=\"vertical-align: inherit\"><span dir=\"auto\" style=\"vertical-align: inherit\">Enlla\u00e7os<\/span><\/span><\/strong><\/p>\n<\/div>\n<p><!-- DIV ENLACES - NOMBRE - FIN --><\/p>\n<div style=\"border: 0px solid #CCC;padding: 0em;margin: 0em 0em 0em 0em;float: left;width: 100%\">\n<ul>\n<li><span dir=\"auto\" style=\"vertical-align: inherit\"><span dir=\"auto\" style=\"vertical-align: inherit\">Web de l&#8217;IDiBE ( <\/span><\/span><a href=\"https:\/\/idibe.umh.es\/es\/servicios\/uhplc-ms-triple-cuadrupolo\/\" target=\"_blank\" rel=\"noopener\"><span dir=\"auto\" style=\"vertical-align: inherit\"><span dir=\"auto\" style=\"vertical-align: inherit\">enlla\u00e7<\/span><\/span><\/a><span dir=\"auto\" style=\"vertical-align: inherit\"><span dir=\"auto\" style=\"vertical-align: inherit\"> )<\/span><\/span><\/li>\n<\/ul>\n<\/div>\n<\/div>\n<p><!-- DIV 6 - ENLACES - FIN--><\/p>\n<p><!--**********************************************************--><br \/>\n<!--**********************************************************--><\/p>\n<p><!--**********************************************************--><\/p>\n<p><!-- DIV SEPARADOR - INICIO --><\/p>\n<div style=\"border: 0px solid #CCC;padding: 0em;margin: 0em 0em 0em 0em;float: left;width: 100%;height: 5em;vertical-align: top\"><\/div>\n<p><!-- DIV SEPARADOR - FIN --><\/p>\n<p><!--**********************************************************--><\/p>\n<\/div>\n<p><!-- DIV 1 - CONTENEDOR CONTENIDO - FIN --><\/p>\n<p><!--**********************************************************--><\/p>\n<\/div>\n<p><!-- DIV 0 - CONTENEDOR PRINCIPAL - FIN --><\/p>","protected":false},"excerpt":{"rendered":"<p>Equipament<\/p>\n<p>Sistema de Cromatografia L\u00edquida (uHPLC) acoblat a un detector d&#8217;espectrometria de masses amb triple quadrupol LCMS-8050<\/p>\n<p>NEXERA (Shimadzu)<\/p>\n<p>Campus d&#8217;ELX<\/p>\n<p>Sistema de Cromatografia L\u00edquida d&#8217;Ultra Alta Pressi\u00f3 (uHPLC) Shimadzu, de la s\u00e8rie NEXERA, acoblat a un detector d&#8217;espectrometria de masses amb triple quadrupol model LCMS-8050 per a masses en t\u00e0ndem (QqQ-MS\/MS). Els equips de uHPLC permeten accelerar els [&#8230;]<\/p>\n","protected":false},"author":5414,"featured_media":0,"parent":6105,"menu_order":0,"comment_status":"closed","ping_status":"closed","template":"","meta":{"_links_to":"","_links_to_target":""},"_links":{"self":[{"href":"https:\/\/satdi.umh.es\/ca\/wp-json\/wp\/v2\/pages\/8759"}],"collection":[{"href":"https:\/\/satdi.umh.es\/ca\/wp-json\/wp\/v2\/pages"}],"about":[{"href":"https:\/\/satdi.umh.es\/ca\/wp-json\/wp\/v2\/types\/page"}],"author":[{"embeddable":true,"href":"https:\/\/satdi.umh.es\/ca\/wp-json\/wp\/v2\/users\/5414"}],"replies":[{"embeddable":true,"href":"https:\/\/satdi.umh.es\/ca\/wp-json\/wp\/v2\/comments?post=8759"}],"version-history":[{"count":0,"href":"https:\/\/satdi.umh.es\/ca\/wp-json\/wp\/v2\/pages\/8759\/revisions"}],"up":[{"embeddable":true,"href":"https:\/\/satdi.umh.es\/ca\/wp-json\/wp\/v2\/pages\/6105"}],"wp:attachment":[{"href":"https:\/\/satdi.umh.es\/ca\/wp-json\/wp\/v2\/media?parent=8759"}],"curies":[{"name":"wp","href":"https:\/\/api.w.org\/{rel}","templated":true}]}}