{"id":8786,"date":"2024-11-11T15:47:02","date_gmt":"2024-11-11T14:47:02","guid":{"rendered":"https:\/\/satdi.umh.es\/?page_id=8786"},"modified":"2026-04-01T12:16:50","modified_gmt":"2026-04-01T10:16:50","slug":"satdi-ic-citometro-de-masas-cytof-xt-acoplado-a-sistema-de-imagen-hyperion-xti-standard-biotoolssistema-de-imagen-molecular-por-citometria-de-masas-standard-biotools","status":"publish","type":"page","link":"https:\/\/satdi.umh.es\/ca\/servicios-prestados\/instrumentacioncientifica\/servicios_ofertados\/servicios_ofertados-satdi-ic-citometria\/satdi-ic-citometro-de-masas-cytof-xt-acoplado-a-sistema-de-imagen-hyperion-xti-standard-biotoolssistema-de-imagen-molecular-por-citometria-de-masas-standard-biotools\/","title":{"rendered":"SATDI-IC: Sistema d&#8217;Imatge Molecular per Citometria de Masses (Standard Biotools)"},"content":{"rendered":"<p>    <!-- DIV 0 - CONTENEDOR PRINCIPAL - INICIO --><\/p>\n<div style=\"border: 0px solid #CCC;padding-top: 0em;margin: 0em 0em 0em 0em;width: 100%;float: left\">\n<p>    <!--**********************************************************--><\/p>\n<p>    <!-- DIV 1 - CONTENEDOR CONTENIDO - INICIO --><\/p>\n<div style=\"border: 0px solid #111;padding-top: 0em;margin: 0em 0em 0em 0em;width: 100%;float: left\">\n<p>    <!--**********************************************************--><\/p>\n<p>    <!-- DIV 2 - EQUIPAMIENTO - INICIO--><\/p>\n<div style=\"border: 0px solid #CCC;background-color: none;padding: 0em;margin: 0em 0em 0em 0em;float: left;width: 100%;vertical-align: top\">\n<p>    <!-- DIV EQUIPAMIENTO - NOMBRE - INICIO --><\/p>\n<div style=\"border: 0px solid #CCC;padding-left: 1.5em;margin: 0em 0em 0em 0em;float: left;width: 100%;vertical-align: middle\">\n<p style=\"color: #666666;font-size: 1.5em\" align=\"justify\"><strong>Equipamiento<\/strong><\/p>\n<\/p><\/div>\n<p>    <!-- DIV EQUIPAMIENTO - NOMBRE - FIN --><\/p>\n<p>    <!-- TABLA - EQUIPAMIENTO - INICIO --><\/p>\n<table style=\"border: 0px solid #CCC;background-color: #ddd;float: left;width: 100%;text-align: center\">\n<tbody>\n<tr style=\"border: 0px solid #FFF\">\n<td style=\"border: 0px solid #CCC;padding: 0.5em;width: 40%\" colspan=\"1\">\n<p align=\"justify\"><strong>Cit\u00f3metro de masas CyTOF XT acoplado a sistema de imagen Hyperion XTi<br \/>\n    <\/strong><\/p>\n<p style=\"color: #666666\" align=\"justify\"><strong>CyTOF XT \/ Hyperion XTi (Standard Biotools)<\/strong><\/p>\n<\/td>\n<td style=\"border: 0px solid #CCC;padding: 0.5em;width: 52.5%\" colspan=\"1\" valign=\"center\">\n<p align=\"right\"><span style=\"color: #a31c19\"><strong>Campus de ELCHE<\/strong><\/span><\/p>\n<\/td>\n<td style=\"border: 0px solid #CCC;padding: 0.5em;width: 7.5%;text-align: right\" colspan=\"1\" valign=\"top\"><img src=\"https:\/\/satdi.umh.es\/files\/2024\/01\/Imagen_LogoSATDI-IC.png\" alt=\"Logo SATDI-IC\" width=\"90%\" \/><\/td>\n<\/tr>\n<tr style=\"border: 0px solid #FFF;height: auto\">\n<td style=\"border: 0px solid #CCC;padding: 0.5em;vertical-align: top;width: 35%\" rowspan=\"2\"><img loading=\"lazy\" src=\"https:\/\/satdi.umh.es\/files\/2025\/09\/imagen_CitometroMasas_CyTOF_Hyperion_campusElche-1.jpg\" alt=\"Imagen Cit\u00f3metro de masas CyTOF XT acoplado a sistema de imagen Hyperion XTi (Standard Biotools)\" width=\"100%\" height=\"100%\" \/><\/td>\n<td style=\"border: 0px solid #CCC;padding: 0.5em;vertical-align: top;width: 65%\" colspan=\"2\">\n<p align=\"justify\">El CyTOF XT permite el an\u00e1lisis de c\u00e9lulas individuales marcadas con is\u00f3topos met\u00e1licos estables utilizando la tecnolog\u00eda avanzada de plasma acoplado inductivamente. Con 135 canales de detecci\u00f3n, este equipo es capaz de simult\u00e1neamente m\u00faltiples marcadores, maximizando la informaci\u00f3n obtenida por c\u00e9lula.<br \/>\nEste sistema puede acoplarse al sistema de imagen de alto rendimiento Hyperion XTi, capaz de analizar m\u00e1s de 40 marcadores proteicos simult\u00e1neamente. El uso de estos marcadores met\u00e1licos permite una resoluci\u00f3n espacial de 1 \u00b5m en tejidos y frotis celulares, dando como resultado una elevada definici\u00f3n espacial y param\u00e9trica de las c\u00e9lulas in situ.<\/p>\n<\/td>\n<\/tr>\n<tr style=\"border: 0px solid #FFF\">\n<td style=\"border: 0px solid #EEE;padding: 0.5em;height: 10%;width: 65%\" colspan=\"2\" valign=\"center\">\n<p align=\"left\"><span><strong>&nbsp;<\/strong><\/span><\/p>\n<\/td>\n<\/tr>\n<tr style=\"border: 0px solid #FFF\">\n<td style=\"border: 0px solid #CCC;padding: 0.5em;width: 100%\" colspan=\"3\">\n<p align=\"justify\">Tanto el CyTOF XT como el Hyperion XTi tienen un rango de masas de 75 \u2013 209 uma y 135 canales de medida.<br \/>\nCyTOF XT:<\/p>\n<ul>\n<li>\n<p align=\"justify\"> Marcadores simult\u00e1neos: &gt; 45\n<\/p>\n<\/li>\n<li>\n<p align=\"justify\"> Formato muestra: Pellet o suspensi\u00f3n\n<\/p>\n<\/li>\n<li>\n<p align=\"justify\"> Rendimiento: 500 eventos\/segundo\n<\/p>\n<\/li>\n<li>\n<p align=\"justify\"> Respuesta del instrumento: 500 Tb<sup style=\"font-size: 60%\">159<\/sup> dual counts\/EQ<sup style=\"font-size: 60%\">TM<\/sup> Six Element Calibration Bead<\/p>\n<\/li>\n<\/ul>\n<p align=\"justify\">Hyperion XTi:<\/p>\n<ul>\n<li>\n<p align=\"justify\"> Marcadores simult\u00e1neos: &gt; 40\n<\/p>\n<\/li>\n<li>\n<p align=\"justify\"> Formato de muestra: Monocapa celular 4-7 \u00b5m\n<\/p>\n<\/li>\n<li>\n<p align=\"justify\"> Rendimiento: 800 p\u00edxeles\/segundo\n<\/p>\n<\/li>\n<li>\n<p align=\"justify\"> Resoluci\u00f3n espacial: 25 \u00b5m en Preview Mode, 5 \u00b5m en Tissue Mode y 1 \u00b5m en Cell Mode\n<\/p>\n<\/li>\n<li>\n<p align=\"justify\"> Respuesta del instrumento: \u2265 700 mm<sup style=\"font-size: 60%\">2<\/sup>\/h en Preview Mode, \u2265 50 mm<sup style=\"font-size: 60%\">2<\/sup>\/h en Tissue Mode y \u2265 2 mm<sup style=\"font-size: 60%\">2<\/sup>\/h en Cell Mode<\/p>\n<\/li>\n<\/ul>\n<\/td>\n<\/tr>\n<\/tbody>\n<\/table>\n<p>    <!-- TABLA - EQUIPAMIENTO - FIN --><\/p><\/div>\n<p>    <!-- DIV 2 - EQUIPAMIENTO - FIN--><\/p>\n<p>    <!--**********************************************************--><br \/>\n    <!--**********************************************************--><\/p>\n<p>    <!-- DIV SEPARADOR - INICIO --><\/p>\n<div style=\"border: 0px solid #CCC;padding: 0em;margin: 0em 0em 0em 0em;float: left;width: 100%;height: 5em;vertical-align: top\"> <\/div>\n<p>    <!-- DIV SEPARADOR - FIN --><\/p>\n<p>    <!--**********************************************************--><\/p>\n<p>    <!-- DIV BARRA GRIS IZQUIERDA - INICIO --><\/p>\n<div style=\"border: 2px solid #CCC;padding: 0em;margin: 0em 0em 0em 0em;float: left;width: 30%;height: 0em;vertical-align: top\"> <\/div>\n<p>    <!-- DIV BARRA GRIS IZQUIERDA - FIN --><\/p>\n<p>    <!--**********************************************************--><\/p>\n<p>    <!-- DIV 3 - CONTACTO - INICIO--><\/p>\n<div style=\"border: 0px solid #CCC;background-color: none;padding: 0em;margin: 0em 0em 0em 0em;float: left;width: 100%;vertical-align: top\">\n<p>    <!-- DIV CONTACTO - NOMBRE - INICIO --><\/p>\n<div style=\"border: 0px solid #CCC;padding-left: 1.5em;margin: 0em 0em 0em 0em;float: left;width: 100%;vertical-align: middle\">\n<p style=\"color: #666666;font-size: 1.5em\" align=\"justify\"><strong>Contacto<\/strong><\/p>\n<\/p><\/div>\n<p>    <!-- DIV CONTACTO - NOMBRE - FIN --><\/p>\n<p>    <!-- TABLA - CONTACTO - INICIO --><\/p>\n<table style=\"border: 0px solid #CCC;float: left;width: 100%;text-align: center\">\n<tbody>\n<tr style=\"border: 0px solid #CCC\">\n<td style=\"border: 0px solid #CCC;padding: 0.5em\" colspan=\"1\" rowspan=\"1\">\n<p align=\"justify\"><strong>Campus de ELCHE<\/strong><\/p>\n<p align=\"justify\">Edificio TORREPINET<br \/>\n    (C\u00f3digo GIS: E08P0006)<\/p>\n<\/td>\n<td style=\"border: 0px solid #eeeeee;padding: 0.5em;text-align: center\" colspan=\"1\" valign=\"center\">Ver ubicaci\u00f3n<a href=\"http:\/\/universite.umh.es\/localizaciones\/?selT=edificios&amp;selI=E08P0006\" target=\"_blank\" rel=\"noopener\"><img loading=\"lazy\" class=\"aligncenter\" src=\"https:\/\/satdi.umh.es\/files\/2024\/01\/ICONO_UBICACION-1.png\" alt=\"Icono de la ubicaci\u00f3n\" width=\"25px\" height=\"auto\" \/><\/a><\/td>\n<td style=\"border: 0px solid #CCC;padding: 0.5em\" colspan=\"1\" rowspan=\"1\"><\/td>\n<td style=\"border: 0px solid #CCC;padding: 0.5em\" colspan=\"1\" rowspan=\"1\">\n<ul style=\"float: left;text-align: justify\">\n<li style=\"color: #666666\"><strong> Rubio Camacho, Marta<\/strong><\/li>\n<li>+34 965 22 2479 | +34 965 22 2688<\/li>\n<li>marta.rubioc@umh.es<\/li>\n<\/ul>\n<\/td>\n<\/tr>\n<\/tbody>\n<\/table>\n<p>    <!-- TABLA - CONTACTO - FIN --><\/p><\/div>\n<p>    <!-- DIV 3 - CONTACTO - FIN--><\/p>\n<p>    <!--**********************************************************--><br \/>\n    <!--**********************************************************--><\/p>\n<p>    <!-- DIV SEPARADOR - INICIO --><\/p>\n<div style=\"border: 0px solid #CCC;padding: 0em;margin: 0em 0em 0em 0em;float: left;width: 100%;height: 5em;vertical-align: top\"> <\/div>\n<p>    <!-- DIV SEPARADOR - FIN --><\/p>\n<p>    <!--**********************************************************--><\/p>\n<p>    <!-- DIV BARRA GRIS IZQUIERDA - INICIO --><\/p>\n<div style=\"border: 2px solid #CCC;padding: 0em;margin: 0em 0em 0em 0em;float: left;width: 30%;height: 0em;vertical-align: top\"> <\/div>\n<p>    <!-- DIV BARRA GRIS IZQUIERDA - FIN --><\/p>\n<p>    <!--**********************************************************--><\/p>\n<p>    <!-- DIV 3 - TARIFAS - INICIO--><\/p>\n<div style=\"border: 0px solid #CCC;background-color: none;padding: 0em;margin: 0em 0em 0em 0em;float: left;width: 100%;vertical-align: top\">\n<p>    <!-- DIV TARIFAS - NOMBRE - INICIO --><\/p>\n<div style=\"border: 0px solid #CCC;padding-left: 1.5em;margin: 0em 0em 0em 0em;float: left;width: 100%;vertical-align: middle\">\n<p style=\"color: #666666;font-size: 1.5em\" align=\"justify\"><strong>Tarifas vigentes (2026)<\/strong><\/p>\n<\/p><\/div>\n<p>    <!-- DIV TARIFAS - NOMBRE - FIN --><\/p>\n<div style=\"border: 0px solid #CCC;padding: 0em;margin: 0em 0em 0em 0em;float: left;width: 100%\">\n<table style=\"border: 0px solid #CCC;float: left;width: 100%;text-align: center\">\n<tbody>\n<tr style=\"border: 0px solid #CCC\">\n<td style=\"border: 0px solid #CCC;background-color: #ccc;padding: 0.5em;width: 10%\" colspan=\"1\" rowspan=\"1\">\n<p align=\"center\"><strong>Referencia<\/strong><\/p>\n<\/td>\n<td style=\"border: 0px solid #CCC;background-color: #ccc;padding: 0.5em;width: 50%\" colspan=\"1\" rowspan=\"1\">\n<p align=\"center\"><strong>Descripci\u00f3n<\/strong><\/p>\n<\/td>\n<td style=\"border: 0px solid #CCC;background-color: #ccc;padding: 0.5em;width: 10%\" colspan=\"1\" rowspan=\"1\">\n<p align=\"center\"><strong>Unidad<br \/>\n    de<br \/>\n    medida<\/strong><\/p>\n<\/td>\n<td style=\"border: 0px solid #CCC;background-color: #ccc;padding: 0.5em;width: 10%\" colspan=\"1\" rowspan=\"1\">\n<p align=\"center\"><strong>Precio unitario UMH (\u20ac)<\/strong><\/p>\n<\/td>\n<td style=\"border: 0px solid #CCC;background-color: #ccc;padding: 0.5em;width: 10%\" colspan=\"1\" rowspan=\"1\">\n<p align=\"center\"><strong>Precio unitario Entidades P\u00fablicas (\u20ac)<\/strong><\/p>\n<\/td>\n<td style=\"border: 0px solid #CCC;background-color: #ccc;padding: 0.5em;width: 10%\" colspan=\"1\" rowspan=\"1\">\n<p align=\"center\"><strong>Precio unitario Entidades Privadas (\u20ac)<\/strong><\/p>\n<\/td>\n<\/tr>\n<tr style=\"border: 0px solid #CCC\">\n<td style=\"border: 0px solid #CCC;background-color: #e0e0e0;padding: 0.5em;width: 10%\" colspan=\"1\" rowspan=\"1\">\n<p align=\"center\">T-ELTP-10<\/p>\n<\/td>\n<td style=\"border: 0px solid #CCC;background-color: #e0e0e0;padding: 0.5em;width: 50%\" colspan=\"1\" rowspan=\"1\">\n<p align=\"justify\">Servicio de calibraci\u00f3n y limpieza del cit\u00f3metro de masas CyTOF XT<\/p>\n<\/td>\n<td style=\"border: 0px solid #CCC;background-color: #e0e0e0;padding: 0.5em;width: 10%\" colspan=\"1\" rowspan=\"1\">\n<p align=\"center\">servicio<\/p>\n<\/td>\n<td style=\"border: 0px solid #CCC;background-color: #e0e0e0;padding: 0.5em;width: 10%\" colspan=\"1\" rowspan=\"1\">\n<p align=\"center\">22.51<\/p>\n<\/td>\n<td style=\"border: 0px solid #CCC;background-color: #e0e0e0;padding: 0.5em;width: 10%\" colspan=\"1\" rowspan=\"1\">\n<p align=\"center\">26.04<\/p>\n<\/td>\n<td style=\"border: 0px solid #CCC;background-color: #e0e0e0;padding: 0.5em;width: 10%\" colspan=\"1\" rowspan=\"1\">\n<p align=\"center\">27.61<\/p>\n<\/td>\n<\/tr>\n<tr style=\"border: 0px solid #CCC\">\n<td style=\"border: 0px solid #CCC;background-color: #e8e8e8;padding: 0.5em;width: 10%\" colspan=\"1\" rowspan=\"1\">\n<p align=\"center\">T-ELTP-12<\/p>\n<\/td>\n<td style=\"border: 0px solid #CCC;background-color: #e8e8e8;padding: 0.5em;width: 50%\" colspan=\"1\" rowspan=\"1\">\n<p align=\"justify\">Servicio de calibraci\u00f3n y limpieza del cit\u00f3metro de masas Hyperion XTi<\/p>\n<\/td>\n<td style=\"border: 0px solid #CCC;background-color: #e8e8e8;padding: 0.5em;width: 10%\" colspan=\"1\" rowspan=\"1\">\n<p align=\"center\">servicio<\/p>\n<\/td>\n<td style=\"border: 0px solid #CCC;background-color: #e8e8e8;padding: 0.5em;width: 10%\" colspan=\"1\" rowspan=\"1\">\n<p align=\"center\">14.16<\/p>\n<\/td>\n<td style=\"border: 0px solid #CCC;background-color: #e8e8e8;padding: 0.5em;width: 10%\" colspan=\"1\" rowspan=\"1\">\n<p align=\"center\">16.9<\/p>\n<\/td>\n<td style=\"border: 0px solid #CCC;background-color: #e8e8e8;padding: 0.5em;width: 10%\" colspan=\"1\" rowspan=\"1\">\n<p align=\"center\">17.95<\/p>\n<\/td>\n<\/tr>\n<tr style=\"border: 0px solid #CCC\">\n<td style=\"border: 0px solid #CCC;background-color: #e0e0e0;padding: 0.5em;width: 10%\" colspan=\"1\" rowspan=\"1\">\n<p align=\"center\">T-ELTP-11<\/p>\n<\/td>\n<td style=\"border: 0px solid #CCC;background-color: #e0e0e0;padding: 0.5em;width: 50%\" colspan=\"1\" rowspan=\"1\">\n<p align=\"justify\">Uso del cit\u00f3metro de masas CyTOF XT<\/p>\n<\/td>\n<td style=\"border: 0px solid #CCC;background-color: #e0e0e0;padding: 0.5em;width: 10%\" colspan=\"1\" rowspan=\"1\">\n<p align=\"center\">hora<\/p>\n<\/td>\n<td style=\"border: 0px solid #CCC;background-color: #e0e0e0;padding: 0.5em;width: 10%\" colspan=\"1\" rowspan=\"1\">\n<p align=\"center\">39.69<\/p>\n<\/td>\n<td style=\"border: 0px solid #CCC;background-color: #e0e0e0;padding: 0.5em;width: 10%\" colspan=\"1\" rowspan=\"1\">\n<p align=\"center\">45.92<\/p>\n<\/td>\n<td style=\"border: 0px solid #CCC;background-color: #e0e0e0;padding: 0.5em;width: 10%\" colspan=\"1\" rowspan=\"1\">\n<p align=\"center\">48.68<\/p>\n<\/td>\n<\/tr>\n<tr style=\"border: 0px solid #CCC\">\n<td style=\"border: 0px solid #CCC;background-color: #e8e8e8;padding: 0.5em;width: 10%\" colspan=\"1\" rowspan=\"1\">\n<p align=\"center\">T-ELTP-13<\/p>\n<\/td>\n<td style=\"border: 0px solid #CCC;background-color: #e8e8e8;padding: 0.5em;width: 50%\" colspan=\"1\" rowspan=\"1\">\n<p align=\"justify\">Uso del cit\u00f3metro de masas Hyperion XTi<\/p>\n<\/td>\n<td style=\"border: 0px solid #CCC;background-color: #e8e8e8;padding: 0.5em;width: 10%\" colspan=\"1\" rowspan=\"1\">\n<p align=\"center\">hora<\/p>\n<\/td>\n<td style=\"border: 0px solid #CCC;background-color: #e8e8e8;padding: 0.5em;width: 10%\" colspan=\"1\" rowspan=\"1\">\n<p align=\"center\">12.96<\/p>\n<\/td>\n<td style=\"border: 0px solid #CCC;background-color: #e8e8e8;padding: 0.5em;width: 10%\" colspan=\"1\" rowspan=\"1\">\n<p align=\"center\">14.99<\/p>\n<\/td>\n<td style=\"border: 0px solid #CCC;background-color: #e8e8e8;padding: 0.5em;width: 10%\" colspan=\"1\" rowspan=\"1\">\n<p align=\"center\">15.89<\/p>\n<\/td>\n<\/tr>\n<\/tbody>\n<\/table><\/div>\n<\/p><\/div>\n<p>    <!-- DIV 3 - TARIFAS - FIN --><\/p>\n<p>    <!--**********************************************************--><br \/>\n    <!--**********************************************************--><\/p>\n<p>    <!-- DIV SEPARADOR - INICIO --><\/p>\n<div style=\"border: 0px solid #CCC;padding: 0em;margin: 0em 0em 0em 0em;float: left;width: 100%;height: 5em;vertical-align: top\"> <\/div>\n<p>    <!-- DIV SEPARADOR - FIN --><\/p>\n<p>    <!--**********************************************************--><\/p>\n<p>    <!-- DIV BARRA GRIS IZQUIERDA - INICIO --><\/p>\n<div style=\"border: 2px solid #CCC;padding: 0em;margin: 0em 0em 0em 0em;float: left;width: 30%;height: 0em;vertical-align: top\"> <\/div>\n<p>    <!-- DIV BARRA GRIS IZQUIERDA - FIN --><\/p>\n<p>    <!--**********************************************************--><\/p>\n<p>    <!-- DIV 6 - FINANCIACION - INICIO--><\/p>\n<div style=\"border: 0px solid #CCC;background-color: none;padding: 0em;margin: 0em 0em 0em 0em;float: left;width: 100%;vertical-align: top\">\n<p>    <!-- DIV FINANCIACION - NOMBRE - INICIO --><\/p>\n<div style=\"border: 0px solid #CCC;padding-left: 1.5em;margin: 0em 0em 0em 0em;float: left;width: 100%;vertical-align: middle\">\n<p style=\"color: #666666;font-size: 1.5em\" align=\"justify\"><strong>Financiaci\u00f3n<\/strong><\/p>\n<\/p><\/div>\n<p>    <!-- DIV FINANCIACION - NOMBRE - FIN --><\/p>\n<p>    <!-- TABLA - FINANCIACION - INICIO --><\/p>\n<table style=\"border: 0px solid #CCC;background-color: #ddd;float: left;width: 100%;text-align: center\">\n<tbody>\n<tr style=\"border: 0px solid #FFF;height: auto\">\n<td style=\"border: 0px solid #CCC;padding: 0.5em;vertical-align: top;width: 55%\" colspan=\"1\">\n<p align=\"justify\">Este equipamiento es parte de la ayuda EQC2021-007485-P, financiada por <a href=\"https:\/\/www.aei.gob.es\" target=\"_blank\" rel=\"noopener\">MICIU\/AEI\/10.13039\/501100011033\/<\/a> y por la \u201c<a href=\"https:\/\/next-generation-eu.europa.eu\/index_es\" target=\"_blank\" rel=\"noopener\">Uni\u00f3n Europea NextGenerationEU\/PRTR<\/a>\u201d.<\/p>\n<\/td>\n<td style=\"border: 0px solid #CCC;padding: 0.5em;vertical-align: top;width: 45%\" colspan=\"1\"><img loading=\"lazy\" src=\"https:\/\/satdi.umh.es\/files\/2024\/11\/imagen_Placa_NEXT_SistemaImagenCitometroMasas_IDiBE_2021.png\" alt=\"Imagen Placa NEXT Sistema Imagen Cit\u00f3metro Masas IDiBE 2021\" width=\"100%\" height=\"100%\" \/><\/td>\n<\/tr>\n<\/tbody>\n<\/table>\n<p>    <!-- TABLA - FINANCIACION - FIN --><\/p><\/div>\n<p>    <!-- DIV 6 - FINANCIACION - FIN--><\/p>\n<p>    <!--**********************************************************--><br \/>\n    <!--**********************************************************--><\/p>\n<p>    <!-- DIV SEPARADOR - INICIO --><\/p>\n<div style=\"border: 0px solid #CCC;padding: 0em;margin: 0em 0em 0em 0em;float: left;width: 100%;height: 5em;vertical-align: top\"> <\/div>\n<p>    <!-- DIV SEPARADOR - FIN --><\/p>\n<p>    <!--**********************************************************--><\/p>\n<p>    <!-- DIV BARRA GRIS IZQUIERDA - INICIO --><\/p>\n<div style=\"border: 2px solid #CCC;padding: 0em;margin: 0em 0em 0em 0em;float: left;width: 30%;height: 0em;vertical-align: top\"> <\/div>\n<p>    <!-- DIV BARRA GRIS IZQUIERDA - FIN --><\/p>\n<p>    <!--**********************************************************--><\/p>\n<p>    <!-- DIV 7 - ENLACES - INICIO--><\/p>\n<div style=\"border: 0px solid #CCC;background-color: none;padding: 0em;margin: 0em 0em 0em 0em;float: left;width: 100%;vertical-align: top\">\n<p>    <!-- DIV ENLACES - NOMBRE - INICIO --><\/p>\n<div style=\"border: 0px solid #CCC;padding-left: 1.5em;margin: 0em 0em 0em 0em;float: left;width: 100%;vertical-align: middle\">\n<p style=\"color: #666666;font-size: 1.5em\" align=\"justify\"><strong>Enlaces<\/strong><\/p>\n<\/p><\/div>\n<p>    <!-- DIV ENLACES - NOMBRE - FIN --><\/p>\n<div style=\"border: 0px solid #CCC;padding: 0em;margin: 0em 0em 0em 0em;float: left;width: 100%\">\n<ul>\n<li>Web del IDiBE (<a href=\"https:\/\/idibe.umh.es\/citometro-de-masas-acoplado-a-sistema-de-imagen-helios-hyperion\/\" target=\"_blank\" rel=\"noopener\">enlace<\/a>)<\/li>\n<\/ul><\/div>\n<\/p><\/div>\n<p>    <!-- DIV 7 - ENLACES - FIN--><\/p>\n<p>    <!--**********************************************************--><br \/>\n    <!--**********************************************************--><\/p>\n<p>    <!--**********************************************************--><\/p>\n<p>    <!-- DIV SEPARADOR - INICIO --><\/p>\n<div style=\"border: 0px solid #CCC;padding: 0em;margin: 0em 0em 0em 0em;float: left;width: 100%;height: 5em;vertical-align: top\"> <\/div>\n<p>    <!-- DIV SEPARADOR - FIN --><\/p>\n<p>    <!--**********************************************************--><\/p><\/div>\n<p>    <!-- DIV 1 - CONTENEDOR CONTENIDO - FIN --><\/p>\n<p>    <!--**********************************************************--><\/p><\/div>\n<p>    <!-- DIV 0 - CONTENEDOR PRINCIPAL - FIN --><br \/>\n    <\/p>","protected":false},"excerpt":{"rendered":"\n<p>Equipamiento<\/p>\n<p>Cit\u00f3metro de masas CyTOF XT acoplado a sistema de imagen Hyperion XTi<\/p>\n<p>CyTOF XT \/ Hyperion XTi (Standard Biotools)<\/p>\n<p>Campus de [&#8230;]<\/p>\n","protected":false},"author":5414,"featured_media":0,"parent":6361,"menu_order":0,"comment_status":"closed","ping_status":"closed","template":"","meta":{"_links_to":"","_links_to_target":""},"_links":{"self":[{"href":"https:\/\/satdi.umh.es\/ca\/wp-json\/wp\/v2\/pages\/8786"}],"collection":[{"href":"https:\/\/satdi.umh.es\/ca\/wp-json\/wp\/v2\/pages"}],"about":[{"href":"https:\/\/satdi.umh.es\/ca\/wp-json\/wp\/v2\/types\/page"}],"author":[{"embeddable":true,"href":"https:\/\/satdi.umh.es\/ca\/wp-json\/wp\/v2\/users\/5414"}],"replies":[{"embeddable":true,"href":"https:\/\/satdi.umh.es\/ca\/wp-json\/wp\/v2\/comments?post=8786"}],"version-history":[{"count":0,"href":"https:\/\/satdi.umh.es\/ca\/wp-json\/wp\/v2\/pages\/8786\/revisions"}],"up":[{"embeddable":true,"href":"https:\/\/satdi.umh.es\/ca\/wp-json\/wp\/v2\/pages\/6361"}],"wp:attachment":[{"href":"https:\/\/satdi.umh.es\/ca\/wp-json\/wp\/v2\/media?parent=8786"}],"curies":[{"name":"wp","href":"https:\/\/api.w.org\/{rel}","templated":true}]}}