{"id":95,"date":"2011-10-03T11:53:09","date_gmt":"2011-10-03T10:53:09","guid":{"rendered":"http:\/\/apodocinv.zeus.umh.es\/?page_id=95"},"modified":"2026-02-04T18:42:00","modified_gmt":"2026-02-04T17:42:00","slug":"carpetas","status":"publish","type":"page","link":"https:\/\/satdi.umh.es\/ca\/utilidades\/prl\/carpetas\/","title":{"rendered":"Documentaci\u00f3 de PRL a laboratoris i tallers"},"content":{"rendered":"<p><\/p>\n<div style=\"margin-left: 36pt\">\n<div style=\"margin-left: 36pt\">\n<p>&nbsp;<\/p>\n<table style=\"height: 531px\" border=\"0\" width=\"980\">\n<tbody>\n<tr>\n<td style=\"padding-left: 7px;padding-right: 7px\" bgcolor=\"#c0c0c0\"><span style=\"font-family: Arial;font-size: 10pt\"><strong><span dir=\"auto\" style=\"vertical-align: inherit\"><span dir=\"auto\" style=\"vertical-align: inherit\">Carpeta verda.<\/span><\/span><\/strong><\/span><\/td>\n<\/tr>\n<tr>\n<td style=\"padding-left: 7px;padding-right: 7px\"><span style=\"font-family: Arial;font-size: 8pt\"><a href=\"https:\/\/apodocinv.umh.es\/files\/2011\/10\/carpeta-verde_1_registro-acceso-restringido.docx\"><span dir=\"auto\" style=\"vertical-align: inherit\"><span dir=\"auto\" style=\"vertical-align: inherit\">1. Registre del personal autoritzat per accedir al laboratori (.docx)<\/span><\/span><\/a><span dir=\"auto\" style=\"vertical-align: inherit\"><span dir=\"auto\" style=\"vertical-align: inherit\"> 32kb<\/span><\/span><\/span><\/td>\n<\/tr>\n<tr>\n<td style=\"padding-left: 7px;padding-right: 7px\"><span style=\"font-family: Arial;font-size: 8pt\"><a href=\"https:\/\/apodocinv.umh.es\/files\/2011\/10\/carpeta-verde_2_registro-de-actividades-restringidas.docx\"><span dir=\"auto\" style=\"vertical-align: inherit\"><span dir=\"auto\" style=\"vertical-align: inherit\">2. Registre d&#8217;activitats restringides a determinat personal (.docx)<\/span><\/span><\/a><span dir=\"auto\" style=\"vertical-align: inherit\"><span dir=\"auto\" style=\"vertical-align: inherit\"> 12kb<\/span><\/span><\/span><\/td>\n<\/tr>\n<tr>\n<td style=\"padding-left: 7px;padding-right: 7px\"><span style=\"font-family: Arial;font-size: 8pt\"><a href=\"https:\/\/apodocinv.umh.es\/files\/2011\/10\/carpeta-verde_3_registro-autorizacion-actividades.docx\"><span dir=\"auto\" style=\"vertical-align: inherit\"><span dir=\"auto\" style=\"vertical-align: inherit\">3. Registre del personal autoritzat a realitzar les diferents tasques restringides (.docx)<\/span><\/span><\/a><span dir=\"auto\" style=\"vertical-align: inherit\"><span dir=\"auto\" style=\"vertical-align: inherit\"> 32kb<\/span><\/span><\/span><\/td>\n<\/tr>\n<tr>\n<td style=\"padding-left: 7px;padding-right: 7px\"><span style=\"font-family: Arial;font-size: 8pt\"><a href=\"https:\/\/apodocinv.umh.es\/files\/2011\/10\/carpeta-verde_4_registro-de-productos-quimicos-v-13.docx\"><span dir=\"auto\" style=\"vertical-align: inherit\"><span dir=\"auto\" style=\"vertical-align: inherit\">4. Relaci\u00f3 de productes qu\u00edmics presents al laboratori <\/span><\/span><\/a><a href=\"https:\/\/apodocinv.umh.es\/files\/2011\/10\/carpeta-verde_3_registro-autorizacion-actividades.docx\"><span dir=\"auto\" style=\"vertical-align: inherit\"><span dir=\"auto\" style=\"vertical-align: inherit\">(.docx)<\/span><\/span><\/a><span dir=\"auto\" style=\"vertical-align: inherit\"><span dir=\"auto\" style=\"vertical-align: inherit\"> 83kb<\/span><\/span><\/span><\/td>\n<\/tr>\n<tr>\n<td style=\"padding-left: 7px;padding-right: 7px\"><span style=\"font-family: Arial;font-size: 8pt\"><a href=\"https:\/\/apodocinv.umh.es\/files\/2011\/10\/carpeta-verde_5_ficha-datos-seg-tolueno_esp.pdf\"><span dir=\"auto\" style=\"vertical-align: inherit\"><span dir=\"auto\" style=\"vertical-align: inherit\">5. Fitxes de dades de seguretat dels productes qu\u00edmics (.pdf)<\/span><\/span><\/a><span dir=\"auto\" style=\"vertical-align: inherit\"><span dir=\"auto\" style=\"vertical-align: inherit\"> 67kb<\/span><\/span><\/span><\/td>\n<\/tr>\n<tr>\n<td style=\"padding-left: 7px;padding-right: 7px\"><span style=\"font-family: Arial;font-size: 8pt\"><a href=\"https:\/\/apodocinv.umh.es\/files\/2011\/10\/carpeta-verde_6_registro_equipos_de_trabajo.docx\"><span dir=\"auto\" style=\"vertical-align: inherit\"><span dir=\"auto\" style=\"vertical-align: inherit\">6. Registre d&#8217;equips de treball <\/span><\/span><\/a><a href=\"https:\/\/apodocinv.umh.es\/files\/2011\/10\/carpeta-verde_3_registro-autorizacion-actividades.docx\"><span dir=\"auto\" style=\"vertical-align: inherit\"><span dir=\"auto\" style=\"vertical-align: inherit\">(.docx)<\/span><\/span><\/a><span dir=\"auto\" style=\"vertical-align: inherit\"><span dir=\"auto\" style=\"vertical-align: inherit\"> 56kb<\/span><\/span><\/span><\/td>\n<\/tr>\n<tr>\n<td style=\"padding-left: 7px;padding-right: 7px\"><span style=\"font-family: Arial;font-size: 8pt\"><a href=\"https:\/\/satdi.umh.es\/files\/2021\/10\/ejemplo-Declaraci\u00f3n-de-Conformidad.docx\"><span dir=\"auto\" style=\"vertical-align: inherit\"><span dir=\"auto\" style=\"vertical-align: inherit\">7. Declaracions de conformitat \/ Adequacions dels equips de treball <\/span><\/span><\/a><a href=\"https:\/\/apodocinv.umh.es\/files\/2011\/10\/carpeta-verde_3_registro-autorizacion-actividades.docx\"><span dir=\"auto\" style=\"vertical-align: inherit\"><span dir=\"auto\" style=\"vertical-align: inherit\">(.docx)<\/span><\/span><\/a><span dir=\"auto\" style=\"vertical-align: inherit\"><span dir=\"auto\" style=\"vertical-align: inherit\"> 70kb<\/span><\/span><\/span><\/td>\n<\/tr>\n<tr>\n<td style=\"padding-left: 7px;padding-right: 7px\"><span style=\"font-family: Arial;font-size: 8pt\"><a href=\"https:\/\/satdi.umh.es\/files\/2021\/10\/Instrucciones-equipos-de-trabajo.docx\"><span dir=\"auto\" style=\"vertical-align: inherit\"><span dir=\"auto\" style=\"vertical-align: inherit\">8. Instruccions dels equips de treball i instal\u00b7lacions <\/span><\/span><\/a><a href=\"https:\/\/apodocinv.umh.es\/files\/2011\/10\/carpeta-verde_3_registro-autorizacion-actividades.docx\"><span dir=\"auto\" style=\"vertical-align: inherit\"><span dir=\"auto\" style=\"vertical-align: inherit\">(.docx)<\/span><\/span><\/a><span dir=\"auto\" style=\"vertical-align: inherit\"><span dir=\"auto\" style=\"vertical-align: inherit\"> 17kb<\/span><\/span><\/span><\/td>\n<\/tr>\n<tr>\n<td style=\"padding-left: 7px;padding-right: 7px\"><span style=\"font-family: Arial;font-size: 8pt\"><a href=\"https:\/\/apodocinv.umh.es\/files\/2011\/10\/carpeta-verde_9_fichas_control_revisiones_equipos.docx\"><span dir=\"auto\" style=\"vertical-align: inherit\"><span dir=\"auto\" style=\"vertical-align: inherit\">9. Fitxes de control de revisions dels equips de treball <\/span><\/span><\/a><a href=\"https:\/\/apodocinv.umh.es\/files\/2011\/10\/carpeta-verde_3_registro-autorizacion-actividades.docx\"><span dir=\"auto\" style=\"vertical-align: inherit\"><span dir=\"auto\" style=\"vertical-align: inherit\">(.docx)<\/span><\/span><\/a><span dir=\"auto\" style=\"vertical-align: inherit\"><span dir=\"auto\" style=\"vertical-align: inherit\"> 75kb<\/span><\/span><\/span><\/td>\n<\/tr>\n<tr>\n<td style=\"padding-left: 7px;padding-right: 7px\"><span style=\"font-family: Arial;font-size: 8pt\"><a href=\"https:\/\/apodocinv.umh.es\/files\/2011\/10\/carpeta-verde_10_mantenimiento_de_instalaciones.docx\"><span dir=\"auto\" style=\"vertical-align: inherit\"><span dir=\"auto\" style=\"vertical-align: inherit\">10. Registre de les revisions de les instal\u00b7lacions i equips <\/span><\/span><\/a><a href=\"https:\/\/apodocinv.umh.es\/files\/2011\/10\/carpeta-verde_3_registro-autorizacion-actividades.docx\"><span dir=\"auto\" style=\"vertical-align: inherit\"><span dir=\"auto\" style=\"vertical-align: inherit\">(.docx)<\/span><\/span><\/a><span dir=\"auto\" style=\"vertical-align: inherit\"><span dir=\"auto\" style=\"vertical-align: inherit\"> 53kb<\/span><\/span><\/span><\/td>\n<\/tr>\n<tr>\n<td style=\"padding-left: 7px;padding-right: 7px\"><span style=\"font-family: Arial;font-size: 8pt\"><a href=\"https:\/\/apodocinv.umh.es\/files\/2011\/10\/carpeta-verde_11_riesgo-actividades-especificas-universitarias-limpieza-nueva.docx\"><span dir=\"auto\" style=\"vertical-align: inherit\"><span dir=\"auto\" style=\"vertical-align: inherit\">11. Informaci\u00f3 lliurada als contractistes que desenvolupen treballs al laboratori <\/span><\/span><\/a><a href=\"https:\/\/apodocinv.umh.es\/files\/2011\/10\/carpeta-verde_3_registro-autorizacion-actividades.docx\"><span dir=\"auto\" style=\"vertical-align: inherit\"><span dir=\"auto\" style=\"vertical-align: inherit\">(.docx)<\/span><\/span><\/a><span dir=\"auto\" style=\"vertical-align: inherit\"><span dir=\"auto\" style=\"vertical-align: inherit\"> 78kb<\/span><\/span><\/span><\/td>\n<\/tr>\n<tr>\n<td style=\"padding-left: 7px;padding-right: 7px\"><span style=\"font-family: Arial;font-size: 8pt\"><a href=\"https:\/\/apodocinv.umh.es\/files\/2011\/10\/carpeta-verde_12_ficha-informativa-riesgos-en-investigacion.docx\"><span dir=\"auto\" style=\"vertical-align: inherit\"><span dir=\"auto\" style=\"vertical-align: inherit\">12. Informaci\u00f3 lliurada a investigadors del laboratori no pertanyents a la UMH <\/span><\/span><\/a><a href=\"https:\/\/apodocinv.umh.es\/files\/2011\/10\/carpeta-verde_3_registro-autorizacion-actividades.docx\"><span dir=\"auto\" style=\"vertical-align: inherit\"><span dir=\"auto\" style=\"vertical-align: inherit\">(.docx)<\/span><\/span><\/a><span dir=\"auto\" style=\"vertical-align: inherit\"><span dir=\"auto\" style=\"vertical-align: inherit\"> 71kb<\/span><\/span><\/span><\/td>\n<\/tr>\n<tr>\n<td style=\"padding-left: 7px;padding-right: 7px\"><span style=\"font-family: Arial;font-size: 8pt\"><a href=\"https:\/\/apodocinv.umh.es\/files\/2011\/10\/carpeta-verde_13_registro_cumplimiento_seguridad_maquinaria.docx\"><span dir=\"auto\" style=\"vertical-align: inherit\"><span dir=\"auto\" style=\"vertical-align: inherit\">13. Registre de compliment de seguretat de la maquin\u00e0ria (.docx)<\/span><\/span><\/a> \u00a0<\/span><span dir=\"auto\" style=\"vertical-align: inherit\"><span dir=\"auto\" style=\"vertical-align: inherit\"> 52kb<\/span><\/span><\/td>\n<\/tr>\n<tr>\n<td style=\"padding-left: 7px;padding-right: 7px\"><span style=\"font-family: Arial;font-size: 8pt\"><a href=\"https:\/\/apodocinv.umh.es\/files\/2011\/10\/carpeta-verde_14_registro-uso-restringidoequipos-trabajo-v3.doc\"><span dir=\"auto\" style=\"vertical-align: inherit\"><span dir=\"auto\" style=\"vertical-align: inherit\">14. Registre del personal autoritzat per a l\u00fas dequips de treball (.docx)<\/span><\/span><\/a> \u00a0<\/span><span dir=\"auto\" style=\"vertical-align: inherit\"><span dir=\"auto\" style=\"vertical-align: inherit\"> 90kb<\/span><\/span><\/td>\n<\/tr>\n<\/tbody>\n<\/table>\n<p>&nbsp;<\/p>\n<\/div>\n<div style=\"margin-left: 36pt\">\n<table style=\"height: 273px\" border=\"0\" width=\"980\">\n<tbody>\n<tr>\n<td style=\"padding-left: 7px;padding-right: 7px\" bgcolor=\"#c0c0c0\"><span style=\"font-family: Arial;font-size: 10pt\"><strong><span dir=\"auto\" style=\"vertical-align: inherit\"><span dir=\"auto\" style=\"vertical-align: inherit\">Carpeta Blava<\/span><\/span><\/strong><\/span><\/td>\n<\/tr>\n<tr>\n<td style=\"padding-left: 7px;padding-right: 7px\"><span style=\"font-family: Arial;font-size: 8pt\"><a href=\"https:\/\/apodocinv.umh.es\/files\/2011\/10\/carpeta_azul_1_ejemplo-reglamento-docente.docx\"><span dir=\"auto\" style=\"vertical-align: inherit\"><span dir=\"auto\" style=\"vertical-align: inherit\">1. Reglament de laboratori <\/span><\/span><\/a><a href=\"https:\/\/apodocinv.umh.es\/files\/2011\/10\/carpeta-verde_3_registro-autorizacion-actividades.docx\"><span dir=\"auto\" style=\"vertical-align: inherit\"><span dir=\"auto\" style=\"vertical-align: inherit\">(.docx)<\/span><\/span><\/a><span dir=\"auto\" style=\"vertical-align: inherit\"><span dir=\"auto\" style=\"vertical-align: inherit\"> 42kb<\/span><\/span><\/span><\/td>\n<\/tr>\n<tr>\n<td style=\"padding-left: 7px;padding-right: 7px\"><span style=\"font-family: Arial;font-size: 8pt\"><a href=\"https:\/\/apodocinv.umh.es\/files\/2011\/10\/carpeta_azul_2_ejemplo-de-programa-actividad-preventiva-instituto-v11.doc\"><span dir=\"auto\" style=\"vertical-align: inherit\"><span dir=\"auto\" style=\"vertical-align: inherit\">2. Documentaci\u00f3 legal d&#8217;obertura i entrega de les instal\u00b7lacions (Si \u00e9s el cas: c\u00f2pia de l&#8217;avaluaci\u00f3 de riscos i pla d&#8217;activitat preventiva) <\/span><\/span><\/a><a href=\"https:\/\/apodocinv.umh.es\/files\/2011\/10\/carpeta-verde_3_registro-autorizacion-actividades.docx\"><span dir=\"auto\" style=\"vertical-align: inherit\"><span dir=\"auto\" style=\"vertical-align: inherit\">(.doc)<\/span><\/span><\/a><span dir=\"auto\" style=\"vertical-align: inherit\"><span dir=\"auto\" style=\"vertical-align: inherit\"> \u00a044kb<\/span><\/span><\/span><\/td>\n<\/tr>\n<tr>\n<td style=\"padding-left: 7px;padding-right: 7px\"><span style=\"font-family: Arial;font-size: 8pt\"><a href=\"https:\/\/apodocinv.umh.es\/files\/2011\/10\/carpeta_azul_3_registro-de-equipos-de-proteccic2a2n-individual.doc\"><span dir=\"auto\" style=\"vertical-align: inherit\"><span dir=\"auto\" style=\"vertical-align: inherit\">3. Registre d&#8217;Equips de Protecci\u00f3 Individual al laboratori <\/span><\/span><\/a><a href=\"https:\/\/apodocinv.umh.es\/files\/2011\/10\/carpeta-verde_3_registro-autorizacion-actividades.docx\"><span dir=\"auto\" style=\"vertical-align: inherit\"><span dir=\"auto\" style=\"vertical-align: inherit\">(.doc)<\/span><\/span><\/a><span dir=\"auto\" style=\"vertical-align: inherit\"><span dir=\"auto\" style=\"vertical-align: inherit\"> 371kb<\/span><\/span><\/span><\/td>\n<\/tr>\n<tr>\n<td style=\"padding-left: 7px;padding-right: 7px\"><span style=\"font-family: Arial;font-size: 8pt\"><a href=\"https:\/\/apodocinv.umh.es\/files\/2011\/10\/carpeta_azul_4_documento-de-entrega-epi.docx\"><span dir=\"auto\" style=\"vertical-align: inherit\"><span dir=\"auto\" style=\"vertical-align: inherit\">4. Justificants de lliurament dels EPI&#8217;s <\/span><\/span><\/a><a href=\"https:\/\/apodocinv.umh.es\/files\/2011\/10\/carpeta-verde_3_registro-autorizacion-actividades.docx\"><span dir=\"auto\" style=\"vertical-align: inherit\"><span dir=\"auto\" style=\"vertical-align: inherit\">(.docx)<\/span><\/span><\/a><span dir=\"auto\" style=\"vertical-align: inherit\"><span dir=\"auto\" style=\"vertical-align: inherit\"> 75kb<\/span><\/span><\/span><\/td>\n<\/tr>\n<tr>\n<td style=\"padding-left: 7px;padding-right: 7px\"><strong><span style=\"font-family: Arial;font-size: 12pt\"><span dir=\"auto\" style=\"vertical-align: inherit\"><span dir=\"auto\" style=\"vertical-align: inherit\">5. Fullets informatius dels EPI&#8217;s (s&#8217;hi adjuntaran)<\/span><\/span><\/span><\/strong><\/td>\n<\/tr>\n<tr>\n<td style=\"padding-left: 7px;padding-right: 7px\"><span style=\"font-family: Arial;font-size: 8pt\"><a href=\"https:\/\/satdi.umh.es\/files\/2021\/10\/procedimientos-de-trabajo.docx\"><span dir=\"auto\" style=\"vertical-align: inherit\"><span dir=\"auto\" style=\"vertical-align: inherit\">6. Procediments \/ protocols\/ processos de treball al laboratori <\/span><\/span><\/a><a href=\"https:\/\/apodocinv.umh.es\/files\/2011\/10\/carpeta-verde_3_registro-autorizacion-actividades.docx\"><span dir=\"auto\" style=\"vertical-align: inherit\"><span dir=\"auto\" style=\"vertical-align: inherit\">(.docx)<\/span><\/span><\/a><span dir=\"auto\" style=\"vertical-align: inherit\"><span dir=\"auto\" style=\"vertical-align: inherit\"> 24kb<\/span><\/span><\/span><\/td>\n<\/tr>\n<tr>\n<td style=\"padding-left: 7px;padding-right: 7px\"><span style=\"font-family: Arial;font-size: 8pt\"><a href=\"https:\/\/apodocinv.umh.es\/files\/2011\/10\/carpeta_azul_7b_manual-acogida.pdf\"><span dir=\"auto\" style=\"vertical-align: inherit\"><span dir=\"auto\" style=\"vertical-align: inherit\">7. Registre del proc\u00e9s d&#8217;acollida del personal al laboratori (.pdf)<\/span><\/span><\/a><span dir=\"auto\" style=\"vertical-align: inherit\"><span dir=\"auto\" style=\"vertical-align: inherit\"> 4,66mb . <\/span><\/span><a href=\"https:\/\/apodocinv.umh.es\/files\/2011\/10\/carpeta_azul_7_ejemplo-manual-acogida-universidad-holandesa.pdf\"><span dir=\"auto\" style=\"vertical-align: inherit\"><span dir=\"auto\" style=\"vertical-align: inherit\">7.1 (Exemple) (.pdf)<\/span><\/span><\/a><span dir=\"auto\" style=\"vertical-align: inherit\"><span dir=\"auto\" style=\"vertical-align: inherit\"> 199kb<\/span><\/span><\/span><\/td>\n<\/tr>\n<tr>\n<td style=\"padding-left: 7px;padding-right: 7px\"><span style=\"font-family: Arial;font-size: 8pt\"><a href=\"https:\/\/apodocinv.umh.es\/files\/2011\/10\/carpeta_azul_8_registro-seguimiento-de-la-formacie280a1n-realizada.docx\"><span dir=\"auto\" style=\"vertical-align: inherit\"><span dir=\"auto\" style=\"vertical-align: inherit\">8. Registre de la formaci\u00f3 impartida al personal del laboratori <\/span><\/span><\/a><a href=\"https:\/\/apodocinv.umh.es\/files\/2011\/10\/carpeta-verde_3_registro-autorizacion-actividades.docx\"><span dir=\"auto\" style=\"vertical-align: inherit\"><span dir=\"auto\" style=\"vertical-align: inherit\">(.docx)<\/span><\/span><\/a><span dir=\"auto\" style=\"vertical-align: inherit\"><span dir=\"auto\" style=\"vertical-align: inherit\"> 31kb<\/span><\/span><\/span><\/td>\n<\/tr>\n<\/tbody>\n<\/table>\n<p>&nbsp;<\/p>\n<\/div>\n<div style=\"margin-left: 36pt\">\n<table style=\"height: 178px\" border=\"0\" width=\"980\">\n<tbody>\n<tr>\n<td style=\"padding-left: 7px;padding-right: 7px\" bgcolor=\"#c0c0c0\"><span style=\"font-family: Arial;font-size: 10pt\"><strong><span dir=\"auto\" style=\"vertical-align: inherit\"><span dir=\"auto\" style=\"vertical-align: inherit\">Carpeta Vermella<\/span><\/span><\/strong><\/span><\/td>\n<\/tr>\n<tr>\n<td style=\"padding-left: 7px;padding-right: 7px\"><span style=\"font-family: Arial;font-size: 8pt\"><a href=\"https:\/\/apodocinv.umh.es\/files\/2011\/10\/carpeta_roja_1_manual-de-autoproteccion-112.doc\"><span dir=\"auto\" style=\"vertical-align: inherit\"><span dir=\"auto\" style=\"vertical-align: inherit\">1. Manual d&#8217;autoprotecci\u00f3 <\/span><\/span><\/a><a href=\"https:\/\/apodocinv.umh.es\/files\/2011\/10\/carpeta-verde_3_registro-autorizacion-actividades.docx\"><span dir=\"auto\" style=\"vertical-align: inherit\"><span dir=\"auto\" style=\"vertical-align: inherit\">(.doc)<\/span><\/span><\/a><span dir=\"auto\" style=\"vertical-align: inherit\"><span dir=\"auto\" style=\"vertical-align: inherit\"> 725kb<\/span><\/span><\/span><\/td>\n<\/tr>\n<tr>\n<td style=\"padding-left: 7px;padding-right: 7px\"><span style=\"font-family: Arial;font-size: 8pt\"><a href=\"https:\/\/apodocinv.umh.es\/files\/2011\/10\/carpeta_roja_2_planes-emergencia-laboratorios.doc\"><span dir=\"auto\" style=\"vertical-align: inherit\"><span dir=\"auto\" style=\"vertical-align: inherit\">2. Pla d&#8217;emerg\u00e8ncia del laboratori (.doc)<\/span><\/span><\/a><span dir=\"auto\" style=\"vertical-align: inherit\"><span dir=\"auto\" style=\"vertical-align: inherit\"> 74kb\u00a0 \u00a0 <\/span><\/span><a href=\"https:\/\/apodocinv.umh.es\/files\/2011\/10\/carpeta_roja_2_aa_resumen-plan-emerg-aa.doc\"><span dir=\"auto\" style=\"vertical-align: inherit\"><span dir=\"auto\" style=\"vertical-align: inherit\">2.0 (Resum) <\/span><\/span><\/a><a href=\"https:\/\/apodocinv.umh.es\/files\/2011\/10\/carpeta-verde_3_registro-autorizacion-actividades.docx\"><span dir=\"auto\" style=\"vertical-align: inherit\"><span dir=\"auto\" style=\"vertical-align: inherit\">(.doc)<\/span><\/span><\/a><span dir=\"auto\" style=\"vertical-align: inherit\"><span dir=\"auto\" style=\"vertical-align: inherit\"> 100kb\u00a0 <\/span><\/span><a href=\"https:\/\/apodocinv.umh.es\/files\/2011\/10\/carpeta_roja_2a_ejemplo-de-plan-de-emrgencia-de-laboratorio-1.doc\"><span dir=\"auto\" style=\"vertical-align: inherit\"><span dir=\"auto\" style=\"vertical-align: inherit\">2.1 (Exemple 1) <\/span><\/span><\/a><a href=\"https:\/\/apodocinv.umh.es\/files\/2011\/10\/carpeta-verde_3_registro-autorizacion-actividades.docx\"><span dir=\"auto\" style=\"vertical-align: inherit\"><span dir=\"auto\" style=\"vertical-align: inherit\">(.doc)<\/span><\/span><\/a><span dir=\"auto\" style=\"vertical-align: inherit\"><span dir=\"auto\" style=\"vertical-align: inherit\"> 46kb\u00a0 \u00a0\u00a0 \u00a0\u00a0 \u00a0\u00a0 \u00a0\u00a0 \u00a0\u00a0 \u00a0\u00a0 \u00a0\u00a0 \u00a0\u00a0 \u00a0\u00a0 \u00a0\u00a0 \u00a0\u00a0 \u00a0\u00a0 \u00a0\u00a0 \u00a0\u00a0 \u00a0\u00a0 \u00a0\u00a0 \u00a0\u00a0 \u00a0\u00a0 \u00a0\u00a0 \u00a0 <\/span><\/span><a href=\"https:\/\/apodocinv.umh.es\/files\/2011\/10\/carpeta_roja_2b_ejemplo-de-plan-de-emrgencia-de-laboratorio-2.doc\"><span dir=\"auto\" style=\"vertical-align: inherit\"><span dir=\"auto\" style=\"vertical-align: inherit\">2.2 (Exemple 2) <\/span><\/span><\/a><a href=\"https:\/\/apodocinv.umh.es\/files\/2011\/10\/carpeta-verde_3_registro-autorizacion-actividades.docx\"><span dir=\"auto\" style=\"vertical-align: inherit\"><span dir=\"auto\" style=\"vertical-align: inherit\">(.doc) <\/span><\/span><\/a><span dir=\"auto\" style=\"vertical-align: inherit\"><a href=\"https:\/\/apodocinv.umh.es\/files\/2011\/10\/carpeta-verde_3_registro-autorizacion-actividades.docx\"><span dir=\"auto\" style=\"vertical-align: inherit\">47kb<\/span><\/a><span dir=\"auto\" style=\"vertical-align: inherit\"> 2.3\u00a0 <\/span><span dir=\"auto\" style=\"vertical-align: inherit\">(\u00a0 <\/span><\/span><a href=\"https:\/\/apodocinv.umh.es\/files\/2011\/10\/carpeta_roja_2c_ejemplo-de-plan-de-emrgencia-de-laboratorio-3.doc\"><span dir=\"auto\" style=\"vertical-align: inherit\"><span dir=\"auto\" style=\"vertical-align: inherit\">Exemple 3 <\/span><\/span><\/a><span dir=\"auto\" style=\"vertical-align: inherit\"><a href=\"https:\/\/apodocinv.umh.es\/files\/2011\/10\/carpeta_roja_2d_ejemplo-de-plan-de-emrgencia-de-laboratorio-4.doc\"><span dir=\"auto\" style=\"vertical-align: inherit\">) <\/span><\/a><a href=\"https:\/\/apodocinv.umh.es\/files\/2011\/10\/carpeta-verde_3_registro-autorizacion-actividades.docx\"><span dir=\"auto\" style=\"vertical-align: inherit\">(.doc)<\/span><\/a><span dir=\"auto\" style=\"vertical-align: inherit\"> 47. 47kb<\/span><\/span><\/span><\/td>\n<\/tr>\n<tr>\n<td style=\"padding-left: 7px;padding-right: 7px\"><span style=\"font-family: Arial;font-size: 8pt\"><a href=\"https:\/\/apodocinv.umh.es\/files\/2011\/10\/carpeta_roja_3_guia-1os-auxilios-aspy-ok.pdf\"><span dir=\"auto\" style=\"vertical-align: inherit\"><span dir=\"auto\" style=\"vertical-align: inherit\">3. Documentaci\u00f3 de primers auxilis (.pdf)<\/span><\/span><\/a><span dir=\"auto\" style=\"vertical-align: inherit\"><span dir=\"auto\" style=\"vertical-align: inherit\"> 324kb\u00a0<\/span><\/span><\/span><\/td>\n<\/tr>\n<tr>\n<td style=\"padding-left: 7px;padding-right: 7px\"><span style=\"font-family: Arial;font-size: 8pt\"><a href=\"https:\/\/apodocinv.umh.es\/files\/2011\/10\/carpeta_roja_4_registro-de-accidentes-unidad.doc\"><span dir=\"auto\" style=\"vertical-align: inherit\"><span dir=\"auto\" style=\"vertical-align: inherit\">4. Registre de les investigacions d&#8217;accidents\/documents de recerca <\/span><\/span><\/a><a href=\"https:\/\/apodocinv.umh.es\/files\/2011\/10\/carpeta-verde_3_registro-autorizacion-actividades.docx\"><span dir=\"auto\" style=\"vertical-align: inherit\"><span dir=\"auto\" style=\"vertical-align: inherit\">(.doc)<\/span><\/span><\/a><span dir=\"auto\" style=\"vertical-align: inherit\"><span dir=\"auto\" style=\"vertical-align: inherit\"> 86kb\u00a0<\/span><\/span><\/span><\/td>\n<\/tr>\n<tr>\n<td style=\"padding-left: 7px;padding-right: 7px\"><span style=\"font-family: Arial;font-size: 8pt\"><a href=\"https:\/\/satdi.umh.es\/files\/2021\/10\/registros-mantenimiento-equipos-emergencia.docx\"><span dir=\"auto\" style=\"vertical-align: inherit\"><span dir=\"auto\" style=\"vertical-align: inherit\">5. Registre de manteniment dels equips dactuaci\u00f3 en cas demerg\u00e8ncia sota responsabilitat del laboratori <\/span><\/span><\/a><a href=\"https:\/\/apodocinv.umh.es\/files\/2011\/10\/carpeta-verde_3_registro-autorizacion-actividades.docx\"><span dir=\"auto\" style=\"vertical-align: inherit\"><span dir=\"auto\" style=\"vertical-align: inherit\">(.docx)<\/span><\/span><\/a><span dir=\"auto\" style=\"vertical-align: inherit\"><span dir=\"auto\" style=\"vertical-align: inherit\"> 19kb<\/span><\/span><\/span><\/td>\n<\/tr>\n<\/tbody>\n<\/table>\n<\/div>\n<p>&nbsp;<\/p>\n<div style=\"margin-left: 36pt\"><\/div>\n<p>&nbsp;<\/p>\n<\/div>\n<p><\/p>","protected":false},"excerpt":{"rendered":"<p>&nbsp;<\/p>\n<p>Carpeta verda.<\/p>\n<p>1. Registre del personal autoritzat per accedir al laboratori (.docx) 32kb<\/p>\n<p>2. Registre d&#8217;activitats restringides a determinat personal (.docx) 12kb<\/p>\n<p>3. Registre del personal autoritzat a realitzar les diferents tasques restringides (.docx) 32kb<\/p>\n<p>4. Relaci\u00f3 de productes qu\u00edmics presents al laboratori (.docx) 83kb<\/p>\n<p>5. Fitxes de dades de seguretat dels productes qu\u00edmics (.pdf) 67kb<\/p>\n<p>6. Registre d&#8217;equips de treball [&#8230;]<\/p>\n","protected":false},"author":149,"featured_media":0,"parent":96,"menu_order":45,"comment_status":"closed","ping_status":"closed","template":"","meta":{"_links_to":"","_links_to_target":""},"_links":{"self":[{"href":"https:\/\/satdi.umh.es\/ca\/wp-json\/wp\/v2\/pages\/95"}],"collection":[{"href":"https:\/\/satdi.umh.es\/ca\/wp-json\/wp\/v2\/pages"}],"about":[{"href":"https:\/\/satdi.umh.es\/ca\/wp-json\/wp\/v2\/types\/page"}],"author":[{"embeddable":true,"href":"https:\/\/satdi.umh.es\/ca\/wp-json\/wp\/v2\/users\/149"}],"replies":[{"embeddable":true,"href":"https:\/\/satdi.umh.es\/ca\/wp-json\/wp\/v2\/comments?post=95"}],"version-history":[{"count":0,"href":"https:\/\/satdi.umh.es\/ca\/wp-json\/wp\/v2\/pages\/95\/revisions"}],"up":[{"embeddable":true,"href":"https:\/\/satdi.umh.es\/ca\/wp-json\/wp\/v2\/pages\/96"}],"wp:attachment":[{"href":"https:\/\/satdi.umh.es\/ca\/wp-json\/wp\/v2\/media?parent=95"}],"curies":[{"name":"wp","href":"https:\/\/api.w.org\/{rel}","templated":true}]}}