{"id":96,"date":"2011-10-03T11:52:22","date_gmt":"2011-10-03T10:52:22","guid":{"rendered":"http:\/\/apodocinv.zeus.umh.es\/?page_id=96"},"modified":"2026-02-19T20:29:16","modified_gmt":"2026-02-19T19:29:16","slug":"prl","status":"publish","type":"page","link":"https:\/\/satdi.umh.es\/ca\/utilidades\/prl\/","title":{"rendered":"Prevenci\u00f3 de Riscos Laborals"},"content":{"rendered":"<p><\/p>\n<ul>\n<li><strong><a title=\"Aplicaci\u00f3 de Gesti\u00f3 de Productes Qu\u00edmics\" href=\"http:\/\/universite.umh.es\/riesgos\/\" target=\"_blank\" rel=\"noopener noreferrer\"><span dir=\"auto\" style=\"vertical-align: inherit\"><span dir=\"auto\" style=\"vertical-align: inherit\">Aplicaci\u00f3 de Gesti\u00f3 de Productes Qu\u00edmics<\/span><\/span><\/a><\/strong><\/li>\n<li><strong><a href=\"https:\/\/universite.umh.es\/riesgos\/docs\/GUIA%20DE%20LA%20APLICACI%C3%93N%20INFORMATICA%20PARA%20LA%20GESTION%20DE%20PRODUCTOS%20QUIMICOS.pdf\" target=\"_blank\" rel=\"noopener\"><span dir=\"auto\" style=\"vertical-align: inherit\"><span dir=\"auto\" style=\"vertical-align: inherit\">Guia de l\u00b4Usuari de l\u00b4aplicaci\u00f3 per a Gesti\u00f3 de Productes Qu\u00edmics (.pdf)<\/span><\/span><\/a> <\/strong><span dir=\"auto\" style=\"vertical-align: inherit\"><span dir=\"auto\" style=\"vertical-align: inherit\"> 955Kb<\/span><\/span><\/li>\n<li><strong><a href=\"https:\/\/satdi.umh.es\/ca\/utilidades\/prl\/carpetas\/\" rel=\"noopener\"><span dir=\"auto\" style=\"vertical-align: inherit\"><span dir=\"auto\" style=\"vertical-align: inherit\">Desc\u00e0rrega de documentaci\u00f3 de les carpetes de PRL a laboratoris i tallers (inclou plantilles i exemples de documents)<\/span><\/span><\/a><\/strong><\/li>\n<li><strong><a href=\"https:\/\/satdi.umh.es\/files\/2020\/04\/Revisi\u00f3n-Botiquines-Laboratorio.pdf\" target=\"_blank\" rel=\"noopener\"><span dir=\"auto\" style=\"vertical-align: inherit\"><span dir=\"auto\" style=\"vertical-align: inherit\">Instruccions per a la revisi\u00f3 de farmacioles al laboratori (.pdf)<\/span><\/span><\/a> <\/strong><span dir=\"auto\" style=\"vertical-align: inherit\"><span dir=\"auto\" style=\"vertical-align: inherit\"> 146Kb<\/span><\/span><\/li>\n<li><a href=\"https:\/\/satdi.umh.es\/files\/2024\/02\/PROTOCOLO-EMPLEO-GAFAS-PROTECTORAS-PRACTICAS-SATDI-1.pdf\" target=\"_blank\" rel=\"noopener\"><strong><span dir=\"auto\" style=\"vertical-align: inherit\"><span dir=\"auto\" style=\"vertical-align: inherit\">Protocol ocupaci\u00f3 ulleres protectores en pr\u00e0ctiques (.pdf)<\/span><\/span><\/strong><\/a><span dir=\"auto\" style=\"vertical-align: inherit\"><span dir=\"auto\" style=\"vertical-align: inherit\"> 577Kb<\/span><\/span><\/li>\n<\/ul>\n<p><\/p>","protected":false},"excerpt":{"rendered":"<p>Aplicaci\u00f3 de Gesti\u00f3 de Productes Qu\u00edmics<br \/>\nGuia de l\u00b4Usuari de l\u00b4aplicaci\u00f3 per a Gesti\u00f3 de Productes Qu\u00edmics (.pdf)  955Kb<br \/>\nDesc\u00e0rrega de documentaci\u00f3 de les carpetes de PRL a laboratoris i tallers (inclou plantilles i exemples de documents)<br \/>\nInstruccions per a la revisi\u00f3 de farmacioles al laboratori (.pdf)  146Kb<br \/>\nProtocol ocupaci\u00f3 ulleres protectores en pr\u00e0ctiques (.pdf) 577Kb<\/p>\n","protected":false},"author":149,"featured_media":0,"parent":2702,"menu_order":2,"comment_status":"closed","ping_status":"closed","template":"","meta":{"_links_to":"","_links_to_target":""},"_links":{"self":[{"href":"https:\/\/satdi.umh.es\/ca\/wp-json\/wp\/v2\/pages\/96"}],"collection":[{"href":"https:\/\/satdi.umh.es\/ca\/wp-json\/wp\/v2\/pages"}],"about":[{"href":"https:\/\/satdi.umh.es\/ca\/wp-json\/wp\/v2\/types\/page"}],"author":[{"embeddable":true,"href":"https:\/\/satdi.umh.es\/ca\/wp-json\/wp\/v2\/users\/149"}],"replies":[{"embeddable":true,"href":"https:\/\/satdi.umh.es\/ca\/wp-json\/wp\/v2\/comments?post=96"}],"version-history":[{"count":0,"href":"https:\/\/satdi.umh.es\/ca\/wp-json\/wp\/v2\/pages\/96\/revisions"}],"up":[{"embeddable":true,"href":"https:\/\/satdi.umh.es\/ca\/wp-json\/wp\/v2\/pages\/2702"}],"wp:attachment":[{"href":"https:\/\/satdi.umh.es\/ca\/wp-json\/wp\/v2\/media?parent=96"}],"curies":[{"name":"wp","href":"https:\/\/api.w.org\/{rel}","templated":true}]}}