{"id":9671,"date":"2025-09-04T09:34:56","date_gmt":"2025-09-04T07:34:56","guid":{"rendered":"https:\/\/satdi.umh.es\/?page_id=9671"},"modified":"2026-02-02T20:43:13","modified_gmt":"2026-02-02T19:43:13","slug":"satdi-ic-microscopio-optico-invertido-de-fluorescencia-axio-observer-7-zeiss","status":"publish","type":"page","link":"https:\/\/satdi.umh.es\/ca\/servicios-prestados\/instrumentacioncientifica\/servicios_ofertados\/servicios_ofertados-satdi-ic-microscopia-optica-avanzada\/satdi-ic-microscopio-optico-invertido-de-fluorescencia-axio-observer-7-zeiss\/","title":{"rendered":"SATDI-IC: Microscopi \u00f2ptic invertit de Fluoresc\u00e8ncia (Axio Observer 7, Zeiss)"},"content":{"rendered":"<p><\/p>\n<div style=\"border: 0px solid #CCC;background-color: none;padding: 0em;margin: 0em 0em 0em 0em;float: left;width: 100%;vertical-align: top\">\n<div style=\"border: 0px solid #CCC;padding-left: 1.5em;margin: 0em 0em 0em 0em;float: left;width: 100%;vertical-align: middle\">\n<p style=\"color: #666666;font-size: 1.5em\" align=\"justify\"><strong><span dir=\"auto\" style=\"vertical-align: inherit\"><span dir=\"auto\" style=\"vertical-align: inherit\">Equipament<\/span><\/span><\/strong><\/p>\n<\/div>\n<p><!-- DIV EQUIPAMIENTO - NOMBRE - FIN --><\/p>\n<p><!-- TABLA - EQUIPAMIENTO - INICIO --><\/p>\n<table style=\"border: 0px solid #CCC;background-color: #ddd;float: left;width: 100%;text-align: center\">\n<tbody>\n<tr style=\"border: 0px solid #FFF\">\n<td style=\"border: 0px solid #CCC;padding: 0.5em;width: 40%\" colspan=\"1\">\n<p align=\"justify\"><strong><span dir=\"auto\" style=\"vertical-align: inherit\"><span dir=\"auto\" style=\"vertical-align: inherit\">Microscopi \u00f2ptic invertit de fluoresc\u00e8ncia<\/span><\/span><br \/>\n<\/strong><\/p>\n<p style=\"color: #666666\" align=\"justify\"><strong><span dir=\"auto\" style=\"vertical-align: inherit\"><span dir=\"auto\" style=\"vertical-align: inherit\">Axio Observer 7 (Zeiss)<\/span><\/span><\/strong><\/p>\n<\/td>\n<td style=\"border: 0px solid #CCC;padding: 0.5em;width: 52.5%\" colspan=\"1\" valign=\"center\">\n<p align=\"right\"><span style=\"color: #a31c19\"><strong><span dir=\"auto\" style=\"vertical-align: inherit\"><span dir=\"auto\" style=\"vertical-align: inherit\">Campus d&#8217;ELX<\/span><\/span><\/strong><\/span><\/p>\n<\/td>\n<td style=\"border: 0px solid #CCC;padding: 0.5em;width: 7.5%;text-align: right\" colspan=\"1\" valign=\"top\"><img src=\"https:\/\/satdi.umh.es\/files\/2024\/01\/Imagen_LogoSATDI-IC.png\" alt=\"Logo SATDI-IC\" width=\"90%\" \/><\/td>\n<\/tr>\n<tr style=\"border: 0px solid #FFF;height: auto\">\n<td style=\"border: 0px solid #CCC;padding: 0.5em;vertical-align: top;width: 35%\" rowspan=\"2\"><img loading=\"lazy\" src=\"https:\/\/satdi.umh.es\/files\/2025\/09\/imagen_MicroscopioOptico_axioObserver7_Zeiss_campusElche.jpg\" alt=\"Imatge Microscopi \u00d2ptic invertit de Fluoresc\u00e8ncia (Axio Observer 7, Zeiss)\" width=\"100%\" height=\"100%\" \/><\/td>\n<td style=\"border: 0px solid #CCC;padding: 0.5em;vertical-align: top;width: 65%\" colspan=\"2\">\n<p align=\"justify\"><span dir=\"auto\" style=\"vertical-align: inherit\"><span dir=\"auto\" style=\"vertical-align: inherit\">Microscopi \u00f2ptic invertit vers\u00e0til, f\u00e0cil d&#8217;usar i motoritzat que permet adquirir mesures de llum transmesa en camp clar i contrast de fases aix\u00ed com epifluoresc\u00e8ncia. Treballa amb font de llum LED d&#8217;estat s\u00f2lid, Coilibri 7, de tipus RGB-UV, que permet canvis r\u00e0pids de l\u00ednies d&#8217;excitaci\u00f3 amb bandes d&#8217;emissi\u00f3 molt estretes i la intensitat de les quals es pot ajustar.<\/span><\/span><\/p>\n<\/td>\n<\/tr>\n<tr style=\"border: 0px solid #FFF\">\n<td style=\"border: 0px solid #EEE;padding: 0.5em;height: 10%;width: 65%\" colspan=\"2\" valign=\"center\">\n<p align=\"left\"><strong>\u00a0<\/strong><\/p>\n<\/td>\n<\/tr>\n<tr style=\"border: 0px solid #FFF\">\n<td style=\"border: 0px solid #CCC;padding: 0.5em;width: 100%\" colspan=\"3\">\n<p align=\"justify\"><span dir=\"auto\" style=\"vertical-align: inherit\"><span dir=\"auto\" style=\"vertical-align: inherit\">Algunes caracter\u00edstiques de l&#8217;equip es detallen a continuaci\u00f3:<\/span><\/span><\/p>\n<ul>\n<li>\n<p align=\"justify\"><span dir=\"auto\" style=\"vertical-align: inherit\"><span dir=\"auto\" style=\"vertical-align: inherit\">L\u00ednies d&#8217;excitaci\u00f3: Ultraviolat (385 nm), Blau (475 nm), Verd (555 nm) i Vermell (630 nm)<\/span><\/span><\/p>\n<\/li>\n<li>\n<p align=\"justify\"><span dir=\"auto\" style=\"vertical-align: inherit\"><span dir=\"auto\" style=\"vertical-align: inherit\">Objectius: <\/span><\/span><br \/>\n<span dir=\"auto\" style=\"vertical-align: inherit\"><span dir=\"auto\" style=\"vertical-align: inherit\">EC Pla-Neofluar 20x\/0,50 Ph2 <\/span><\/span><br \/>\n<span dir=\"auto\" style=\"vertical-align: inherit\"><span dir=\"auto\" style=\"vertical-align: inherit\">LD Pla-Neofluar 20x\/0,4 Corr Ph2 <\/span><\/span><br \/>\n<span dir=\"auto\" style=\"vertical-align: inherit\"><span dir=\"auto\" style=\"vertical-align: inherit\">EC Pla-Neofluar 40x\/0,75 Ph2 <\/span><\/span><br \/>\n<span dir=\"auto\" style=\"vertical-align: inherit\"><span dir=\"auto\" style=\"vertical-align: inherit\">EC Pla-Neofluar 63x\/1,25 Oil<\/span><\/span><\/p>\n<\/li>\n<li>\n<p align=\"justify\"><span dir=\"auto\" style=\"vertical-align: inherit\"><span dir=\"auto\" style=\"vertical-align: inherit\">Filtres disponibles: <\/span><\/span><br \/>\n<span dir=\"auto\" style=\"vertical-align: inherit\"><span dir=\"auto\" style=\"vertical-align: inherit\">90 HE LED que inclou 425\/30 (DAPI, Alexa 405, Hoechst i similars), 541\/30 (GFP, Fluo 4, FITC i similars), 592\/25 (Cy3, TRITC, DsRed i similars) i 709\/100 <\/span><\/span><br \/>\n<span dir=\"auto\" style=\"vertical-align: inherit\"><span dir=\"auto\" style=\"vertical-align: inherit\">43 HE Cy3 shift free. EX BP 550\/25, BS FT 570, EM BP 605\/70<\/span><\/span><\/p>\n<\/li>\n<li>\n<p align=\"justify\"><span dir=\"auto\" style=\"vertical-align: inherit\"><span dir=\"auto\" style=\"vertical-align: inherit\">Cambra digital Axiocam 503 monocroma d&#8217;alta sensibilitat<\/span><\/span><\/p>\n<\/li>\n<li>\n<p align=\"justify\"><span dir=\"auto\" style=\"vertical-align: inherit\"><span dir=\"auto\" style=\"vertical-align: inherit\">Platina amb diversos marcs universals de subjecci\u00f3<\/span><\/span><\/p>\n<\/li>\n<li>\n<p align=\"justify\"><span dir=\"auto\" style=\"vertical-align: inherit\"><span dir=\"auto\" style=\"vertical-align: inherit\">Programari ZEN pro amb diversos m\u00f2duls de mesura associats com TimeLapse, Z-stack, Shuttle&amp;Find o Autofocus<\/span><\/span><\/p>\n<\/li>\n<\/ul>\n<\/td>\n<\/tr>\n<\/tbody>\n<\/table>\n<p><!-- TABLA - EQUIPAMIENTO - FIN --><\/p>\n<\/div>\n<p><!-- DIV 2 - EQUIPAMIENTO - FIN--><\/p>\n<p><!--**********************************************************--><br \/>\n<!--**********************************************************--><\/p>\n<p><!-- DIV SEPARADOR - INICIO --><\/p>\n<div style=\"border: 0px solid #CCC;padding: 0em;margin: 0em 0em 0em 0em;float: left;width: 100%;height: 5em;vertical-align: top\"><\/div>\n<p><!-- DIV SEPARADOR - FIN --><\/p>\n<p><!--**********************************************************--><\/p>\n<p><!-- DIV BARRA GRIS IZQUIERDA - INICIO --><\/p>\n<div style=\"border: 2px solid #CCC;padding: 0em;margin: 0em 0em 0em 0em;float: left;width: 30%;height: 0em;vertical-align: top\"><\/div>\n<p><!-- DIV BARRA GRIS IZQUIERDA - FIN --><\/p>\n<p><!--**********************************************************--><\/p>\n<p><!-- DIV 3 - CONTACTO - INICIO--><\/p>\n<div style=\"border: 0px solid #CCC;background-color: none;padding: 0em;margin: 0em 0em 0em 0em;float: left;width: 100%;vertical-align: top\">\n<p><!-- DIV CONTACTO - NOMBRE - INICIO --><\/p>\n<div style=\"border: 0px solid #CCC;padding-left: 1.5em;margin: 0em 0em 0em 0em;float: left;width: 100%;vertical-align: middle\">\n<p style=\"color: #666666;font-size: 1.5em\" align=\"justify\"><strong><span dir=\"auto\" style=\"vertical-align: inherit\"><span dir=\"auto\" style=\"vertical-align: inherit\">Contacte<\/span><\/span><\/strong><\/p>\n<\/div>\n<p><!-- DIV CONTACTO - NOMBRE - FIN --><\/p>\n<p><!-- TABLA - CONTACTO - INICIO --><\/p>\n<table style=\"border: 0px solid #CCC;float: left;width: 100%;text-align: center\">\n<tbody>\n<tr style=\"border: 0px solid #CCC\">\n<td style=\"border: 0px solid #CCC;padding: 0.5em\" colspan=\"1\" rowspan=\"1\">\n<p align=\"justify\"><strong><span dir=\"auto\" style=\"vertical-align: inherit\"><span dir=\"auto\" style=\"vertical-align: inherit\">Campus d&#8217;ELX<\/span><\/span><\/strong><\/p>\n<p align=\"justify\"><span dir=\"auto\" style=\"vertical-align: inherit\"><span dir=\"auto\" style=\"vertical-align: inherit\">Edifici TORREGAIT\u00c1N <\/span><\/span><br \/>\n<span dir=\"auto\" style=\"vertical-align: inherit\"><span dir=\"auto\" style=\"vertical-align: inherit\">(Codi GIS: E10P1010)<\/span><\/span><\/p>\n<\/td>\n<td style=\"border: 0px solid #eeeeee;padding: 0.5em;text-align: center\" colspan=\"1\" valign=\"center\"><span dir=\"auto\" style=\"vertical-align: inherit\"><span dir=\"auto\" style=\"vertical-align: inherit\">Veure ubicaci\u00f3<\/span><\/span><a href=\"http:\/\/universite.umh.es\/localizaciones\/?selT=edificios&amp;selI=E10P1010\" target=\"_blank\" rel=\"noopener\"><img loading=\"lazy\" class=\"aligncenter\" src=\"https:\/\/satdi.umh.es\/files\/2024\/01\/ICONO_UBICACION-1.png\" alt=\"Icona de la ubicaci\u00f3\" width=\"25px\" height=\"auto\" \/><\/a><\/td>\n<td style=\"border: 0px solid #CCC;padding: 0.5em\" colspan=\"1\" rowspan=\"1\"><\/td>\n<td style=\"border: 0px solid #CCC;padding: 0.5em\" colspan=\"1\" rowspan=\"1\">\n<ul style=\"float: left;text-align: justify\">\n<li style=\"color: #666666\"><strong><span dir=\"auto\" style=\"vertical-align: inherit\"><span dir=\"auto\" style=\"vertical-align: inherit\">Serrano Garc\u00eda, Jos\u00e9 Manuel<\/span><\/span><\/strong><\/li>\n<li><span dir=\"auto\" style=\"vertical-align: inherit\"><span dir=\"auto\" style=\"vertical-align: inherit\">+34 966 65 8448 | +34 648891391 | 51391<\/span><\/span><\/li>\n<li><span dir=\"auto\" style=\"vertical-align: inherit\"><span dir=\"auto\" style=\"vertical-align: inherit\">jmserrano@umh.es<\/span><\/span><\/li>\n<\/ul>\n<p>&nbsp;<\/p>\n<ul style=\"float: left;text-align: justify\">\n<li style=\"color: #666666\"><strong><span dir=\"auto\" style=\"vertical-align: inherit\"><span dir=\"auto\" style=\"vertical-align: inherit\">Rodr\u00edguez Ca\u00f1as, Enric<\/span><\/span><\/strong><\/li>\n<li><span dir=\"auto\" style=\"vertical-align: inherit\"><span dir=\"auto\" style=\"vertical-align: inherit\">+34 965 22 2237<\/span><\/span><\/li>\n<li><span dir=\"auto\" style=\"vertical-align: inherit\"><span dir=\"auto\" style=\"vertical-align: inherit\">enrique.rodriguezc@umh.es<\/span><\/span><\/li>\n<\/ul>\n<\/td>\n<\/tr>\n<\/tbody>\n<\/table>\n<p><!-- TABLA - CONTACTO - FIN --><\/p>\n<\/div>\n<p><!-- DIV 3 - CONTACTO - FIN--><\/p>\n<p><!--**********************************************************--><br \/>\n<!--**********************************************************--><\/p>\n<p><!-- DIV SEPARADOR - INICIO --><\/p>\n<div style=\"border: 0px solid #CCC;padding: 0em;margin: 0em 0em 0em 0em;float: left;width: 100%;height: 5em;vertical-align: top\"><\/div>\n<p><!-- DIV SEPARADOR - FIN --><\/p>\n<p><!--**********************************************************--><\/p>\n<p><!-- DIV BARRA GRIS IZQUIERDA - INICIO --><\/p>\n<div style=\"border: 2px solid #CCC;padding: 0em;margin: 0em 0em 0em 0em;float: left;width: 30%;height: 0em;vertical-align: top\"><\/div>\n<p><!-- DIV BARRA GRIS IZQUIERDA - FIN --><\/p>\n<p><!--**********************************************************--><\/p>\n<p><!-- DIV 3 - TARIFAS - INICIO--><\/p>\n<div style=\"border: 0px solid #CCC;background-color: none;padding: 0em;margin: 0em 0em 0em 0em;float: left;width: 100%;vertical-align: top\">\n<p><!-- DIV TARIFAS - NOMBRE - INICIO --><\/p>\n<div style=\"border: 0px solid #CCC;padding-left: 1.5em;margin: 0em 0em 0em 0em;float: left;width: 100%;vertical-align: middle\">\n<p style=\"color: #666666;font-size: 1.5em\" align=\"justify\"><strong><span dir=\"auto\" style=\"vertical-align: inherit\"><span dir=\"auto\" style=\"vertical-align: inherit\">Tarifes vigents (2026)<\/span><\/span><\/strong><\/p>\n<\/div>\n<p><!-- DIV TARIFAS - NOMBRE - FIN --><\/p>\n<div style=\"border: 0px solid #CCC;padding: 0em;margin: 0em 0em 0em 0em;float: left;width: 100%\">\n<table style=\"border: 0px solid #CCC;float: left;width: 100%;text-align: center\">\n<tbody>\n<tr style=\"border: 0px solid #CCC\">\n<td style=\"border: 0px solid #CCC;background-color: #ccc;padding: 0.5em;width: 10%\" colspan=\"1\" rowspan=\"1\">\n<p align=\"center\"><strong><span dir=\"auto\" style=\"vertical-align: inherit\"><span dir=\"auto\" style=\"vertical-align: inherit\">Refer\u00e8ncia<\/span><\/span><\/strong><\/p>\n<\/td>\n<td style=\"border: 0px solid #CCC;background-color: #ccc;padding: 0.5em;width: 50%\" colspan=\"1\" rowspan=\"1\">\n<p align=\"center\"><strong><span dir=\"auto\" style=\"vertical-align: inherit\"><span dir=\"auto\" style=\"vertical-align: inherit\">Descripci\u00f3<\/span><\/span><\/strong><\/p>\n<\/td>\n<td style=\"border: 0px solid #CCC;background-color: #ccc;padding: 0.5em;width: 10%\" colspan=\"1\" rowspan=\"1\">\n<p align=\"center\"><strong><span dir=\"auto\" style=\"vertical-align: inherit\"><span dir=\"auto\" style=\"vertical-align: inherit\">Unitat <\/span><\/span><br \/>\n<span dir=\"auto\" style=\"vertical-align: inherit\"><span dir=\"auto\" style=\"vertical-align: inherit\">de <\/span><\/span><br \/>\n<span dir=\"auto\" style=\"vertical-align: inherit\"><span dir=\"auto\" style=\"vertical-align: inherit\">mesura<\/span><\/span><\/strong><\/p>\n<\/td>\n<td style=\"border: 0px solid #CCC;background-color: #ccc;padding: 0.5em;width: 10%\" colspan=\"1\" rowspan=\"1\">\n<p align=\"center\"><strong><span dir=\"auto\" style=\"vertical-align: inherit\"><span dir=\"auto\" style=\"vertical-align: inherit\">Preu unitari UMH (\u20ac)<\/span><\/span><\/strong><\/p>\n<\/td>\n<td style=\"border: 0px solid #CCC;background-color: #ccc;padding: 0.5em;width: 10%\" colspan=\"1\" rowspan=\"1\">\n<p align=\"center\"><strong><span dir=\"auto\" style=\"vertical-align: inherit\"><span dir=\"auto\" style=\"vertical-align: inherit\">Preu unitari Entitats P\u00fabliques (\u20ac)<\/span><\/span><\/strong><\/p>\n<\/td>\n<td style=\"border: 0px solid #CCC;background-color: #ccc;padding: 0.5em;width: 10%\" colspan=\"1\" rowspan=\"1\">\n<p align=\"center\"><strong><span dir=\"auto\" style=\"vertical-align: inherit\"><span dir=\"auto\" style=\"vertical-align: inherit\">Preu unitari Entitats Privades (\u20ac)<\/span><\/span><\/strong><\/p>\n<\/td>\n<\/tr>\n<tr style=\"border: 0px solid #CCC\">\n<td style=\"border: 0px solid #CCC;background-color: #e0e0e0;padding: 0.5em;width: 10%\" colspan=\"1\" rowspan=\"1\">\n<p align=\"center\"><span dir=\"auto\" style=\"vertical-align: inherit\"><span dir=\"auto\" style=\"vertical-align: inherit\">T-ELTG-09<\/span><\/span><\/p>\n<\/td>\n<td style=\"border: 0px solid #CCC;background-color: #e0e0e0;padding: 0.5em;width: 50%\" colspan=\"1\" rowspan=\"1\">\n<p align=\"justify\"><span dir=\"auto\" style=\"vertical-align: inherit\"><span dir=\"auto\" style=\"vertical-align: inherit\">\u00das del microscopi de fluoresc\u00e8ncia Axio Observer 7<\/span><\/span><\/p>\n<\/td>\n<td style=\"border: 0px solid #CCC;background-color: #e0e0e0;padding: 0.5em;width: 10%\" colspan=\"1\" rowspan=\"1\">\n<p align=\"center\"><span dir=\"auto\" style=\"vertical-align: inherit\"><span dir=\"auto\" style=\"vertical-align: inherit\">hora<\/span><\/span><\/p>\n<\/td>\n<td style=\"border: 0px solid #CCC;background-color: #e0e0e0;padding: 0.5em;width: 10%\" colspan=\"1\" rowspan=\"1\">\n<p align=\"center\"><span dir=\"auto\" style=\"vertical-align: inherit\"><span dir=\"auto\" style=\"vertical-align: inherit\">5.03<\/span><\/span><\/p>\n<\/td>\n<td style=\"border: 0px solid #CCC;background-color: #e0e0e0;padding: 0.5em;width: 10%\" colspan=\"1\" rowspan=\"1\">\n<p align=\"center\"><span dir=\"auto\" style=\"vertical-align: inherit\"><span dir=\"auto\" style=\"vertical-align: inherit\">5.82<\/span><\/span><\/p>\n<\/td>\n<td style=\"border: 0px solid #CCC;background-color: #e0e0e0;padding: 0.5em;width: 10%\" colspan=\"1\" rowspan=\"1\">\n<p align=\"center\"><span dir=\"auto\" style=\"vertical-align: inherit\"><span dir=\"auto\" style=\"vertical-align: inherit\">6.17<\/span><\/span><\/p>\n<\/td>\n<\/tr>\n<\/tbody>\n<\/table>\n<\/div>\n<\/div>\n<p><!-- DIV 3 - TARIFAS - FIN --><\/p>\n<p><!--**********************************************************--><br \/>\n<!--**********************************************************--><\/p>\n<p><!--**********************************************************--><\/p>\n<p><!-- DIV SEPARADOR - INICIO --><\/p>\n<div style=\"border: 0px solid #CCC;padding: 0em;margin: 0em 0em 0em 0em;float: left;width: 100%;height: 5em;vertical-align: top\"><\/div>\n<p><\/p>","protected":false},"excerpt":{"rendered":"<p>Equipament<\/p>\n<p>Microscopi \u00f2ptic invertit de fluoresc\u00e8ncia<\/p>\n<p>Axio Observer 7 (Zeiss)<\/p>\n<p>Campus d&#8217;ELX<\/p>\n<p>Microscopi \u00f2ptic invertit vers\u00e0til, f\u00e0cil d&#8217;usar i motoritzat que permet adquirir mesures de llum transmesa en camp clar i contrast de fases aix\u00ed com epifluoresc\u00e8ncia. Treballa amb font de llum LED d&#8217;estat s\u00f2lid, Coilibri 7, de tipus RGB-UV, que permet canvis r\u00e0pids de l\u00ednies d&#8217;excitaci\u00f3 amb bandes [&#8230;]<\/p>\n","protected":false},"author":5414,"featured_media":0,"parent":349,"menu_order":0,"comment_status":"closed","ping_status":"closed","template":"","meta":{"_links_to":"","_links_to_target":""},"_links":{"self":[{"href":"https:\/\/satdi.umh.es\/ca\/wp-json\/wp\/v2\/pages\/9671"}],"collection":[{"href":"https:\/\/satdi.umh.es\/ca\/wp-json\/wp\/v2\/pages"}],"about":[{"href":"https:\/\/satdi.umh.es\/ca\/wp-json\/wp\/v2\/types\/page"}],"author":[{"embeddable":true,"href":"https:\/\/satdi.umh.es\/ca\/wp-json\/wp\/v2\/users\/5414"}],"replies":[{"embeddable":true,"href":"https:\/\/satdi.umh.es\/ca\/wp-json\/wp\/v2\/comments?post=9671"}],"version-history":[{"count":0,"href":"https:\/\/satdi.umh.es\/ca\/wp-json\/wp\/v2\/pages\/9671\/revisions"}],"up":[{"embeddable":true,"href":"https:\/\/satdi.umh.es\/ca\/wp-json\/wp\/v2\/pages\/349"}],"wp:attachment":[{"href":"https:\/\/satdi.umh.es\/ca\/wp-json\/wp\/v2\/media?parent=9671"}],"curies":[{"name":"wp","href":"https:\/\/api.w.org\/{rel}","templated":true}]}}