{"id":10867,"date":"2026-01-13T13:43:07","date_gmt":"2026-01-13T12:43:07","guid":{"rendered":"https:\/\/satdi.umh.es\/?page_id=10867"},"modified":"2026-02-19T20:48:10","modified_gmt":"2026-02-19T19:48:10","slug":"paseos-saludables-sant-joan-2022","status":"publish","type":"page","link":"https:\/\/satdi.umh.es\/en\/informacion-ambiental\/objetivos-ambientales-satdi\/paseos-saludables\/campus-de-sant-joan\/paseos-saludables-sant-joan-2022\/","title":{"rendered":"Healthy walks Sant Joan 2022"},"content":{"rendered":"<p><\/p>\n<div class=\"css-175oi2r r-1p0dtai r-1d2f490 r-1udh08x r-u8s1d r-zchlnj r-ipm5af\">\n<h5><strong><span dir=\"auto\" style=\"vertical-align: inherit\"><span dir=\"auto\" style=\"vertical-align: inherit\">Healthy walk in times of COVID (February)<\/span><\/span><\/strong><\/h5>\n<\/div>\n<div class=\"css-175oi2r r-1p0dtai r-1d2f490 r-1udh08x r-u8s1d r-zchlnj r-ipm5af\">\n<p style=\"text-align: justify\"><span dir=\"auto\" style=\"vertical-align: inherit\"><span dir=\"auto\" style=\"vertical-align: inherit\">The first SATDI health walks took place during the COVID era. Our colleagues from Sant Joan, still wearing masks, dedicated some time to a healthy walk near the campus facilities, where they could breathe fresh air amidst lush vegetation and escape for a moment from the hectic routine of their teams and the incessant noise of the city.<\/span><\/span><\/p>\n<\/div>\n<p><img src=\"https:\/\/satdi.umh.es\/files\/2024\/09\/Paseo-saludable-SANT-JOAN-febrero-2022.jpg\" \/><\/p>\n<p><em><span dir=\"auto\" style=\"vertical-align: inherit\"><span dir=\"auto\" style=\"vertical-align: inherit\">From left to right: Sergio Javaloy, Jos\u00e9 Mulet, Mar Franc\u00e9s, Carolina Luna and Juan Jos\u00e9 Roda<\/span><\/span><\/em><\/p>\n<p>&nbsp;<\/p>\n<p>&nbsp;<\/p>","protected":false},"excerpt":{"rendered":"<p>Healthy walk in times of COVID (February)<\/p>\n<p>The first SATDI health walks took place during the COVID era. Our colleagues from Sant Joan, still wearing masks, dedicated some time to a healthy walk near the campus facilities, where they could breathe fresh air amidst lush vegetation and escape for a moment from the hectic routine of [&#8230;]<\/p>\n","protected":false},"author":3770,"featured_media":0,"parent":8217,"menu_order":1,"comment_status":"closed","ping_status":"closed","template":"","meta":{"_links_to":"","_links_to_target":""},"_links":{"self":[{"href":"https:\/\/satdi.umh.es\/en\/wp-json\/wp\/v2\/pages\/10867"}],"collection":[{"href":"https:\/\/satdi.umh.es\/en\/wp-json\/wp\/v2\/pages"}],"about":[{"href":"https:\/\/satdi.umh.es\/en\/wp-json\/wp\/v2\/types\/page"}],"author":[{"embeddable":true,"href":"https:\/\/satdi.umh.es\/en\/wp-json\/wp\/v2\/users\/3770"}],"replies":[{"embeddable":true,"href":"https:\/\/satdi.umh.es\/en\/wp-json\/wp\/v2\/comments?post=10867"}],"version-history":[{"count":0,"href":"https:\/\/satdi.umh.es\/en\/wp-json\/wp\/v2\/pages\/10867\/revisions"}],"up":[{"embeddable":true,"href":"https:\/\/satdi.umh.es\/en\/wp-json\/wp\/v2\/pages\/8217"}],"wp:attachment":[{"href":"https:\/\/satdi.umh.es\/en\/wp-json\/wp\/v2\/media?parent=10867"}],"curies":[{"name":"wp","href":"https:\/\/api.w.org\/{rel}","templated":true}]}}