{"id":10948,"date":"2026-01-13T14:59:40","date_gmt":"2026-01-13T13:59:40","guid":{"rendered":"https:\/\/satdi.umh.es\/?page_id=10948"},"modified":"2026-02-20T14:32:35","modified_gmt":"2026-02-20T13:32:35","slug":"paseos-saludables-orihuela-2022","status":"publish","type":"page","link":"https:\/\/satdi.umh.es\/en\/informacion-ambiental\/objetivos-ambientales-satdi\/paseos-saludables\/campus-de-orihuela\/paseos-saludables-orihuela-2022\/","title":{"rendered":"Healthy walks Orihuela 2022"},"content":{"rendered":"<p><\/p>\n<h5><strong>Healthy walk (October)<\/strong><\/h5>\n<p>Our colleague <strong>Jos\u00e9 Mar\u00eda S\u00e1nchez Larrosa<\/strong> was on this occasion in charge of organizing the second healthy walk of 2022 with the technicians of <a href=\"https:\/\/epso.umh.es\/\"><strong>the Orihuela Higher Polytechnic School (EPSO)<\/strong>,<\/a> which is located in <strong>the Desamparados Campus.<\/strong> At this meeting, our technicians had the opportunity to learn more and better about the farm and the flora in which the university is located. This activity is part of the <a href=\"https:\/\/internacional.umh.es\/cooperacion-y-voluntariado\/compromiso-ods\/\"><strong>Sustainable Development Goals (SDG) of the 2030 Agenda.<\/strong><\/a> Specifically, it falls within <strong>objective number 3 &#8220;Health and Wellbeing&#8221;<\/strong>, which is premised on guaranteeing a healthy life and promoting well-being at all ages.<\/p>\n<p><a href=\"https:\/\/satdi.umh.es\/files\/2024\/09\/Paseo-saludable-ORIHUELA-2022-scaled.jpg\"><img loading=\"lazy\" class=\"alignnone wp-image-8226\" src=\"https:\/\/satdi.umh.es\/files\/2024\/09\/Paseo-saludable-ORIHUELA-2022-1024x576.jpg\" alt=\"\" width=\"667\" height=\"375\" srcset=\"https:\/\/satdi.umh.es\/files\/2024\/09\/Paseo-saludable-ORIHUELA-2022-1024x576.jpg 1024w, https:\/\/satdi.umh.es\/files\/2024\/09\/Paseo-saludable-ORIHUELA-2022-300x169.jpg 300w, https:\/\/satdi.umh.es\/files\/2024\/09\/Paseo-saludable-ORIHUELA-2022-768x432.jpg 768w, https:\/\/satdi.umh.es\/files\/2024\/09\/Paseo-saludable-ORIHUELA-2022-1536x864.jpg 1536w, https:\/\/satdi.umh.es\/files\/2024\/09\/Paseo-saludable-ORIHUELA-2022-2048x1152.jpg 2048w\" sizes=\"(max-width: 667px) 100vw, 667px\" \/><\/a>\u00a0 \u00a0 \u00a0 \u00a0 \u00a0 \u00a0 \u00a0\u00a0<img loading=\"lazy\" class=\"alignnone wp-image-8223\" src=\"https:\/\/satdi.umh.es\/files\/2024\/09\/Paseo-saludable-ORIHUELA-2022_arboles-y-vegetacion-768x1024.jpg\" alt=\"\" width=\"281\" height=\"375\" srcset=\"https:\/\/satdi.umh.es\/files\/2024\/09\/Paseo-saludable-ORIHUELA-2022_arboles-y-vegetacion-768x1024.jpg 768w, https:\/\/satdi.umh.es\/files\/2024\/09\/Paseo-saludable-ORIHUELA-2022_arboles-y-vegetacion-225x300.jpg 225w, https:\/\/satdi.umh.es\/files\/2024\/09\/Paseo-saludable-ORIHUELA-2022_arboles-y-vegetacion-1152x1536.jpg 1152w, https:\/\/satdi.umh.es\/files\/2024\/09\/Paseo-saludable-ORIHUELA-2022_arboles-y-vegetacion-1536x2048.jpg 1536w, https:\/\/satdi.umh.es\/files\/2024\/09\/Paseo-saludable-ORIHUELA-2022_arboles-y-vegetacion-scaled.jpg 1920w\" sizes=\"(max-width: 281px) 100vw, 281px\" \/><\/p>\n<p>&nbsp;<\/p>\n<p>&nbsp;<\/p>","protected":false},"excerpt":{"rendered":"<p>Healthy walk (October)<br \/>\nOur colleague Jos\u00e9 Mar\u00eda S\u00e1nchez Larrosa was on this occasion in charge of organizing the second healthy walk of 2022 with the technicians of the Orihuela Higher Polytechnic School (EPSO), which is located in the Desamparados Campus. At this meeting, our technicians had the opportunity to learn more and better about the farm [&#8230;]<\/p>\n","protected":false},"author":3770,"featured_media":0,"parent":10816,"menu_order":1,"comment_status":"closed","ping_status":"closed","template":"","meta":{"_links_to":"","_links_to_target":""},"_links":{"self":[{"href":"https:\/\/satdi.umh.es\/en\/wp-json\/wp\/v2\/pages\/10948"}],"collection":[{"href":"https:\/\/satdi.umh.es\/en\/wp-json\/wp\/v2\/pages"}],"about":[{"href":"https:\/\/satdi.umh.es\/en\/wp-json\/wp\/v2\/types\/page"}],"author":[{"embeddable":true,"href":"https:\/\/satdi.umh.es\/en\/wp-json\/wp\/v2\/users\/3770"}],"replies":[{"embeddable":true,"href":"https:\/\/satdi.umh.es\/en\/wp-json\/wp\/v2\/comments?post=10948"}],"version-history":[{"count":0,"href":"https:\/\/satdi.umh.es\/en\/wp-json\/wp\/v2\/pages\/10948\/revisions"}],"up":[{"embeddable":true,"href":"https:\/\/satdi.umh.es\/en\/wp-json\/wp\/v2\/pages\/10816"}],"wp:attachment":[{"href":"https:\/\/satdi.umh.es\/en\/wp-json\/wp\/v2\/media?parent=10948"}],"curies":[{"name":"wp","href":"https:\/\/api.w.org\/{rel}","templated":true}]}}