{"id":11336,"date":"2026-03-09T12:06:55","date_gmt":"2026-03-09T11:06:55","guid":{"rendered":"https:\/\/satdi.umh.es\/?page_id=11336"},"modified":"2026-03-30T12:35:18","modified_gmt":"2026-03-30T10:35:18","slug":"satdi-ic-cromatografo-liquido-de-alto-rendimiento-acoplado-a-un-espectrometro-de-masas-de-triple-cuadrupolo-lcms-8050-shimadzu","status":"publish","type":"page","link":"https:\/\/satdi.umh.es\/en\/servicios-prestados\/instrumentacioncientifica\/servicios_ofertados\/servicios_ofertados-satdi-ic-cromatografia\/satdi-ic-cromatografo-liquido-de-alto-rendimiento-acoplado-a-un-espectrometro-de-masas-de-triple-cuadrupolo-lcms-8050-shimadzu\/","title":{"rendered":"<span lang=\"es\">(Espa\u00f1ol) SATDI-IC-Cromat\u00f3grafo L\u00edquido de Alto Rendimiento acoplado a un espectr\u00f3metro de masas de triple cuadrupolo LCMS-8050 (Shimadzu)<\/span>"},"content":{"rendered":"<p>    <!-- DIV 0 - CONTENEDOR PRINCIPAL - INICIO --><\/p>\n<div style=\"border: 0px solid #CCC;padding-top: 0em;margin: 0em 0em 0em 0em;width: 100%;float: left\">\n<p>    <!--**********************************************************--><\/p>\n<p>    <!-- DIV 1 - CONTENEDOR CONTENIDO - INICIO --><\/p>\n<div style=\"border: 0px solid #111;padding-top: 0em;margin: 0em 0em 0em 0em;width: 100%;float: left\">\n<p>    <!--**********************************************************--><\/p>\n<p>    <!-- DIV 2 - EQUIPAMIENTO - INICIO--><\/p>\n<div style=\"border: 0px solid #CCC;background-color: none;padding: 0em;margin: 0em 0em 0em 0em;float: left;width: 100%;vertical-align: top\">\n<p>    <!-- DIV EQUIPAMIENTO - NOMBRE - INICIO --><\/p>\n<div style=\"border: 0px solid #CCC;padding-left: 1.5em;margin: 0em 0em 0em 0em;float: left;width: 100%;vertical-align: middle\">\n<p style=\"color: #666666;font-size: 1.5em\" align=\"justify\"><strong>Equipamiento<\/strong><\/p>\n<\/p><\/div>\n<p>    <!-- DIV EQUIPAMIENTO - NOMBRE - FIN --><\/p>\n<p>    <!-- TABLA - EQUIPAMIENTO - INICIO --><\/p>\n<table style=\"border: 0px solid #CCC;background-color: #ddd;float: left;width: 100%;text-align: center\">\n<tbody>\n<tr style=\"border: 0px solid #FFF\">\n<td style=\"border: 0px solid #CCC;padding: 0.5em;width: 40%\" colspan=\"1\">\n<p align=\"justify\"><strong>Cromat\u00f3grafo L\u00edquido de Alto Rendimiento con Espectr\u00f3metro de Masas de Triple Cuadrupolo<br \/>\n    <\/strong><\/p>\n<p style=\"color: #666666\" align=\"justify\"><strong>LCMS-8050 (Shimadzu)<\/strong><\/p>\n<\/td>\n<td style=\"border: 0px solid #CCC;padding: 0.5em;width: 52.5%\" colspan=\"1\" valign=\"center\">\n<p align=\"right\"><span style=\"color: #a31c19\"><strong>Campus de ORIHUELA<\/strong><\/span><\/p>\n<\/td>\n<td style=\"border: 0px solid #CCC;padding: 0.5em;width: 7.5%;text-align: right\" colspan=\"1\" valign=\"top\"><img src=\"https:\/\/satdi.umh.es\/files\/2024\/01\/Imagen_LogoSATDI-IC.png\" alt=\"Logo SATDI-IC\" width=\"90%\" \/><\/td>\n<\/tr>\n<tr style=\"border: 0px solid #FFF;height: auto\">\n<td style=\"border: 0px solid #CCC;padding: 0.5em;vertical-align: top;width: 35%\" rowspan=\"2\"><img loading=\"lazy\" src=\"https:\/\/satdi.umh.es\/files\/2026\/03\/imagen_HPLC_GCMS_8050_Shimadzu_campusOrihuela.jpg\" alt=\"imagen Cromat\u00f3grafo L\u00edquido HPLC GCMS (8050, Shimadzu)\" width=\"100%\" height=\"100%\" \/><\/td>\n<td style=\"border: 0px solid #CCC;padding: 0.5em;vertical-align: top;width: 65%\" colspan=\"2\">\n<p align=\"justify\">El LCMS-8050 es un equipo de alto rendimiento que consta de un cromat\u00f3grafo l\u00edquido (LC) para la separaci\u00f3n f\u00edsica y un espectr\u00f3metro de masas triple cuadrupolo (MS\/MS) para el an\u00e1lisis cuantitativo y cualitativo (identificaci\u00f3n) de compuestos a niveles de trazas en mezclas complejas. Su fundamento se basa en la separaci\u00f3n de iones seg\u00fan la relaci\u00f3n masa\/carga (m\/z) en una secuencia de tres componentes de cuadrupolo. Las etapas del an\u00e1lisis constan:{lista}<br \/>\n(*) En primer lugar una separaci\u00f3n f\u00edsica por cromatograf\u00eda l\u00edquida.<br \/>\n(*) Etapa de ionizaci\u00f3n, las part\u00edculas deben estar cargadas y en estado gaseoso.<br \/>\n(*) Etapa de Triple Cuadrupolo, donde se produce el filtrado secuencial en tres etapas: Primer Cuadrupolo (Q1) solo deja pasar el i\u00f3n de masa exacta del compuesto a buscar (i\u00f3n precursor); Celda de colisi\u00f3n (Q2), donde se produce la fragmentaci\u00f3n del i\u00f3n precursor; Tercer Cuadrupolo (Q3) filtra los fragmentos resultantes (iones productos) generados en Q2 y selecciona \u00fanicamente los iones productos espec\u00edficos que confirman la identidad del analito.{\/lista}<br \/>\nPara la cuantificaci\u00f3n de alta sensibilidad el equipo emplea el modo de adquisici\u00f3n MRM (Multiple Reaction Monitoring) que garantiza una gran selectividad y una gran reducci\u00f3n del ruido de fondo.<\/p>\n<\/td>\n<\/tr>\n<tr style=\"border: 0px solid #FFF\">\n<td style=\"border: 0px solid #EEE;padding: 0.5em;height: 10%;width: 65%\" colspan=\"2\" valign=\"center\">\n<p align=\"left\"><span><strong>&nbsp;<\/strong><\/span><\/p>\n<\/td>\n<\/tr>\n<tr style=\"border: 0px solid #FFF\">\n<td style=\"border: 0px solid #CCC;padding: 0.5em;width: 100%\" colspan=\"3\">\n<p align=\"justify\">Este equipo utiliza la tecnolog\u00eda UF (UltraFast):<\/p>\n<ul>\n<li>\n<p align=\"justify\"> UFswitching (Polaridad): Cambia de modo positivo a negativo en solo 5 ms.\n<\/p>\n<\/li>\n<li>\n<p align=\"justify\"> UFscanning: Alcanza los 30,000 u\/sec.\n<\/p>\n<\/li>\n<li>\n<p align=\"justify\"> UF-MRM: Puede realizar 555 transiciones por segundo.<\/p>\n<\/li>\n<\/ul>\n<\/td>\n<\/tr>\n<\/tbody>\n<\/table>\n<p>    <!-- TABLA - EQUIPAMIENTO - FIN --><\/p><\/div>\n<p>    <!-- DIV 2 - EQUIPAMIENTO - FIN--><\/p>\n<p>    <!--**********************************************************--><br \/>\n    <!--**********************************************************--><\/p>\n<p>    <!-- DIV SEPARADOR - INICIO --><\/p>\n<div style=\"border: 0px solid #CCC;padding: 0em;margin: 0em 0em 0em 0em;float: left;width: 100%;height: 5em;vertical-align: top\"> <\/div>\n<p>    <!-- DIV SEPARADOR - FIN --><\/p>\n<p>    <!--**********************************************************--><\/p>\n<p>    <!-- DIV BARRA GRIS IZQUIERDA - INICIO --><\/p>\n<div style=\"border: 2px solid #CCC;padding: 0em;margin: 0em 0em 0em 0em;float: left;width: 30%;height: 0em;vertical-align: top\"> <\/div>\n<p>    <!-- DIV BARRA GRIS IZQUIERDA - FIN --><\/p>\n<p>    <!--**********************************************************--><\/p>\n<p>    <!-- DIV 3 - CONTACTO - INICIO--><\/p>\n<div style=\"border: 0px solid #CCC;background-color: none;padding: 0em;margin: 0em 0em 0em 0em;float: left;width: 100%;vertical-align: top\">\n<p>    <!-- DIV CONTACTO - NOMBRE - INICIO --><\/p>\n<div style=\"border: 0px solid #CCC;padding-left: 1.5em;margin: 0em 0em 0em 0em;float: left;width: 100%;vertical-align: middle\">\n<p style=\"color: #666666;font-size: 1.5em\" align=\"justify\"><strong>Contacto<\/strong><\/p>\n<\/p><\/div>\n<p>    <!-- DIV CONTACTO - NOMBRE - FIN --><\/p>\n<p>    <!-- TABLA - CONTACTO - INICIO --><\/p>\n<table style=\"border: 0px solid #CCC;float: left;width: 100%;text-align: center\">\n<tbody>\n<tr style=\"border: 0px solid #CCC\">\n<td style=\"border: 0px solid #CCC;padding: 0.5em\" colspan=\"1\" rowspan=\"1\">\n<p align=\"justify\"><strong>Campus de ORIHUELA<\/strong><\/p>\n<p align=\"justify\">Edificio ORIOL<br \/>\n    (C\u00f3digo GIS: O22P0040)<\/p>\n<\/td>\n<td style=\"border: 0px solid #eeeeee;padding: 0.5em;text-align: center\" colspan=\"1\" valign=\"center\">Ver ubicaci\u00f3n<a href=\"http:\/\/universite.umh.es\/localizaciones\/?selT=edificios&amp;selI=O22P0040\" target=\"_blank\" rel=\"noopener\"><img loading=\"lazy\" class=\"aligncenter\" src=\"https:\/\/satdi.umh.es\/files\/2024\/01\/ICONO_UBICACION-1.png\" alt=\"Icono de la ubicaci\u00f3n\" width=\"25px\" height=\"auto\" \/><\/a><\/td>\n<td style=\"border: 0px solid #CCC;padding: 0.5em\" colspan=\"1\" rowspan=\"1\"><\/td>\n<td style=\"border: 0px solid #CCC;padding: 0.5em\" colspan=\"1\" rowspan=\"1\">\n<ul style=\"float: left;text-align: justify\">\n<li style=\"color: #666666\"><strong> Muelas Domingo, Raquel<\/strong><\/li>\n<li>+34 966 74 9620<\/li>\n<li>raquel.muelas@umh.es<\/li>\n<\/ul>\n<\/td>\n<\/tr>\n<\/tbody>\n<\/table>\n<p>    <!-- TABLA - CONTACTO - FIN --><\/p><\/div>\n<p>    <!-- DIV 3 - CONTACTO - FIN--><\/p>\n<p>    <!--**********************************************************--><br \/>\n    <!--**********************************************************--><\/p>\n<p>    <!-- DIV SEPARADOR - INICIO --><\/p>\n<div style=\"border: 0px solid #CCC;padding: 0em;margin: 0em 0em 0em 0em;float: left;width: 100%;height: 5em;vertical-align: top\"> <\/div>\n<p>    <!-- DIV SEPARADOR - FIN --><\/p>\n<p>    <!--**********************************************************--><\/p>\n<p>    <!-- DIV BARRA GRIS IZQUIERDA - INICIO --><\/p>\n<div style=\"border: 2px solid #CCC;padding: 0em;margin: 0em 0em 0em 0em;float: left;width: 30%;height: 0em;vertical-align: top\"> <\/div>\n<p>    <!-- DIV BARRA GRIS IZQUIERDA - FIN --><\/p>\n<p>    <!--**********************************************************--><\/p>\n<p>    <!-- DIV 3 - TARIFAS - INICIO--><\/p>\n<div style=\"border: 0px solid #CCC;background-color: none;padding: 0em;margin: 0em 0em 0em 0em;float: left;width: 100%;vertical-align: top\">\n<p>    <!-- DIV TARIFAS - NOMBRE - INICIO --><\/p>\n<div style=\"border: 0px solid #CCC;padding-left: 1.5em;margin: 0em 0em 0em 0em;float: left;width: 100%;vertical-align: middle\">\n<p style=\"color: #666666;font-size: 1.5em\" align=\"justify\"><strong>Tarifas vigentes (2026)<\/strong><\/p>\n<\/p><\/div>\n<p>    <!-- DIV TARIFAS - NOMBRE - FIN --><\/p>\n<div style=\"border: 0px solid #CCC;padding: 0em;margin: 0em 0em 0em 0em;float: left;width: 100%\">\n<table style=\"border: 0px solid #CCC;float: left;width: 100%;text-align: center\">\n<tbody>\n<tr style=\"border: 0px solid #CCC\">\n<td style=\"border: 0px solid #CCC;background-color: #ccc;padding: 0.5em;width: 10%\" colspan=\"1\" rowspan=\"1\">\n<p align=\"center\"><strong>Referencia<\/strong><\/p>\n<\/td>\n<td style=\"border: 0px solid #CCC;background-color: #ccc;padding: 0.5em;width: 50%\" colspan=\"1\" rowspan=\"1\">\n<p align=\"center\"><strong>Descripci\u00f3n<\/strong><\/p>\n<\/td>\n<td style=\"border: 0px solid #CCC;background-color: #ccc;padding: 0.5em;width: 10%\" colspan=\"1\" rowspan=\"1\">\n<p align=\"center\"><strong>Unidad<br \/>\n    de<br \/>\n    medida<\/strong><\/p>\n<\/td>\n<td style=\"border: 0px solid #CCC;background-color: #ccc;padding: 0.5em;width: 10%\" colspan=\"1\" rowspan=\"1\">\n<p align=\"center\"><strong>Precio unitario UMH (\u20ac)<\/strong><\/p>\n<\/td>\n<td style=\"border: 0px solid #CCC;background-color: #ccc;padding: 0.5em;width: 10%\" colspan=\"1\" rowspan=\"1\">\n<p align=\"center\"><strong>Precio unitario Entidades P\u00fablicas (\u20ac)<\/strong><\/p>\n<\/td>\n<td style=\"border: 0px solid #CCC;background-color: #ccc;padding: 0.5em;width: 10%\" colspan=\"1\" rowspan=\"1\">\n<p align=\"center\"><strong>Precio unitario Entidades Privadas (\u20ac)<\/strong><\/p>\n<\/td>\n<\/tr>\n<tr style=\"border: 0px solid #CCC\">\n<td style=\"border: 0px solid #CCC;background-color: #e0e0e0;padding: 0.5em;width: 10%\" colspan=\"1\" rowspan=\"1\">\n<p align=\"center\">T-OROR-01<\/p>\n<\/td>\n<td style=\"border: 0px solid #CCC;background-color: #e0e0e0;padding: 0.5em;width: 50%\" colspan=\"1\" rowspan=\"1\">\n<p align=\"justify\">Uso cromat\u00f3grafo l\u00edquido de alto rendimiento acoplado a un espectr\u00f3metro de masas triple cuadrupolo LCMS-8050 (Shimadzu)<\/p>\n<\/td>\n<td style=\"border: 0px solid #CCC;background-color: #e0e0e0;padding: 0.5em;width: 10%\" colspan=\"1\" rowspan=\"1\">\n<p align=\"center\">muestra<\/p>\n<\/td>\n<td style=\"border: 0px solid #CCC;background-color: #e0e0e0;padding: 0.5em;width: 10%\" colspan=\"1\" rowspan=\"1\">\n<p align=\"center\">42.06<\/p>\n<\/td>\n<td style=\"border: 0px solid #CCC;background-color: #e0e0e0;padding: 0.5em;width: 10%\" colspan=\"1\" rowspan=\"1\">\n<p align=\"center\">48.66<\/p>\n<\/td>\n<td style=\"border: 0px solid #CCC;background-color: #e0e0e0;padding: 0.5em;width: 10%\" colspan=\"1\" rowspan=\"1\">\n<p align=\"center\">51.58<\/p>\n<\/td>\n<\/tr>\n<\/tbody>\n<\/table><\/div>\n<\/p><\/div>\n<p>    <!-- DIV 3 - TARIFAS - FIN --><\/p>\n<p>    <!--**********************************************************--><br \/>\n    <!--**********************************************************--><\/p>\n<p>    <!-- DIV SEPARADOR - INICIO --><\/p>\n<div style=\"border: 0px solid #CCC;padding: 0em;margin: 0em 0em 0em 0em;float: left;width: 100%;height: 5em;vertical-align: top\"> <\/div>\n<p>    <!-- DIV SEPARADOR - FIN --><\/p>\n<p>    <!--**********************************************************--><\/p>\n<p>    <!-- DIV BARRA GRIS IZQUIERDA - INICIO --><\/p>\n<div style=\"border: 2px solid #CCC;padding: 0em;margin: 0em 0em 0em 0em;float: left;width: 30%;height: 0em;vertical-align: top\"> <\/div>\n<p>    <!-- DIV BARRA GRIS IZQUIERDA - FIN --><\/p>\n<p>    <!--**********************************************************--><\/p>\n<p>    <!-- DIV 5 - OBSERVACIONES - INICIO--><\/p>\n<div style=\"border: 0px solid #CCC;background-color: none;padding: 0em;margin: 0em 0em 0em 0em;float: left;width: 100%;vertical-align: top\">\n<p>    <!-- DIV OBSERVACIONES - NOMBRE - INICIO --><\/p>\n<div style=\"border: 0px solid #CCC;padding-left: 1.5em;margin: 0em 0em 0em 0em;float: left;width: 100%;vertical-align: middle\">\n<p style=\"color: #666666;font-size: 1.5em\" align=\"justify\"><strong>Observaciones<\/strong><\/p>\n<\/p><\/div>\n<p>    <!-- DIV OBSERVACIONES - NOMBRE - FIN --><\/p>\n<p>    <!-- TABLA - OBSERVACIONES - INICIO --><\/p>\n<table style=\"border: 0px solid #CCC;background-color: #ddd;float: left;width: 100%;text-align: center\">\n<tbody>\n<tr style=\"border: 0px solid #FFF;height: auto\">\n<td style=\"border: 0px solid #CCC;padding: 0.5em;vertical-align: top;width: 100%\" colspan=\"2\">\n<p align=\"justify\">Actualmente el equipo est\u00e1 calibrado con est\u00e1ndares para la determinaci\u00f3n cuantitativa de ciertos polifenoles principalmente dentro del grupo de los flavonoides y \u00e1cidos fen\u00f3licos. Tambi\u00e9n de estilbenos principalmente el resveratrol. As\u00ed mismo tambi\u00e9n est\u00e1 calibrado para la determinaci\u00f3n cuantitativa de amino\u00e1cidos. No es necesario  la aportaci\u00f3n de columnas ni tampoco de fases m\u00f3viles para la determinaci\u00f3n de los compuestos descritos anteriormente. El usuario debe ponerse en contacto con el t\u00e9cnico responsable del equipo para conocer el tipo de extracci\u00f3n, reactivos usados y calidad, tipo de determinaci\u00f3n (cuantitativa o cualitativa) y compuestos a analizar.<\/p>\n<\/td>\n<\/tr>\n<\/tbody>\n<\/table>\n<p>    <!-- TABLA - OBSERVACIONES - FIN --><\/p><\/div>\n<p>    <!-- DIV 5 - OBSERVACIONES - FIN--><\/p>\n<p>    <!--**********************************************************--><br \/>\n    <!--**********************************************************--><\/p>\n<p>    <!-- DIV SEPARADOR - INICIO --><\/p>\n<div style=\"border: 0px solid #CCC;padding: 0em;margin: 0em 0em 0em 0em;float: left;width: 100%;height: 5em;vertical-align: top\"> <\/div>\n<p>    <!-- DIV SEPARADOR - FIN --><\/p>\n<p>    <!--**********************************************************--><\/p>\n<p>    <!-- DIV BARRA GRIS IZQUIERDA - INICIO --><\/p>\n<div style=\"border: 2px solid #CCC;padding: 0em;margin: 0em 0em 0em 0em;float: left;width: 30%;height: 0em;vertical-align: top\"> <\/div>\n<p>    <!-- DIV BARRA GRIS IZQUIERDA - FIN --><\/p>\n<p>    <!--**********************************************************--><\/p>\n<p>    <!-- DIV 6 - FINANCIACION - INICIO--><\/p>\n<div style=\"border: 0px solid #CCC;background-color: none;padding: 0em;margin: 0em 0em 0em 0em;float: left;width: 100%;vertical-align: top\">\n<p>    <!-- DIV FINANCIACION - NOMBRE - INICIO --><\/p>\n<div style=\"border: 0px solid #CCC;padding-left: 1.5em;margin: 0em 0em 0em 0em;float: left;width: 100%;vertical-align: middle\">\n<p style=\"color: #666666;font-size: 1.5em\" align=\"justify\"><strong>Financiaci\u00f3n<\/strong><\/p>\n<\/p><\/div>\n<p>    <!-- DIV FINANCIACION - NOMBRE - FIN --><\/p>\n<p>    <!-- TABLA - FINANCIACION - INICIO --><\/p>\n<table style=\"border: 0px solid #CCC;background-color: #ddd;float: left;width: 100%;text-align: center\">\n<tbody>\n<tr style=\"border: 0px solid #FFF;height: auto\">\n<td style=\"border: 0px solid #CCC;padding: 0.5em;vertical-align: top;width: 55%\" colspan=\"1\">\n<p align=\"justify\">El equipo ha sido adquirido gracias a una Actuaci\u00f3n cofinanciada por la Uni\u00f3n Europea a trav\u00e9s del\u00a0<a href=\"https:\/\/www.red.es\/es\/sobre-nosotros\/financiacion-europea\" target=\"_blank\" rel=\"noopener\">Programa Operativo del Fondo Europeo de Desarrollo Regional<\/a> (FEDER) y el <a href=\"https:\/\/www.ciencia.gob.es\/\" target=\"_blank\" rel=\"noopener\">Ministerio de Ciencia, Innovaci\u00f3n y Universidades<\/a> (Agencia Estatal de Investigaci\u00f3n)\u00a0(PROYECTO:\u00a0EQC2018-004170P).<\/p>\n<\/td>\n<td style=\"border: 0px solid #CCC;padding: 0.5em;vertical-align: top;width: 45%\" colspan=\"1\"><img loading=\"lazy\" src=\"https:\/\/satdi.umh.es\/files\/2026\/03\/imagen_Placa_FEDER_HPLC_GCMS_8050Shimadzu_CampusOrihuela.jpg\" alt=\"imagen Placa FEDER HPLC GCMS (8050, Shimadzu)\" width=\"100%\" height=\"100%\" \/><\/td>\n<\/tr>\n<\/tbody>\n<\/table>\n<p>    <!-- TABLA - FINANCIACION - FIN --><\/p><\/div>\n<p>    <!-- DIV 6 - FINANCIACION - FIN--><\/p>\n<p>    <!--**********************************************************--><br \/>\n    <!--**********************************************************--><\/p>\n<p>    <!--**********************************************************--><\/p>\n<p>    <!-- DIV SEPARADOR - INICIO --><\/p>\n<div style=\"border: 0px solid #CCC;padding: 0em;margin: 0em 0em 0em 0em;float: left;width: 100%;height: 5em;vertical-align: top\"> <\/div>\n<p>    <!-- DIV SEPARADOR - FIN --><\/p>\n<p>    <!--**********************************************************--><\/p><\/div>\n<p>    <!-- DIV 1 - CONTENEDOR CONTENIDO - FIN --><\/p>\n<p>    <!--**********************************************************--><\/p><\/div>\n<p>    <!-- DIV 0 - CONTENEDOR PRINCIPAL - FIN --><\/p>\n","protected":false},"excerpt":{"rendered":"\n<p>Equipamiento<\/p>\n<p>Cromat\u00f3grafo L\u00edquido de Alto Rendimiento con Espectr\u00f3metro de Masas de Triple Cuadrupolo<\/p>\n<p>LCMS-8050 (Shimadzu)<\/p>\n<p>Campus de ORIHUELA<\/p>\n<p>El LCMS-8050 es un equipo [&#8230;]<\/p>\n","protected":false},"author":5414,"featured_media":0,"parent":6105,"menu_order":0,"comment_status":"closed","ping_status":"closed","template":"","meta":{"_links_to":"","_links_to_target":""},"_links":{"self":[{"href":"https:\/\/satdi.umh.es\/en\/wp-json\/wp\/v2\/pages\/11336"}],"collection":[{"href":"https:\/\/satdi.umh.es\/en\/wp-json\/wp\/v2\/pages"}],"about":[{"href":"https:\/\/satdi.umh.es\/en\/wp-json\/wp\/v2\/types\/page"}],"author":[{"embeddable":true,"href":"https:\/\/satdi.umh.es\/en\/wp-json\/wp\/v2\/users\/5414"}],"replies":[{"embeddable":true,"href":"https:\/\/satdi.umh.es\/en\/wp-json\/wp\/v2\/comments?post=11336"}],"version-history":[{"count":0,"href":"https:\/\/satdi.umh.es\/en\/wp-json\/wp\/v2\/pages\/11336\/revisions"}],"up":[{"embeddable":true,"href":"https:\/\/satdi.umh.es\/en\/wp-json\/wp\/v2\/pages\/6105"}],"wp:attachment":[{"href":"https:\/\/satdi.umh.es\/en\/wp-json\/wp\/v2\/media?parent=11336"}],"curies":[{"name":"wp","href":"https:\/\/api.w.org\/{rel}","templated":true}]}}