{"id":11407,"date":"2026-03-25T12:50:40","date_gmt":"2026-03-25T11:50:40","guid":{"rendered":"https:\/\/satdi.umh.es\/?page_id=11407"},"modified":"2026-04-30T12:46:07","modified_gmt":"2026-04-30T10:46:07","slug":"satdi-ic-cromatografo-de-gases-con-detector-de-masas-triple-cuadrupolo-gcms-tq8040nx-shimadzu","status":"publish","type":"page","link":"https:\/\/satdi.umh.es\/en\/servicios-prestados\/instrumentacioncientifica\/servicios_ofertados\/servicios_ofertados-satdi-ic-cromatografia\/satdi-ic-cromatografo-de-gases-con-detector-de-masas-triple-cuadrupolo-gcms-tq8040nx-shimadzu\/","title":{"rendered":"<span lang=\"es\">(Espa\u00f1ol) SATDI-IC-Cromat\u00f3grafo de gases con detector de masas triple cuadrupolo GCMS-TQ8040NX (Shimadzu)<\/span>"},"content":{"rendered":"<p>    <!-- DIV 0 - CONTENEDOR PRINCIPAL - INICIO --><\/p>\n<div style=\"border: 0px solid #CCC;padding-top: 0em;margin: 0em 0em 0em 0em;width: 100%;float: left\">\n<p>    <!--**********************************************************--><\/p>\n<p>    <!-- DIV 1 - CONTENEDOR CONTENIDO - INICIO --><\/p>\n<div style=\"border: 0px solid #111;padding-top: 0em;margin: 0em 0em 0em 0em;width: 100%;float: left\">\n<p>    <!--**********************************************************--><\/p>\n<p>    <!-- DIV 2 - EQUIPAMIENTO - INICIO--><\/p>\n<div style=\"border: 0px solid #CCC;background-color: none;padding: 0em;margin: 0em 0em 0em 0em;float: left;width: 100%;vertical-align: top\">\n<p>    <!-- DIV EQUIPAMIENTO - NOMBRE - INICIO --><\/p>\n<div style=\"border: 0px solid #CCC;padding-left: 1.5em;margin: 0em 0em 0em 0em;float: left;width: 100%;vertical-align: middle\">\n<p style=\"color: #666666;font-size: 1.5em\" align=\"justify\"><strong>Equipamiento<\/strong><\/p>\n<\/p><\/div>\n<p>    <!-- DIV EQUIPAMIENTO - NOMBRE - FIN --><\/p>\n<p>    <!-- TABLA - EQUIPAMIENTO - INICIO --><\/p>\n<table style=\"border: 0px solid #CCC;background-color: #ddd;float: left;width: 100%;text-align: center\">\n<tbody>\n<tr style=\"border: 0px solid #FFF\">\n<td style=\"border: 0px solid #CCC;padding: 0.5em;width: 40%\" colspan=\"1\">\n<p align=\"justify\"><strong>Cromat\u00f3grafo de gases con detector de masas triple cuadrupolo<br \/>\n    <\/strong><\/p>\n<p style=\"color: #666666\" align=\"justify\"><strong>GCMS-TQ8040NX (Shimadzu)<\/strong><\/p>\n<\/td>\n<td style=\"border: 0px solid #CCC;padding: 0.5em;width: 52.5%\" colspan=\"1\" valign=\"center\">\n<p align=\"right\"><span style=\"color: #a31c19\"><strong>Campus de ORIHUELA<\/strong><\/span><\/p>\n<\/td>\n<td style=\"border: 0px solid #CCC;padding: 0.5em;width: 7.5%;text-align: right\" colspan=\"1\" valign=\"top\"><img src=\"https:\/\/satdi.umh.es\/files\/2024\/01\/Imagen_LogoSATDI-IC.png\" alt=\"Logo SATDI-IC\" width=\"90%\" \/><\/td>\n<\/tr>\n<tr style=\"border: 0px solid #FFF;height: auto\">\n<td style=\"border: 0px solid #CCC;padding: 0.5em;vertical-align: top;width: 35%\" rowspan=\"2\"><img loading=\"lazy\" src=\"https:\/\/satdi.umh.es\/files\/2026\/03\/imagen_T-OROR-04_CromatografoGCMS-TQ8040NX_campusOrihuela.jpg\" alt=\"Imagen Cromat\u00f3grafo (GCMS-TQ8040NX, Shimadzu)\" width=\"100%\" height=\"100%\" \/><\/td>\n<td style=\"border: 0px solid #CCC;padding: 0.5em;vertical-align: top;width: 65%\" colspan=\"2\">\n<p align=\"justify\">Equipo que permite fragmentar las mol\u00e9culas para conocer su identidad y detectar sustancias en t\u00e9rminos de trazas con m\u00e1xima sensibilidad. Est\u00e1 formado por tres secciones: (i)  Q1 (Filtro), selecciona una mol\u00e9cula espec\u00edfica (i\u00f3n precurso); (ii) Q2 (celda de colisi\u00f3n), donde se produce la rotura de la mol\u00e9cula y Q3 (identificador), selecci\u00f3n de fragmentos especificos de esa ruptura (iones productos). La aplicaci\u00f3n principal es la determinaci\u00f3n cuali-cuantitativa de compuestos vol\u00e1tiles o semi-vol\u00e1tiles en muestras l\u00edquidas (disolventes org\u00e1nicos), gaseosas o s\u00f3lidas. Generalmente se trabaja con la t\u00e9cnica de microextracci\u00f3n en fase s\u00f3lida del espacio de cabeza (HS-SPME=Con fibra), los compuestos son recogidos del espacio de cabeza de un vial y adsorbidos en una fibra de material selectivo. Tambi\u00e9n permite la inyecci\u00f3n Headspace est\u00e1tico (HS=Sin fibra) e inyecci\u00f3n L\u00edquida.<\/p>\n<\/td>\n<\/tr>\n<tr style=\"border: 0px solid #FFF\">\n<td style=\"border: 0px solid #EEE;padding: 0.5em;height: 10%;width: 65%\" colspan=\"2\" valign=\"center\">\n<p align=\"left\"><span><strong>&nbsp;<\/strong><\/span><\/p>\n<\/td>\n<\/tr>\n<tr style=\"border: 0px solid #FFF\">\n<td style=\"border: 0px solid #CCC;padding: 0.5em;width: 100%\" colspan=\"3\">\n<p align=\"justify\">Este equipo trabaja con la Tecnolog\u00eda UFMS (Ultra Fast Mass Spectrometry) que permite velocidades de barrido de  hasta 20,000 u\/sec y velocidades de monitoreo de reaci\u00f3n m\u00faltiple (MRM) de 800 transiciones por segundo. Adem\u00e1s proporciona un escaneo simult\u00e1neo (Scan\/MRM), realizando un barrido general (Scan) para identificar sustancias desconocidas y al mismo tiempo un monitoreo especifico (MRM) para cuantificar.<\/p>\n<\/td>\n<\/tr>\n<\/tbody>\n<\/table>\n<p>    <!-- TABLA - EQUIPAMIENTO - FIN --><\/p><\/div>\n<p>    <!-- DIV 2 - EQUIPAMIENTO - FIN--><\/p>\n<p>    <!--**********************************************************--><br \/>\n    <!--**********************************************************--><\/p>\n<p>    <!-- DIV SEPARADOR - INICIO --><\/p>\n<div style=\"border: 0px solid #CCC;padding: 0em;margin: 0em 0em 0em 0em;float: left;width: 100%;height: 5em;vertical-align: top\"> <\/div>\n<p>    <!-- DIV SEPARADOR - FIN --><\/p>\n<p>    <!--**********************************************************--><\/p>\n<p>    <!-- DIV BARRA GRIS IZQUIERDA - INICIO --><\/p>\n<div style=\"border: 2px solid #CCC;padding: 0em;margin: 0em 0em 0em 0em;float: left;width: 30%;height: 0em;vertical-align: top\"> <\/div>\n<p>    <!-- DIV BARRA GRIS IZQUIERDA - FIN --><\/p>\n<p>    <!--**********************************************************--><\/p>\n<p>    <!-- DIV 3 - CONTACTO - INICIO--><\/p>\n<div style=\"border: 0px solid #CCC;background-color: none;padding: 0em;margin: 0em 0em 0em 0em;float: left;width: 100%;vertical-align: top\">\n<p>    <!-- DIV CONTACTO - NOMBRE - INICIO --><\/p>\n<div style=\"border: 0px solid #CCC;padding-left: 1.5em;margin: 0em 0em 0em 0em;float: left;width: 100%;vertical-align: middle\">\n<p style=\"color: #666666;font-size: 1.5em\" align=\"justify\"><strong>Contacto<\/strong><\/p>\n<\/p><\/div>\n<p>    <!-- DIV CONTACTO - NOMBRE - FIN --><\/p>\n<p>    <!-- TABLA - CONTACTO - INICIO --><\/p>\n<table style=\"border: 0px solid #CCC;float: left;width: 100%;text-align: center\">\n<tbody>\n<tr style=\"border: 0px solid #CCC\">\n<td style=\"border: 0px solid #CCC;padding: 0.5em\" colspan=\"1\" rowspan=\"1\">\n<p align=\"justify\"><strong>Campus de ORIHUELA<\/strong><\/p>\n<p align=\"justify\">Edificio ORIOL<br \/>\n    (C\u00f3digo GIS: O22P0040)<\/p>\n<\/td>\n<td style=\"border: 0px solid #eeeeee;padding: 0.5em;text-align: center\" colspan=\"1\" valign=\"center\">Ver ubicaci\u00f3n<a href=\"http:\/\/universite.umh.es\/localizaciones\/?selT=edificios&amp;selI=O22P0040\" target=\"_blank\" rel=\"noopener\"><img loading=\"lazy\" class=\"aligncenter\" src=\"https:\/\/satdi.umh.es\/files\/2024\/01\/ICONO_UBICACION-1.png\" alt=\"Icono de la ubicaci\u00f3n\" width=\"25px\" height=\"auto\" \/><\/a><\/td>\n<td style=\"border: 0px solid #CCC;padding: 0.5em\" colspan=\"1\" rowspan=\"1\"><\/td>\n<td style=\"border: 0px solid #CCC;padding: 0.5em\" colspan=\"1\" rowspan=\"1\">\n<ul style=\"float: left;text-align: justify\">\n<li style=\"color: #666666\"><strong> Muelas Domingo, Raquel<\/strong><\/li>\n<li>+34 966 74 9620<\/li>\n<li>raquel.muelas@umh.es<\/li>\n<\/ul>\n<\/td>\n<\/tr>\n<\/tbody>\n<\/table>\n<p>    <!-- TABLA - CONTACTO - FIN --><\/p><\/div>\n<p>    <!-- DIV 3 - CONTACTO - FIN--><\/p>\n<p>    <!--**********************************************************--><br \/>\n    <!--**********************************************************--><\/p>\n<p>    <!-- DIV SEPARADOR - INICIO --><\/p>\n<div style=\"border: 0px solid #CCC;padding: 0em;margin: 0em 0em 0em 0em;float: left;width: 100%;height: 5em;vertical-align: top\"> <\/div>\n<p>    <!-- DIV SEPARADOR - FIN --><\/p>\n<p>    <!--**********************************************************--><\/p>\n<p>    <!-- DIV BARRA GRIS IZQUIERDA - INICIO --><\/p>\n<div style=\"border: 2px solid #CCC;padding: 0em;margin: 0em 0em 0em 0em;float: left;width: 30%;height: 0em;vertical-align: top\"> <\/div>\n<p>    <!-- DIV BARRA GRIS IZQUIERDA - FIN --><\/p>\n<p>    <!--**********************************************************--><\/p>\n<p>    <!-- DIV 3 - TARIFAS - INICIO--><\/p>\n<div style=\"border: 0px solid #CCC;background-color: none;padding: 0em;margin: 0em 0em 0em 0em;float: left;width: 100%;vertical-align: top\">\n<p>    <!-- DIV TARIFAS - NOMBRE - INICIO --><\/p>\n<div style=\"border: 0px solid #CCC;padding-left: 1.5em;margin: 0em 0em 0em 0em;float: left;width: 100%;vertical-align: middle\">\n<p style=\"color: #666666;font-size: 1.5em\" align=\"justify\"><strong>Tarifas vigentes (2026)<\/strong><\/p>\n<\/p><\/div>\n<p>    <!-- DIV TARIFAS - NOMBRE - FIN --><\/p>\n<div style=\"border: 0px solid #CCC;padding: 0em;margin: 0em 0em 0em 0em;float: left;width: 100%\">\n<table style=\"border: 0px solid #CCC;float: left;width: 100%;text-align: center\">\n<tbody>\n<tr style=\"border: 0px solid #CCC\">\n<td style=\"border: 0px solid #CCC;background-color: #ccc;padding: 0.5em;width: 10%\" colspan=\"1\" rowspan=\"1\">\n<p align=\"center\"><strong>Referencia<\/strong><\/p>\n<\/td>\n<td style=\"border: 0px solid #CCC;background-color: #ccc;padding: 0.5em;width: 50%\" colspan=\"1\" rowspan=\"1\">\n<p align=\"center\"><strong>Descripci\u00f3n<\/strong><\/p>\n<\/td>\n<td style=\"border: 0px solid #CCC;background-color: #ccc;padding: 0.5em;width: 10%\" colspan=\"1\" rowspan=\"1\">\n<p align=\"center\"><strong>Unidad<br \/>\n    de<br \/>\n    medida<\/strong><\/p>\n<\/td>\n<td style=\"border: 0px solid #CCC;background-color: #ccc;padding: 0.5em;width: 10%\" colspan=\"1\" rowspan=\"1\">\n<p align=\"center\"><strong>Precio unitario UMH (\u20ac)<\/strong><\/p>\n<\/td>\n<td style=\"border: 0px solid #CCC;background-color: #ccc;padding: 0.5em;width: 10%\" colspan=\"1\" rowspan=\"1\">\n<p align=\"center\"><strong>Precio unitario Entidades P\u00fablicas (\u20ac)<\/strong><\/p>\n<\/td>\n<td style=\"border: 0px solid #CCC;background-color: #ccc;padding: 0.5em;width: 10%\" colspan=\"1\" rowspan=\"1\">\n<p align=\"center\"><strong>Precio unitario Entidades Privadas (\u20ac)<\/strong><\/p>\n<\/td>\n<\/tr>\n<tr style=\"border: 0px solid #CCC\">\n<td style=\"border: 0px solid #CCC;background-color: #e0e0e0;padding: 0.5em;width: 10%\" colspan=\"1\" rowspan=\"1\">\n<p align=\"center\">T-OROR-03<\/p>\n<\/td>\n<td style=\"border: 0px solid #CCC;background-color: #e0e0e0;padding: 0.5em;width: 50%\" colspan=\"1\" rowspan=\"1\">\n<p align=\"justify\">Uso del equipo de microextracci\u00f3n en fase s\u00f3lida (SPME) por espacio de cabeza (HS)<\/p>\n<\/td>\n<td style=\"border: 0px solid #CCC;background-color: #e0e0e0;padding: 0.5em;width: 10%\" colspan=\"1\" rowspan=\"1\">\n<p align=\"center\">hora<\/p>\n<\/td>\n<td style=\"border: 0px solid #CCC;background-color: #e0e0e0;padding: 0.5em;width: 10%\" colspan=\"1\" rowspan=\"1\">\n<p align=\"center\">15.84<\/p>\n<\/td>\n<td style=\"border: 0px solid #CCC;background-color: #e0e0e0;padding: 0.5em;width: 10%\" colspan=\"1\" rowspan=\"1\">\n<p align=\"center\">18.33<\/p>\n<\/td>\n<td style=\"border: 0px solid #CCC;background-color: #e0e0e0;padding: 0.5em;width: 10%\" colspan=\"1\" rowspan=\"1\">\n<p align=\"center\">19.43<\/p>\n<\/td>\n<\/tr>\n<tr style=\"border: 0px solid #CCC\">\n<td style=\"border: 0px solid #CCC;background-color: #e8e8e8;padding: 0.5em;width: 10%\" colspan=\"1\" rowspan=\"1\">\n<p align=\"center\">T-OROR-04<\/p>\n<\/td>\n<td style=\"border: 0px solid #CCC;background-color: #e8e8e8;padding: 0.5em;width: 50%\" colspan=\"1\" rowspan=\"1\">\n<p align=\"justify\">Uso del cromat\u00f3grafo de gases con detector de masas Shimadzu GCMS-TQ8040NX<\/p>\n<\/td>\n<td style=\"border: 0px solid #CCC;background-color: #e8e8e8;padding: 0.5em;width: 10%\" colspan=\"1\" rowspan=\"1\">\n<p align=\"center\">hora<\/p>\n<\/td>\n<td style=\"border: 0px solid #CCC;background-color: #e8e8e8;padding: 0.5em;width: 10%\" colspan=\"1\" rowspan=\"1\">\n<p align=\"center\">48.6<\/p>\n<\/td>\n<td style=\"border: 0px solid #CCC;background-color: #e8e8e8;padding: 0.5em;width: 10%\" colspan=\"1\" rowspan=\"1\">\n<p align=\"center\">56.23<\/p>\n<\/td>\n<td style=\"border: 0px solid #CCC;background-color: #e8e8e8;padding: 0.5em;width: 10%\" colspan=\"1\" rowspan=\"1\">\n<p align=\"center\">59.6<\/p>\n<\/td>\n<\/tr>\n<\/tbody>\n<\/table><\/div>\n<\/p><\/div>\n<p>    <!-- DIV 3 - TARIFAS - FIN --><\/p>\n<p>    <!--**********************************************************--><br \/>\n    <!--**********************************************************--><\/p>\n<p>    <!-- DIV SEPARADOR - INICIO --><\/p>\n<div style=\"border: 0px solid #CCC;padding: 0em;margin: 0em 0em 0em 0em;float: left;width: 100%;height: 5em;vertical-align: top\"> <\/div>\n<p>    <!-- DIV SEPARADOR - FIN --><\/p>\n<p>    <!--**********************************************************--><\/p>\n<p>    <!-- DIV BARRA GRIS IZQUIERDA - INICIO --><\/p>\n<div style=\"border: 2px solid #CCC;padding: 0em;margin: 0em 0em 0em 0em;float: left;width: 30%;height: 0em;vertical-align: top\"> <\/div>\n<p>    <!-- DIV BARRA GRIS IZQUIERDA - FIN --><\/p>\n<p>    <!--**********************************************************--><\/p>\n<p>    <!-- DIV 5 - OBSERVACIONES - INICIO--><\/p>\n<div style=\"border: 0px solid #CCC;background-color: none;padding: 0em;margin: 0em 0em 0em 0em;float: left;width: 100%;vertical-align: top\">\n<p>    <!-- DIV OBSERVACIONES - NOMBRE - INICIO --><\/p>\n<div style=\"border: 0px solid #CCC;padding-left: 1.5em;margin: 0em 0em 0em 0em;float: left;width: 100%;vertical-align: middle\">\n<p style=\"color: #666666;font-size: 1.5em\" align=\"justify\"><strong>Observaciones<\/strong><\/p>\n<\/p><\/div>\n<p>    <!-- DIV OBSERVACIONES - NOMBRE - FIN --><\/p>\n<p>    <!-- TABLA - OBSERVACIONES - INICIO --><\/p>\n<table style=\"border: 0px solid #CCC;background-color: #ddd;float: left;width: 100%;text-align: center\">\n<tbody>\n<tr style=\"border: 0px solid #FFF;height: auto\">\n<td style=\"border: 0px solid #CCC;padding: 0.5em;vertical-align: top;width: 100%\" colspan=\"2\">\n<p align=\"justify\">Actualmente el uso de este equipo est\u00e1 siendo principalmente para la determinaci\u00f3n de compuestos vol\u00e1tiles o semi-vol\u00e1tiles realizando una microextracci\u00f3n en fase s\u00f3lida del espacio de cabeza (HS-SPME). Dispone de una columna capilar Sapiens X5MS (30 m x 0,25 mm x 0,25 &micro;m). Cuando se trabaje en modo microextracci\u00f3n en fase s\u00f3lida del espacio de cabeza (HS-SPME=Con fibra) se aplicaran las tarifas correspondientes: (i) T-OROR-03 + (ii) T-OROR-04. Con el resto de inyecciones Headspace est\u00e1tico (HS=Sin fibra) y l\u00edquido la tarifa correspondiente ser\u00e1:T-OROR-04. El ususario debe ponerse en contacto con el t\u00e9cnico responsable del equipo para estudiar el tipo de muestra a analizar, preparaci\u00f3n, tipo de inyecci\u00f3n y columna a utitlizar.<\/p>\n<\/td>\n<\/tr>\n<\/tbody>\n<\/table>\n<p>    <!-- TABLA - OBSERVACIONES - FIN --><\/p><\/div>\n<p>    <!-- DIV 5 - OBSERVACIONES - FIN--><\/p>\n<p>    <!--**********************************************************--><br \/>\n    <!--**********************************************************--><\/p>\n<p>    <!-- DIV SEPARADOR - INICIO --><\/p>\n<div style=\"border: 0px solid #CCC;padding: 0em;margin: 0em 0em 0em 0em;float: left;width: 100%;height: 5em;vertical-align: top\"> <\/div>\n<p>    <!-- DIV SEPARADOR - FIN --><\/p>\n<p>    <!--**********************************************************--><\/p>\n<p>    <!-- DIV BARRA GRIS IZQUIERDA - INICIO --><\/p>\n<div style=\"border: 2px solid #CCC;padding: 0em;margin: 0em 0em 0em 0em;float: left;width: 30%;height: 0em;vertical-align: top\"> <\/div>\n<p>    <!-- DIV BARRA GRIS IZQUIERDA - FIN --><\/p>\n<p>    <!--**********************************************************--><\/p>\n<p>    <!-- DIV 6 - FINANCIACION - INICIO--><\/p>\n<div style=\"border: 0px solid #CCC;background-color: none;padding: 0em;margin: 0em 0em 0em 0em;float: left;width: 100%;vertical-align: top\">\n<p>    <!-- DIV FINANCIACION - NOMBRE - INICIO --><\/p>\n<div style=\"border: 0px solid #CCC;padding-left: 1.5em;margin: 0em 0em 0em 0em;float: left;width: 100%;vertical-align: middle\">\n<p style=\"color: #666666;font-size: 1.5em\" align=\"justify\"><strong>Financiaci\u00f3n<\/strong><\/p>\n<\/p><\/div>\n<p>    <!-- DIV FINANCIACION - NOMBRE - FIN --><\/p>\n<p>    <!-- TABLA - FINANCIACION - INICIO --><\/p>\n<table style=\"border: 0px solid #CCC;background-color: #ddd;float: left;width: 100%;text-align: center\">\n<tbody>\n<tr style=\"border: 0px solid #FFF;height: auto\">\n<td style=\"border: 0px solid #CCC;padding: 0.5em;vertical-align: top;width: 55%\" colspan=\"1\">\n<p align=\"justify\">El equipo ha sido adquirido gracias a una Actuaci\u00f3n cofinanciada por la Uni\u00f3n Europea a trav\u00e9s del\u00a0<a href=\"https:\/\/www.red.es\/es\/sobre-nosotros\/financiacion-europea\" target=\"_blank\" rel=\"noopener\">Programa Operativo del Fondo Europeo de Desarrollo Regional<\/a> (FEDER) y el <a href=\"https:\/\/www.ciencia.gob.es\/\" target=\"_blank\" rel=\"noopener\">Ministerio de Ciencia, Innovaci\u00f3n y Universidades<\/a> (Agencia Estatal de Investigaci\u00f3n)\u00a0(PROYECTO:\u00a0EQC2018-004170P).<\/p>\n<\/td>\n<td style=\"border: 0px solid #CCC;padding: 0.5em;vertical-align: top;width: 45%\" colspan=\"1\"><img loading=\"lazy\" src=\"https:\/\/satdi.umh.es\/files\/2026\/03\/imagen_Placa_FEDER_GCMS-TQ8040NX_CampusOrihuela.jpg\" alt=\"Imagen Placa FEDER GCMS-TQ8040NX Orihuela-2018\" width=\"100%\" height=\"100%\" \/><\/td>\n<\/tr>\n<\/tbody>\n<\/table>\n<p>    <!-- TABLA - FINANCIACION - FIN --><\/p><\/div>\n<p>    <!-- DIV 6 - FINANCIACION - FIN--><\/p>\n<p>    <!--**********************************************************--><br \/>\n    <!--**********************************************************--><\/p>\n<p>    <!--**********************************************************--><\/p>\n<p>    <!-- DIV SEPARADOR - INICIO --><\/p>\n<div style=\"border: 0px solid #CCC;padding: 0em;margin: 0em 0em 0em 0em;float: left;width: 100%;height: 5em;vertical-align: top\"> <\/div>\n<p>    <!-- DIV SEPARADOR - FIN --><\/p>\n<p>    <!--**********************************************************--><\/p><\/div>\n<p>    <!-- DIV 1 - CONTENEDOR CONTENIDO - FIN --><\/p>\n<p>    <!--**********************************************************--><\/p><\/div>\n<p>    <!-- DIV 0 - CONTENEDOR PRINCIPAL - FIN --><\/p>\n","protected":false},"excerpt":{"rendered":"\n<p>Equipamiento<\/p>\n<p>Cromat\u00f3grafo de gases con detector de masas triple cuadrupolo<\/p>\n<p>GCMS-TQ8040NX (Shimadzu)<\/p>\n<p>Campus de ORIHUELA<\/p>\n<p>Equipo que permite fragmentar las mol\u00e9culas para conocer [&#8230;]<\/p>\n","protected":false},"author":5414,"featured_media":0,"parent":6105,"menu_order":0,"comment_status":"closed","ping_status":"closed","template":"","meta":{"_links_to":"","_links_to_target":""},"_links":{"self":[{"href":"https:\/\/satdi.umh.es\/en\/wp-json\/wp\/v2\/pages\/11407"}],"collection":[{"href":"https:\/\/satdi.umh.es\/en\/wp-json\/wp\/v2\/pages"}],"about":[{"href":"https:\/\/satdi.umh.es\/en\/wp-json\/wp\/v2\/types\/page"}],"author":[{"embeddable":true,"href":"https:\/\/satdi.umh.es\/en\/wp-json\/wp\/v2\/users\/5414"}],"replies":[{"embeddable":true,"href":"https:\/\/satdi.umh.es\/en\/wp-json\/wp\/v2\/comments?post=11407"}],"version-history":[{"count":0,"href":"https:\/\/satdi.umh.es\/en\/wp-json\/wp\/v2\/pages\/11407\/revisions"}],"up":[{"embeddable":true,"href":"https:\/\/satdi.umh.es\/en\/wp-json\/wp\/v2\/pages\/6105"}],"wp:attachment":[{"href":"https:\/\/satdi.umh.es\/en\/wp-json\/wp\/v2\/media?parent=11407"}],"curies":[{"name":"wp","href":"https:\/\/api.w.org\/{rel}","templated":true}]}}