{"id":2184,"date":"2020-04-06T10:03:44","date_gmt":"2020-04-06T08:03:44","guid":{"rendered":"https:\/\/satdi.umh.es\/?page_id=2184"},"modified":"2024-06-10T11:46:42","modified_gmt":"2024-06-10T09:46:42","slug":"guia-del-usuario-de-la-aplicacion-informatica-para-gestion-de-productos-quimicos","status":"publish","type":"page","link":"https:\/\/satdi.umh.es\/en\/utilidades\/prl\/guia-del-usuario-de-la-aplicacion-informatica-para-gestion-de-productos-quimicos\/","title":{"rendered":"<span lang=\"es\">(Espa\u00f1ol) Gu\u00eda del usuario de la aplicaci\u00f3n para Gesti\u00f3n de Productos Qu\u00edmicos<\/span>"},"content":{"rendered":"<p class=\"qtranxs-available-languages-message qtranxs-available-languages-message-en\">Sorry, this entry is only available in <a href=\"https:\/\/satdi.umh.es\/es\/wp-json\/wp\/v2\/pages\/2184\" class=\"qtranxs-available-language-link qtranxs-available-language-link-es\" title=\"Espa\u00f1ol\">European Spanish<\/a>.<\/p>","protected":false},"excerpt":{"rendered":"<p>Sorry, this entry is only available in European Spanish.<\/p>\n","protected":false},"author":3000,"featured_media":0,"parent":96,"menu_order":1,"comment_status":"closed","ping_status":"closed","template":"","meta":{"_links_to":"","_links_to_target":""},"_links":{"self":[{"href":"https:\/\/satdi.umh.es\/en\/wp-json\/wp\/v2\/pages\/2184"}],"collection":[{"href":"https:\/\/satdi.umh.es\/en\/wp-json\/wp\/v2\/pages"}],"about":[{"href":"https:\/\/satdi.umh.es\/en\/wp-json\/wp\/v2\/types\/page"}],"author":[{"embeddable":true,"href":"https:\/\/satdi.umh.es\/en\/wp-json\/wp\/v2\/users\/3000"}],"replies":[{"embeddable":true,"href":"https:\/\/satdi.umh.es\/en\/wp-json\/wp\/v2\/comments?post=2184"}],"version-history":[{"count":0,"href":"https:\/\/satdi.umh.es\/en\/wp-json\/wp\/v2\/pages\/2184\/revisions"}],"up":[{"embeddable":true,"href":"https:\/\/satdi.umh.es\/en\/wp-json\/wp\/v2\/pages\/96"}],"wp:attachment":[{"href":"https:\/\/satdi.umh.es\/en\/wp-json\/wp\/v2\/media?parent=2184"}],"curies":[{"name":"wp","href":"https:\/\/api.w.org\/{rel}","templated":true}]}}