{"id":25,"date":"2010-03-09T13:15:30","date_gmt":"2010-03-09T12:15:30","guid":{"rendered":"http:\/\/apodocinv.zeus.umh.es\/?page_id=25"},"modified":"2023-11-02T08:44:17","modified_gmt":"2023-11-02T07:44:17","slug":"isotopos-radiactivos","status":"publish","type":"page","link":"https:\/\/satdi.umh.es\/en\/servicios-prestados\/instrumentacioncientifica\/isotopos-radiactivos\/","title":{"rendered":"Is\u00f3topos radiactivos"},"content":{"rendered":"<p>La Universidad Miguel Hern\u00e1ndez dispone en sus Servicios T\u00e9cnicos de Investigaci\u00f3n de 2\u00a0 instalaciones radiactivas,\u00a0 una en el Campus de Elche\u00a0 y otra\u00a0 el Campus de\u00a0 San Juan.\u00a0 Siga el enlace m\u00e1s\u00a0 adecuado a sus necesidades.<\/p>\n<ul>\n<li><a href=\"https:\/\/apodocinv.umh.es\/?page_id=26\">Instalaci\u00f3n Radiactiva del Campus de Elche (IRA-2882)<\/a><\/li>\n<li><a href=\"https:\/\/apodocinv.umh.es\/?page_id=27\">Instalaci\u00f3n Radiactiva del Campus de San Juan (IRA-2086)<\/a><\/li>\n<\/ul>\n<p><strong><a href=\"https:\/\/apodocinv.umh.es\/?page_id=42\">Normas de is\u00f3topos radiactivos<\/a><\/strong><\/p>","protected":false},"excerpt":{"rendered":"<p>La Universidad Miguel Hern\u00e1ndez dispone en sus Servicios T\u00e9cnicos de Investigaci\u00f3n de 2\u00a0 instalaciones radiactivas,\u00a0 una en el Campus de Elche\u00a0 y otra\u00a0 el Campus de\u00a0 San Juan.\u00a0 Siga el enlace m\u00e1s\u00a0 adecuado a sus necesidades.<\/p>\n<p>Instalaci\u00f3n Radiactiva del Campus de Elche (IRA-2882)<br \/>\nInstalaci\u00f3n Radiactiva del Campus de San Juan (IRA-2086)<\/p>\n<p>Normas de is\u00f3topos radiactivos<\/p>\n","protected":false},"author":149,"featured_media":0,"parent":3,"menu_order":0,"comment_status":"closed","ping_status":"closed","template":"","meta":{"_links_to":"","_links_to_target":""},"_links":{"self":[{"href":"https:\/\/satdi.umh.es\/en\/wp-json\/wp\/v2\/pages\/25"}],"collection":[{"href":"https:\/\/satdi.umh.es\/en\/wp-json\/wp\/v2\/pages"}],"about":[{"href":"https:\/\/satdi.umh.es\/en\/wp-json\/wp\/v2\/types\/page"}],"author":[{"embeddable":true,"href":"https:\/\/satdi.umh.es\/en\/wp-json\/wp\/v2\/users\/149"}],"replies":[{"embeddable":true,"href":"https:\/\/satdi.umh.es\/en\/wp-json\/wp\/v2\/comments?post=25"}],"version-history":[{"count":0,"href":"https:\/\/satdi.umh.es\/en\/wp-json\/wp\/v2\/pages\/25\/revisions"}],"up":[{"embeddable":true,"href":"https:\/\/satdi.umh.es\/en\/wp-json\/wp\/v2\/pages\/3"}],"wp:attachment":[{"href":"https:\/\/satdi.umh.es\/en\/wp-json\/wp\/v2\/media?parent=25"}],"curies":[{"name":"wp","href":"https:\/\/api.w.org\/{rel}","templated":true}]}}