{"id":26,"date":"2010-03-09T13:16:01","date_gmt":"2010-03-09T12:16:01","guid":{"rendered":"http:\/\/apodocinv.zeus.umh.es\/?page_id=26"},"modified":"2010-03-09T13:16:01","modified_gmt":"2010-03-09T12:16:01","slug":"instalacion-radiactiva-del-campus-de-elche-ira-2882","status":"publish","type":"page","link":"https:\/\/satdi.umh.es\/en\/servicios-prestados\/instrumentacioncientifica\/isotopos-radiactivos\/instalacion-radiactiva-del-campus-de-elche-ira-2882\/","title":{"rendered":"Instalaci\u00f3n Radiactiva del Campus de Elche (IRA-2882)"},"content":{"rendered":"<p><code> <\/code><br \/>\n<strong><em><span style=\"color: #ff6600\">Prestaciones<\/span><\/em><\/strong><br \/>\nLa Unidad de Is\u00f3topos Radiactivos ofrece a los investigadores de la Universidad Miguel Hern\u00e1ndez y de otras instituciones p\u00fablicas y privadas, servicios de adquisici\u00f3n, mantenimiento y eliminaci\u00f3n de fuentes radiactivas no encapsuladas.<\/p>\n<p>Nuestros contadores de centelleo y los de radiaci\u00f3n gamma aseguran la medida de la actividad en muestras radiactivas.<\/p>\n<p>As\u00ed mismo disponemos de recursos para la protecci\u00f3n radiol\u00f3gica de los usuarios, tanto en la vertiente de detecci\u00f3n de radiaci\u00f3n (contador Geiger-M\u00fcller) como en la de seguridad f\u00edsica (campana de flujo forzado, pantallas de metacrilato, ladrillos de plomo).<\/p>\n<p>Todo ello, junto a un buen espacio de laboratorio para trabajar in situ, hacen de nuestra unidad un espacio acondicionado para el trabajo con fuentes no encapsuladas.<\/p>\n<p>Aplicaciones concretas del servicio son:<\/p>\n<ul>\n<li>An\u00e1lisis de elementos que se encuentran en concentraciones muy bajas.<\/li>\n<li>An\u00e1lisis cuantitativos de hormonas y otras sustancias org\u00e1nicas por m\u00e9todos de radioinmunoan\u00e1lisis.<\/li>\n<li>Trazadores en estudios de procesos f\u00edsicos, qu\u00edmicos, biol\u00f3gicos y m\u00e9dicos.<\/li>\n<\/ul>\n<p>Nuestra Instalaci\u00f3n Radiactiva es la denominada IRA-2882. Es una instalaci\u00f3n de segunda categor\u00eda que puede utilizar los siguientes materiales radiactivos en las actividades m\u00e1ximas se\u00f1aladas<\/p>\n<table border=\"1\" width=\"60%\" bgcolor=\"#ccffff\">\n<tbody>\n<tr align=\"center\" valign=\"CENTER\" bgcolor=\"#ff6600\">\n<td><strong><span style=\"font-family: Arial, Helvetica\"><span><font color=\"white\">RADIONUCLEIDOS<\/font><\/span><\/span><\/strong><\/td>\n<td width=\"70%\"><strong><span style=\"font-family: Arial, Helvetica\"><span><font color=\"white\">ACTIVIDAD\u00a0M\u00c1XIMA<\/font><\/span><\/span><\/strong><\/td>\n<\/tr>\n<tr>\n<td><strong><span style=\"font-family: Arial, Helvetica\"><span>H-3<\/span><\/span><\/strong><\/td>\n<td><strong><span style=\"font-family: Verdana\"><span style=\"color: #3333ff\">2220\u00a0MBq ( 60 mCi) <\/span><\/span><\/strong><\/td>\n<\/tr>\n<tr>\n<td><strong><span style=\"font-family: Arial, Helvetica\"><span>C-14<\/span><\/span><\/strong><\/td>\n<td><strong><span style=\"font-family: Verdana\"><span style=\"color: #3333ff\">555\u00a0MBq ( 15 mCi) <\/span><\/span><\/strong><\/td>\n<\/tr>\n<tr>\n<td><strong><span style=\"font-family: Arial, Helvetica\"><span>P-32<\/span><\/span><\/strong><\/td>\n<td><strong><span style=\"font-family: Verdana\"><span style=\"color: #3333ff\">1850MBq ( 50 mCi)<\/span><\/span><\/strong><\/td>\n<\/tr>\n<tr>\n<td><strong><span style=\"font-family: Arial, Helvetica\"><span>P-33<\/span><\/span><\/strong><\/td>\n<td><strong><span style=\"font-family: Verdana\"><span style=\"color: #3333ff\">1850MBq ( 50 mCi)<\/span><\/span><\/strong><\/td>\n<\/tr>\n<tr>\n<td><strong><span style=\"font-family: Arial, Helvetica\"><span>S-35<\/span><\/span><\/strong><\/td>\n<td><strong><span style=\"font-family: Verdana\"><span style=\"color: #3333ff\">555\u00a0MBq ( 15 mCi)<\/span><\/span><\/strong><\/td>\n<\/tr>\n<tr>\n<td><strong><span style=\"font-family: Arial, Helvetica\"><span>Ca-45<\/span><\/span><\/strong><\/td>\n<td><strong><span style=\"font-family: Verdana\"><span style=\"color: #3333ff\">370\u00a0MBq ( 10 mCi)<\/span><\/span><\/strong><\/td>\n<\/tr>\n<tr>\n<td><strong><span style=\"font-family: Arial, Helvetica\"><span>I-125<\/span><\/span><\/strong><\/td>\n<td><strong><span style=\"font-family: Verdana\"><span style=\"color: #3333ff\">370\u00a0MBq\u00a0 ( 10\u00a0mCi )<\/span><\/span><\/strong><\/td>\n<\/tr>\n<\/tbody>\n<\/table>\n<p><code> <\/code><br \/>\n<strong><em><span style=\"color: #ff6600\">Equipos<\/span><\/em><\/strong><\/p>\n<ul>\n<li>Detectores de centelleo para part\u00edculas beta:<\/li>\n<\/ul>\n<blockquote><p>LS 6500 (Beckman)<\/p><\/blockquote>\n<ul>\n<li>Detectores de radiaci\u00f3n gamma:<\/li>\n<\/ul>\n<blockquote><p>Cobra II (Packard)<\/p><\/blockquote>\n<ul>\n<li>Monitor de radiaci\u00f3n:<\/li>\n<\/ul>\n<blockquote><p>Contador Geiger (LAMSE Mod MS6020\/CT6)<\/p><\/blockquote>\n","protected":false},"excerpt":{"rendered":"<p>\nPrestaciones<br \/>\nLa Unidad de Is\u00f3topos Radiactivos ofrece a los investigadores de la Universidad Miguel Hern\u00e1ndez y de otras instituciones p\u00fablicas y privadas, servicios de adquisici\u00f3n, mantenimiento y eliminaci\u00f3n de fuentes radiactivas no encapsuladas.<br \/>\nNuestros contadores de centelleo y los de radiaci\u00f3n gamma aseguran la medida de la actividad en muestras radiactivas.<br \/>\nAs\u00ed mismo disponemos de recursos para [&#8230;]<\/p>\n","protected":false},"author":149,"featured_media":0,"parent":25,"menu_order":0,"comment_status":"closed","ping_status":"closed","template":"","meta":{"_links_to":"","_links_to_target":""},"_links":{"self":[{"href":"https:\/\/satdi.umh.es\/en\/wp-json\/wp\/v2\/pages\/26"}],"collection":[{"href":"https:\/\/satdi.umh.es\/en\/wp-json\/wp\/v2\/pages"}],"about":[{"href":"https:\/\/satdi.umh.es\/en\/wp-json\/wp\/v2\/types\/page"}],"author":[{"embeddable":true,"href":"https:\/\/satdi.umh.es\/en\/wp-json\/wp\/v2\/users\/149"}],"replies":[{"embeddable":true,"href":"https:\/\/satdi.umh.es\/en\/wp-json\/wp\/v2\/comments?post=26"}],"version-history":[{"count":0,"href":"https:\/\/satdi.umh.es\/en\/wp-json\/wp\/v2\/pages\/26\/revisions"}],"up":[{"embeddable":true,"href":"https:\/\/satdi.umh.es\/en\/wp-json\/wp\/v2\/pages\/25"}],"wp:attachment":[{"href":"https:\/\/satdi.umh.es\/en\/wp-json\/wp\/v2\/media?parent=26"}],"curies":[{"name":"wp","href":"https:\/\/api.w.org\/{rel}","templated":true}]}}