{"id":8445,"date":"2024-09-25T09:52:49","date_gmt":"2024-09-25T07:52:49","guid":{"rendered":"https:\/\/satdi.umh.es\/?page_id=8445"},"modified":"2026-04-01T12:08:22","modified_gmt":"2026-04-01T10:08:22","slug":"satdi-ic-sistema-de-registro-y-estimulacion-celular-cmos-mea5000-multichannel-systems","status":"publish","type":"page","link":"https:\/\/satdi.umh.es\/en\/servicios-prestados\/instrumentacioncientifica\/servicios_ofertados\/servicios_ofertados-satdi-ic-electrofisiologia\/satdi-ic-sistema-de-registro-y-estimulacion-celular-cmos-mea5000-multichannel-systems\/","title":{"rendered":"SATDI-IC: CMOS-MEA5000 Multichannel System"},"content":{"rendered":"<p>    <!-- DIV 0 - CONTENEDOR PRINCIPAL - INICIO --><\/p>\n<div style=\"border: 0px solid #CCC;padding-top: 0em;margin: 0em 0em 0em 0em;width: 100%;float: left\">\n<p>    <!--**********************************************************--><\/p>\n<p>    <!-- DIV 1 - CONTENEDOR CONTENIDO - INICIO --><\/p>\n<div style=\"border: 0px solid #111;padding-top: 0em;margin: 0em 0em 0em 0em;width: 100%;float: left\">\n<p>    <!--**********************************************************--><\/p>\n<p>    <!-- DIV 2 - EQUIPAMIENTO - INICIO--><\/p>\n<div style=\"border: 0px solid #CCC;background-color: none;padding: 0em;margin: 0em 0em 0em 0em;float: left;width: 100%;vertical-align: top\">\n<p>    <!-- DIV EQUIPAMIENTO - NOMBRE - INICIO --><\/p>\n<div style=\"border: 0px solid #CCC;padding-left: 1.5em;margin: 0em 0em 0em 0em;float: left;width: 100%;vertical-align: middle\">\n<p style=\"color: #666666;font-size: 1.5em\" align=\"justify\"><strong>Equipamiento<\/strong><\/p>\n<\/p><\/div>\n<p>    <!-- DIV EQUIPAMIENTO - NOMBRE - FIN --><\/p>\n<p>    <!-- TABLA - EQUIPAMIENTO - INICIO --><\/p>\n<table style=\"border: 0px solid #CCC;background-color: #ddd;float: left;width: 100%;text-align: center\">\n<tbody>\n<tr style=\"border: 0px solid #FFF\">\n<td style=\"border: 0px solid #CCC;padding: 0.5em;width: 40%\" colspan=\"1\">\n<p align=\"justify\"><strong>Sistema de registro y estimulaci\u00f3n multicanal<br \/>\n    <\/strong><\/p>\n<p style=\"color: #666666\" align=\"justify\"><strong>CMOS-MEA5000 (Multichannel Systems)<\/strong><\/p>\n<\/td>\n<td style=\"border: 0px solid #CCC;padding: 0.5em;width: 52.5%\" colspan=\"1\" valign=\"center\">\n<p align=\"right\"><span style=\"color: #a31c19\"><strong>Campus de ELCHE<\/strong><\/span><\/p>\n<\/td>\n<td style=\"border: 0px solid #CCC;padding: 0.5em;width: 7.5%;text-align: right\" colspan=\"1\" valign=\"top\"><img src=\"https:\/\/satdi.umh.es\/files\/2024\/01\/Imagen_LogoSATDI-IC.png\" alt=\"Logo SATDI-IC\" width=\"90%\" \/><\/td>\n<\/tr>\n<tr style=\"border: 0px solid #FFF;height: auto\">\n<td style=\"border: 0px solid #CCC;padding: 0.5em;vertical-align: top;width: 35%\" rowspan=\"2\"><img loading=\"lazy\" src=\"https:\/\/satdi.umh.es\/files\/2025\/09\/imagen_CMOSMEA500_MultichannelSystems_campusElche.jpg\" alt=\"Imagen del Sistema de registro y estimulaci\u00f3n multicanal (CMOS-MEA5000, Multichannel Systems)\" width=\"100%\" height=\"100%\" \/><\/td>\n<td style=\"border: 0px solid #CCC;padding: 0.5em;vertical-align: top;width: 65%\" colspan=\"2\">\n<p align=\"justify\">Sistema de registro y estimulaci\u00f3n para aplicaciones in vitro que permite medir la actividad el\u00e9ctrica extracelular con alta resoluci\u00f3n (&gt;2k Electrodos\/mm<sup style=\"font-size: 60%\">2<\/sup>) y frecuencia de muestreo (25kHz). Basa su funcionamiento en el uso de una matriz bidimensional de Semiconductores (CMOS) de m\u00e1s de 4000 electrodos, como elemento fundamental de registro. Intercalados a \u00e9stos, dispone de 1000 electrodos de estimulaci\u00f3n. Estas  matrices se encuentran alojadas en chips acoplados a c\u00e1maras de cultivo  con m\u00faltiples dise\u00f1os, que se adaptan a diferentes tipos de muestras, principalmente cortes de tejido o cultivo celular.<\/p>\n<\/td>\n<\/tr>\n<tr style=\"border: 0px solid #FFF\">\n<td style=\"border: 0px solid #EEE;padding: 0.5em;height: 10%;width: 65%\" colspan=\"2\" valign=\"center\">\n<p align=\"left\"><span><strong>&nbsp;<\/strong><\/span><\/p>\n<\/td>\n<\/tr>\n<tr style=\"border: 0px solid #FFF\">\n<td style=\"border: 0px solid #CCC;padding: 0.5em;width: 100%\" colspan=\"3\">\n<p align=\"justify\">Con el objetivo de dotar al sistema de una mayor flexibilidad, como parte de la plataforma de trabajo se dispone de los siguientes equipos auxiliares:<\/p>\n<ul>\n<li>\n<p align=\"justify\"> Sistema de control de temperatura TC0<sub style=\"font-size: 60%\">2<\/sub> (Multichannel systems) con dos canales para rangos de temperatura entre 10\u00b0C y 40\u00b0C (\u00b1 0.1 \u00b0C).\n<\/p>\n<\/li>\n<li>\n<p align=\"justify\"> Sistema de perfusi\u00f3n VCS-8-PTFE (Multichannel systems) con control autom\u00e1tico y m\u00faltiples opciones para el dise\u00f1o de protocolos complejos con hasta 8 soluciones distintas.\n<\/p>\n<\/li>\n<li>\n<p align=\"justify\"> Sistema de bombas perist\u00e1lticas PPS2 (Multichannel systems) que permite ajustar el flujo con un rango de 0 \u2013 30 ml\/min con resoluci\u00f3n de 0.1ml\/min.<\/p>\n<\/li>\n<\/ul>\n<\/td>\n<\/tr>\n<\/tbody>\n<\/table>\n<p>    <!-- TABLA - EQUIPAMIENTO - FIN --><\/p><\/div>\n<p>    <!-- DIV 2 - EQUIPAMIENTO - FIN--><\/p>\n<p>    <!--**********************************************************--><br \/>\n    <!--**********************************************************--><\/p>\n<p>    <!-- DIV SEPARADOR - INICIO --><\/p>\n<div style=\"border: 0px solid #CCC;padding: 0em;margin: 0em 0em 0em 0em;float: left;width: 100%;height: 5em;vertical-align: top\"> <\/div>\n<p>    <!-- DIV SEPARADOR - FIN --><\/p>\n<p>    <!--**********************************************************--><\/p>\n<p>    <!-- DIV BARRA GRIS IZQUIERDA - INICIO --><\/p>\n<div style=\"border: 2px solid #CCC;padding: 0em;margin: 0em 0em 0em 0em;float: left;width: 30%;height: 0em;vertical-align: top\"> <\/div>\n<p>    <!-- DIV BARRA GRIS IZQUIERDA - FIN --><\/p>\n<p>    <!--**********************************************************--><\/p>\n<p>    <!-- DIV 3 - CONTACTO - INICIO--><\/p>\n<div style=\"border: 0px solid #CCC;background-color: none;padding: 0em;margin: 0em 0em 0em 0em;float: left;width: 100%;vertical-align: top\">\n<p>    <!-- DIV CONTACTO - NOMBRE - INICIO --><\/p>\n<div style=\"border: 0px solid #CCC;padding-left: 1.5em;margin: 0em 0em 0em 0em;float: left;width: 100%;vertical-align: middle\">\n<p style=\"color: #666666;font-size: 1.5em\" align=\"justify\"><strong>Contacto<\/strong><\/p>\n<\/p><\/div>\n<p>    <!-- DIV CONTACTO - NOMBRE - FIN --><\/p>\n<p>    <!-- TABLA - CONTACTO - INICIO --><\/p>\n<table style=\"border: 0px solid #CCC;float: left;width: 100%;text-align: center\">\n<tbody>\n<tr style=\"border: 0px solid #CCC\">\n<td style=\"border: 0px solid #CCC;padding: 0.5em\" colspan=\"1\" rowspan=\"1\">\n<p align=\"justify\"><strong>Campus de ELCHE<\/strong><\/p>\n<p align=\"justify\">Edificio TORREGAIT\u00c1N<br \/>\n    (C\u00f3digo GIS: E10P0056)<\/p>\n<\/td>\n<td style=\"border: 0px solid #eeeeee;padding: 0.5em;text-align: center\" colspan=\"1\" valign=\"center\">Ver ubicaci\u00f3n<a href=\"http:\/\/universite.umh.es\/localizaciones\/?selT=edificios&amp;selI=E10P0056\" target=\"_blank\" rel=\"noopener\"><img loading=\"lazy\" class=\"aligncenter\" src=\"https:\/\/satdi.umh.es\/files\/2024\/01\/ICONO_UBICACION-1.png\" alt=\"Icono de la ubicaci\u00f3n\" width=\"25px\" height=\"auto\" \/><\/a><\/td>\n<td style=\"border: 0px solid #CCC;padding: 0.5em\" colspan=\"1\" rowspan=\"1\"><\/td>\n<td style=\"border: 0px solid #CCC;padding: 0.5em\" colspan=\"1\" rowspan=\"1\">\n<ul style=\"float: left;text-align: justify\">\n<li style=\"color: #666666\"><strong> Butr\u00f3n Garc\u00eda, Laura<\/strong><\/li>\n<li>+34 965 22 2565 | +34 648891324 | 51324<\/li>\n<li>lbutron@umh.es<\/li>\n<\/ul>\n<\/td>\n<\/tr>\n<\/tbody>\n<\/table>\n<p>    <!-- TABLA - CONTACTO - FIN --><\/p><\/div>\n<p>    <!-- DIV 3 - CONTACTO - FIN--><\/p>\n<p>    <!--**********************************************************--><br \/>\n    <!--**********************************************************--><\/p>\n<p>    <!-- DIV SEPARADOR - INICIO --><\/p>\n<div style=\"border: 0px solid #CCC;padding: 0em;margin: 0em 0em 0em 0em;float: left;width: 100%;height: 5em;vertical-align: top\"> <\/div>\n<p>    <!-- DIV SEPARADOR - FIN --><\/p>\n<p>    <!--**********************************************************--><\/p>\n<p>    <!-- DIV BARRA GRIS IZQUIERDA - INICIO --><\/p>\n<div style=\"border: 2px solid #CCC;padding: 0em;margin: 0em 0em 0em 0em;float: left;width: 30%;height: 0em;vertical-align: top\"> <\/div>\n<p>    <!-- DIV BARRA GRIS IZQUIERDA - FIN --><\/p>\n<p>    <!--**********************************************************--><\/p>\n<p>    <!-- DIV 3 - TARIFAS - INICIO--><\/p>\n<div style=\"border: 0px solid #CCC;background-color: none;padding: 0em;margin: 0em 0em 0em 0em;float: left;width: 100%;vertical-align: top\">\n<p>    <!-- DIV TARIFAS - NOMBRE - INICIO --><\/p>\n<div style=\"border: 0px solid #CCC;padding-left: 1.5em;margin: 0em 0em 0em 0em;float: left;width: 100%;vertical-align: middle\">\n<p style=\"color: #666666;font-size: 1.5em\" align=\"justify\"><strong>Tarifas vigentes (2026)<\/strong><\/p>\n<\/p><\/div>\n<p>    <!-- DIV TARIFAS - NOMBRE - FIN --><\/p>\n<div style=\"border: 0px solid #CCC;padding: 0em;margin: 0em 0em 0em 0em;float: left;width: 100%\">\n<table style=\"border: 0px solid #CCC;float: left;width: 100%;text-align: center\">\n<tbody>\n<tr style=\"border: 0px solid #CCC\">\n<td style=\"border: 0px solid #CCC;background-color: #ccc;padding: 0.5em;width: 10%\" colspan=\"1\" rowspan=\"1\">\n<p align=\"center\"><strong>Referencia<\/strong><\/p>\n<\/td>\n<td style=\"border: 0px solid #CCC;background-color: #ccc;padding: 0.5em;width: 50%\" colspan=\"1\" rowspan=\"1\">\n<p align=\"center\"><strong>Descripci\u00f3n<\/strong><\/p>\n<\/td>\n<td style=\"border: 0px solid #CCC;background-color: #ccc;padding: 0.5em;width: 10%\" colspan=\"1\" rowspan=\"1\">\n<p align=\"center\"><strong>Unidad<br \/>\n    de<br \/>\n    medida<\/strong><\/p>\n<\/td>\n<td style=\"border: 0px solid #CCC;background-color: #ccc;padding: 0.5em;width: 10%\" colspan=\"1\" rowspan=\"1\">\n<p align=\"center\"><strong>Precio unitario UMH (\u20ac)<\/strong><\/p>\n<\/td>\n<td style=\"border: 0px solid #CCC;background-color: #ccc;padding: 0.5em;width: 10%\" colspan=\"1\" rowspan=\"1\">\n<p align=\"center\"><strong>Precio unitario Entidades P\u00fablicas (\u20ac)<\/strong><\/p>\n<\/td>\n<td style=\"border: 0px solid #CCC;background-color: #ccc;padding: 0.5em;width: 10%\" colspan=\"1\" rowspan=\"1\">\n<p align=\"center\"><strong>Precio unitario Entidades Privadas (\u20ac)<\/strong><\/p>\n<\/td>\n<\/tr>\n<tr style=\"border: 0px solid #CCC\">\n<td style=\"border: 0px solid #CCC;background-color: #e0e0e0;padding: 0.5em;width: 10%\" colspan=\"1\" rowspan=\"1\">\n<p align=\"center\">T-ELTG-01<\/p>\n<\/td>\n<td style=\"border: 0px solid #CCC;background-color: #e0e0e0;padding: 0.5em;width: 50%\" colspan=\"1\" rowspan=\"1\">\n<p align=\"justify\">Uso del sistema de registro y estimulaci\u00f3n celular Multichannel Systems CMOS-MEA5000<\/p>\n<\/td>\n<td style=\"border: 0px solid #CCC;background-color: #e0e0e0;padding: 0.5em;width: 10%\" colspan=\"1\" rowspan=\"1\">\n<p align=\"center\">hora<\/p>\n<\/td>\n<td style=\"border: 0px solid #CCC;background-color: #e0e0e0;padding: 0.5em;width: 10%\" colspan=\"1\" rowspan=\"1\">\n<p align=\"center\">17.11<\/p>\n<\/td>\n<td style=\"border: 0px solid #CCC;background-color: #e0e0e0;padding: 0.5em;width: 10%\" colspan=\"1\" rowspan=\"1\">\n<p align=\"center\">19.8<\/p>\n<\/td>\n<td style=\"border: 0px solid #CCC;background-color: #e0e0e0;padding: 0.5em;width: 10%\" colspan=\"1\" rowspan=\"1\">\n<p align=\"center\">20.98<\/p>\n<\/td>\n<\/tr>\n<tr style=\"border: 0px solid #CCC\">\n<td style=\"border: 0px solid #CCC;background-color: #e8e8e8;padding: 0.5em;width: 10%\" colspan=\"1\" rowspan=\"1\">\n<p align=\"center\">T-ELTG-02<\/p>\n<\/td>\n<td style=\"border: 0px solid #CCC;background-color: #e8e8e8;padding: 0.5em;width: 50%\" colspan=\"1\" rowspan=\"1\">\n<p align=\"justify\">Material fungible para uso del sistema de registro y estimulaci\u00f3n celular Multichannel Systems CMOS-MEA5001<\/p>\n<\/td>\n<td style=\"border: 0px solid #CCC;background-color: #e8e8e8;padding: 0.5em;width: 10%\" colspan=\"1\" rowspan=\"1\">\n<p align=\"center\">material necesario<\/p>\n<\/td>\n<td style=\"border: 0px solid #CCC;background-color: #e8e8e8;padding: 0.5em;width: 10%\" colspan=\"1\" rowspan=\"1\">\n<p align=\"center\">13.5<\/p>\n<\/td>\n<td style=\"border: 0px solid #CCC;background-color: #e8e8e8;padding: 0.5em;width: 10%\" colspan=\"1\" rowspan=\"1\">\n<p align=\"center\">15.62<\/p>\n<\/td>\n<td style=\"border: 0px solid #CCC;background-color: #e8e8e8;padding: 0.5em;width: 10%\" colspan=\"1\" rowspan=\"1\">\n<p align=\"center\">16.56<\/p>\n<\/td>\n<\/tr>\n<\/tbody>\n<\/table><\/div>\n<\/p><\/div>\n<p>    <!-- DIV 3 - TARIFAS - FIN --><\/p>\n<p>    <!--**********************************************************--><br \/>\n    <!--**********************************************************--><\/p>\n<p>    <!-- DIV SEPARADOR - INICIO --><\/p>\n<div style=\"border: 0px solid #CCC;padding: 0em;margin: 0em 0em 0em 0em;float: left;width: 100%;height: 5em;vertical-align: top\"> <\/div>\n<p>    <!-- DIV SEPARADOR - FIN --><\/p>\n<p>    <!--**********************************************************--><\/p>\n<p>    <!-- DIV BARRA GRIS IZQUIERDA - INICIO --><\/p>\n<div style=\"border: 2px solid #CCC;padding: 0em;margin: 0em 0em 0em 0em;float: left;width: 30%;height: 0em;vertical-align: top\"> <\/div>\n<p>    <!-- DIV BARRA GRIS IZQUIERDA - FIN --><\/p>\n<p>    <!--**********************************************************--><\/p>\n<p>    <!-- DIV 5 - OBSERVACIONES - INICIO--><\/p>\n<div style=\"border: 0px solid #CCC;background-color: none;padding: 0em;margin: 0em 0em 0em 0em;float: left;width: 100%;vertical-align: top\">\n<p>    <!-- DIV OBSERVACIONES - NOMBRE - INICIO --><\/p>\n<div style=\"border: 0px solid #CCC;padding-left: 1.5em;margin: 0em 0em 0em 0em;float: left;width: 100%;vertical-align: middle\">\n<p style=\"color: #666666;font-size: 1.5em\" align=\"justify\"><strong>Observaciones<\/strong><\/p>\n<\/p><\/div>\n<p>    <!-- DIV OBSERVACIONES - NOMBRE - FIN --><\/p>\n<p>    <!-- TABLA - OBSERVACIONES - INICIO --><\/p>\n<table style=\"border: 0px solid #CCC;background-color: #ddd;float: left;width: 100%;text-align: center\">\n<tbody>\n<tr style=\"border: 0px solid #FFF;height: auto\">\n<td style=\"border: 0px solid #CCC;padding: 0.5em;vertical-align: top;width: 100%\" colspan=\"2\">\n<p align=\"justify\">Las tarifas incluyen el manejo del equipo por un t\u00e9cnico especializado. Estas tarifas NO incluyen el coste de las placas de cultivo, en caso de necesitar el suministro de dichas placas u otro material fungible el coste se ver\u00e1 incrementado como indica la tarifa con fungible. Las tarifas no incluyen la realizaci\u00f3n de cultivos celulares por lo que en caso de que el servicio requiera esto u otro servicio adicional se valorar\u00e1 de forma espec\u00edfica.<br \/>\nLa reserva del equipo se realizar\u00e1 a trav\u00e9s de los medios disponibles en el IDiBE para tal fin y se fijar\u00e1 de acuerdo a la demanda existente.<\/p>\n<\/td>\n<\/tr>\n<\/tbody>\n<\/table>\n<p>    <!-- TABLA - OBSERVACIONES - FIN --><\/p><\/div>\n<p>    <!-- DIV 5 - OBSERVACIONES - FIN--><\/p>\n<p>    <!--**********************************************************--><br \/>\n    <!--**********************************************************--><\/p>\n<p>    <!-- DIV SEPARADOR - INICIO --><\/p>\n<div style=\"border: 0px solid #CCC;padding: 0em;margin: 0em 0em 0em 0em;float: left;width: 100%;height: 5em;vertical-align: top\"> <\/div>\n<p>    <!-- DIV SEPARADOR - FIN --><\/p>\n<p>    <!--**********************************************************--><\/p>\n<p>    <!-- DIV BARRA GRIS IZQUIERDA - INICIO --><\/p>\n<div style=\"border: 2px solid #CCC;padding: 0em;margin: 0em 0em 0em 0em;float: left;width: 30%;height: 0em;vertical-align: top\"> <\/div>\n<p>    <!-- DIV BARRA GRIS IZQUIERDA - FIN --><\/p>\n<p>    <!--**********************************************************--><\/p>\n<p>    <!-- DIV 6 - FINANCIACION - INICIO--><\/p>\n<div style=\"border: 0px solid #CCC;background-color: none;padding: 0em;margin: 0em 0em 0em 0em;float: left;width: 100%;vertical-align: top\">\n<p>    <!-- DIV FINANCIACION - NOMBRE - INICIO --><\/p>\n<div style=\"border: 0px solid #CCC;padding-left: 1.5em;margin: 0em 0em 0em 0em;float: left;width: 100%;vertical-align: middle\">\n<p style=\"color: #666666;font-size: 1.5em\" align=\"justify\"><strong>Financiaci\u00f3n<\/strong><\/p>\n<\/p><\/div>\n<p>    <!-- DIV FINANCIACION - NOMBRE - FIN --><\/p>\n<p>    <!-- TABLA - FINANCIACION - INICIO --><\/p>\n<table style=\"border: 0px solid #CCC;background-color: #ddd;float: left;width: 100%;text-align: center\">\n<tbody>\n<tr style=\"border: 0px solid #FFF;height: auto\">\n<td style=\"border: 0px solid #CCC;padding: 0.5em;vertical-align: top;width: 55%\" colspan=\"1\">\n<p align=\"justify\">El equipo ha sido adquirido gracias a una Actuaci\u00f3n cofinanciada por la Uni\u00f3n Europea a trav\u00e9s del <a href=\"https:\/\/www.red.es\/es\/sobre-nosotros\/financiacion-europea\/fondos-feder\" target=\"_blank\" rel=\"noopener\">Programa Operativo del Fondo Europeo de Desarrollo Regional<\/a> (FEDER) de la <a href=\"https:\/\/hisenda.gva.es\/es\/web\/fons-europeus\/2014-2020\/feder\" target=\"_blank\" rel=\"noopener\">Comunitat Valenciana 2014-2020<\/a> (PROYECTO: IDIFEDER2020\/022).<\/p>\n<\/td>\n<td style=\"border: 0px solid #CCC;padding: 0.5em;vertical-align: top;width: 45%\" colspan=\"1\"><img loading=\"lazy\" src=\"https:\/\/satdi.umh.es\/files\/2024\/10\/imagen_Placa-IDIFEDER_2020_022_CMOS_IDiBE-2021.png\" alt=\"Imagen Placa IDIFEDER-2020_022 CMOS IDiBE-2021\" width=\"100%\" height=\"100%\" \/><\/td>\n<\/tr>\n<\/tbody>\n<\/table>\n<p>    <!-- TABLA - FINANCIACION - FIN --><\/p><\/div>\n<p>    <!-- DIV 6 - FINANCIACION - FIN--><\/p>\n<p>    <!--**********************************************************--><br \/>\n    <!--**********************************************************--><\/p>\n<p>    <!-- DIV SEPARADOR - INICIO --><\/p>\n<div style=\"border: 0px solid #CCC;padding: 0em;margin: 0em 0em 0em 0em;float: left;width: 100%;height: 5em;vertical-align: top\"> <\/div>\n<p>    <!-- DIV SEPARADOR - FIN --><\/p>\n<p>    <!--**********************************************************--><\/p>\n<p>    <!-- DIV BARRA GRIS IZQUIERDA - INICIO --><\/p>\n<div style=\"border: 2px solid #CCC;padding: 0em;margin: 0em 0em 0em 0em;float: left;width: 30%;height: 0em;vertical-align: top\"> <\/div>\n<p>    <!-- DIV BARRA GRIS IZQUIERDA - FIN --><\/p>\n<p>    <!--**********************************************************--><\/p>\n<p>    <!-- DIV 7 - ENLACES - INICIO--><\/p>\n<div style=\"border: 0px solid #CCC;background-color: none;padding: 0em;margin: 0em 0em 0em 0em;float: left;width: 100%;vertical-align: top\">\n<p>    <!-- DIV ENLACES - NOMBRE - INICIO --><\/p>\n<div style=\"border: 0px solid #CCC;padding-left: 1.5em;margin: 0em 0em 0em 0em;float: left;width: 100%;vertical-align: middle\">\n<p style=\"color: #666666;font-size: 1.5em\" align=\"justify\"><strong>Enlaces<\/strong><\/p>\n<\/p><\/div>\n<p>    <!-- DIV ENLACES - NOMBRE - FIN --><\/p>\n<div style=\"border: 0px solid #CCC;padding: 0em;margin: 0em 0em 0em 0em;float: left;width: 100%\">\n<ul>\n<li>Web del IDiBE (<a href=\"https:\/\/idibe.umh.es\/es\/servicios\/cmos-mea5000\/\" target=\"_blank\" rel=\"noopener\">enlace<\/a>)<\/li>\n<\/ul><\/div>\n<\/p><\/div>\n<p>    <!-- DIV 7 - ENLACES - FIN--><\/p>\n<p>    <!--**********************************************************--><br \/>\n    <!--**********************************************************--><\/p>\n<p>    <!--**********************************************************--><\/p>\n<p>    <!-- DIV SEPARADOR - INICIO --><\/p>\n<div style=\"border: 0px solid #CCC;padding: 0em;margin: 0em 0em 0em 0em;float: left;width: 100%;height: 5em;vertical-align: top\"> <\/div>\n<p>    <!-- DIV SEPARADOR - FIN --><\/p>\n<p>    <!--**********************************************************--><\/p><\/div>\n<p>    <!-- DIV 1 - CONTENEDOR CONTENIDO - FIN --><\/p>\n<p>    <!--**********************************************************--><\/p><\/div>\n<p>    <!-- DIV 0 - CONTENEDOR PRINCIPAL - FIN --><br \/>\n    <\/p>","protected":false},"excerpt":{"rendered":"\n<p>Equipamiento<\/p>\n<p>Sistema de registro y estimulaci\u00f3n multicanal<\/p>\n<p>CMOS-MEA5000 (Multichannel Systems)<\/p>\n<p>Campus de ELCHE<\/p>\n<p>Sistema de registro y estimulaci\u00f3n para aplicaciones in vitro que [&#8230;]<\/p>\n","protected":false},"author":5414,"featured_media":0,"parent":11495,"menu_order":0,"comment_status":"closed","ping_status":"closed","template":"","meta":{"_links_to":"","_links_to_target":""},"_links":{"self":[{"href":"https:\/\/satdi.umh.es\/en\/wp-json\/wp\/v2\/pages\/8445"}],"collection":[{"href":"https:\/\/satdi.umh.es\/en\/wp-json\/wp\/v2\/pages"}],"about":[{"href":"https:\/\/satdi.umh.es\/en\/wp-json\/wp\/v2\/types\/page"}],"author":[{"embeddable":true,"href":"https:\/\/satdi.umh.es\/en\/wp-json\/wp\/v2\/users\/5414"}],"replies":[{"embeddable":true,"href":"https:\/\/satdi.umh.es\/en\/wp-json\/wp\/v2\/comments?post=8445"}],"version-history":[{"count":0,"href":"https:\/\/satdi.umh.es\/en\/wp-json\/wp\/v2\/pages\/8445\/revisions"}],"up":[{"embeddable":true,"href":"https:\/\/satdi.umh.es\/en\/wp-json\/wp\/v2\/pages\/11495"}],"wp:attachment":[{"href":"https:\/\/satdi.umh.es\/en\/wp-json\/wp\/v2\/media?parent=8445"}],"curies":[{"name":"wp","href":"https:\/\/api.w.org\/{rel}","templated":true}]}}